{"id":1024837,"date":"2024-06-17T15:53:28","date_gmt":"2024-06-17T07:53:28","guid":{"rendered":"https:\/\/vimaterial.de\/product\/seleniuro-de-wolframio\/"},"modified":"2024-10-12T14:44:38","modified_gmt":"2024-10-12T06:44:38","slug":"seleniuro-de-wolframio","status":"publish","type":"product","link":"https:\/\/vimaterial.de\/es\/product\/seleniuro-de-wolframio\/","title":{"rendered":"Seleniuro de tungsteno"},"content":{"rendered":"<p>El objetivo de diseleniuro de tungsteno (WSe\u2082) es un material de recubrimiento importante.<\/p>\n<p>&nbsp;<\/p>\n<p>Informaci\u00f3n b\u00e1sica:<\/p>\n<p>&nbsp;<\/p>\n<p>F\u00f3rmula qu\u00edmica: WSe\u2082, compuesto por dos elementos, tungsteno (W) y selenio (Se).<\/p>\n<p>N\u00famero de inicio de sesi\u00f3n CAS: 12067-46-8.<\/p>\n<p>Aspecto: Suele aparecer un s\u00f3lido cristalino de color gris azulado.<\/p>\n<p>Densidad: La densidad te\u00f3rica es de unos 9,32 g\/cm\u00b3.<\/p>\n<p>Punto de fusi\u00f3n: Informaci\u00f3n como el punto de fusi\u00f3n del material no se menciona expl\u00edcitamente en algunos de los datos, pero generalmente tiene una alta estabilidad t\u00e9rmica.<\/p>\n<p>Solubilidad: Insoluble en agua y en la mayor\u00eda de los disolventes org\u00e1nicos.<\/p>\n<p>Propiedades qu\u00edmicas: Buena estabilidad qu\u00edmica en aire y agua.<\/p>\n<p>&nbsp;<\/p>\n<p>M\u00e9todo de preparaci\u00f3n:<\/p>\n<p>&nbsp;<\/p>\n<p>Deposici\u00f3n qu\u00edmica de vapor (CVD): Al hacer reaccionar el gas precursor que contiene tungsteno y selenio a alta temperatura, se deposita en el sustrato para formar una pel\u00edcula de seleniuro de tungsteno, y luego la pel\u00edcula se quita del sustrato para obtener el material objetivo de seleniuro de tungsteno.<\/p>\n<p>&nbsp;<\/p>\n<p>M\u00e9todo de sinterizaci\u00f3n por prensado en caliente: el polvo de tungsteno y el polvo de selenio se mezclan en una cierta proporci\u00f3n, se sinterizan a alta temperatura y alta presi\u00f3n para obtener el material objetivo WSe\u2082.<\/p>\n<p>&nbsp;<\/p>\n<p>Campo de aplicaci\u00f3n:<\/p>\n<p>&nbsp;<\/p>\n<p>Campo semiconductor: El selenuro de tungsteno es un material semiconductor con una banda prohibida de aproximadamente 1,5 eV, que tiene aplicaciones potenciales en la fabricaci\u00f3n de dispositivos semiconductores, como transistores de efecto de campo (FET), fotodetectores, etc.<\/p>\n<p>&nbsp;<\/p>\n<p>Campo \u00f3ptico: debido a su estructura electr\u00f3nica especial y propiedades \u00f3pticas, se puede utilizar en dispositivos \u00f3pticos como recubrimientos \u00f3pticos y l\u00e1seres, lo que puede mejorar el rendimiento de los dispositivos \u00f3pticos.<\/p>\n<p>&nbsp;<\/p>\n<p>Campo de la bater\u00eda: Seleniuro de tungsteno se puede utilizar como material de electrodo para bater\u00edas de litio-azufre, etc., para mejorar la estabilidad del ciclo y el rendimiento de la tasa de la bater\u00eda.<\/p>\n<p>&nbsp;<\/p>\n<p>Campo de recubrimiento: Como objetivo de la pulverizaci\u00f3n cat\u00f3dica de magnetr\u00f3n, la evaporaci\u00f3n por haz de electrones y otras tecnolog\u00edas de recubrimiento, se utiliza para depositar pel\u00edculas WSe\u2082 en varios sustratos para preparar pel\u00edculas funcionales con propiedades especiales, como capas de absorci\u00f3n para c\u00e9lulas solares, capas sensibles para sensores, etc.<\/p>\n","protected":false},"excerpt":{"rendered":"<p>El objetivo de diseleniuro de tungsteno (WSe\u2082) es un material de recubrimiento importante.<\/p>\n<p>Campo semiconductor: El selenuro de tungsteno es un material semiconductor con una banda prohibida de aproximadamente 1,5 eV, que tiene aplicaciones potenciales en la fabricaci\u00f3n de dispositivos semiconductores, como transistores de efecto de campo (FET), fotodetectores, etc.<\/p>\n<p>Campo \u00f3ptico: debido a su estructura electr\u00f3nica especial y propiedades \u00f3pticas, se puede utilizar en dispositivos \u00f3pticos como recubrimientos \u00f3pticos y l\u00e1seres, lo que puede mejorar el rendimiento de los dispositivos \u00f3pticos.<\/p>\n<p>&nbsp;<\/p>\n","protected":false},"featured_media":1033302,"comment_status":"open","ping_status":"closed","template":"","meta":{"_acf_changed":false},"product_brand":[],"product_cat":[178],"product_tag":[],"class_list":{"0":"post-1024837","1":"product","2":"type-product","3":"status-publish","4":"has-post-thumbnail","6":"product_cat-catodos-para-sputtering-planar","8":"first","9":"instock","10":"shipping-taxable","11":"product-type-variable"},"acf":[],"_links":{"self":[{"href":"https:\/\/vimaterial.de\/es\/wp-json\/wp\/v2\/product\/1024837","targetHints":{"allow":["GET"]}}],"collection":[{"href":"https:\/\/vimaterial.de\/es\/wp-json\/wp\/v2\/product"}],"about":[{"href":"https:\/\/vimaterial.de\/es\/wp-json\/wp\/v2\/types\/product"}],"replies":[{"embeddable":true,"href":"https:\/\/vimaterial.de\/es\/wp-json\/wp\/v2\/comments?post=1024837"}],"wp:featuredmedia":[{"embeddable":true,"href":"https:\/\/vimaterial.de\/es\/wp-json\/wp\/v2\/media\/1033302"}],"wp:attachment":[{"href":"https:\/\/vimaterial.de\/es\/wp-json\/wp\/v2\/media?parent=1024837"}],"wp:term":[{"taxonomy":"product_brand","embeddable":true,"href":"https:\/\/vimaterial.de\/es\/wp-json\/wp\/v2\/product_brand?post=1024837"},{"taxonomy":"product_cat","embeddable":true,"href":"https:\/\/vimaterial.de\/es\/wp-json\/wp\/v2\/product_cat?post=1024837"},{"taxonomy":"product_tag","embeddable":true,"href":"https:\/\/vimaterial.de\/es\/wp-json\/wp\/v2\/product_tag?post=1024837"}],"curies":[{"name":"wp","href":"https:\/\/api.w.org\/{rel}","templated":true}]}}