{"id":1024798,"date":"2024-06-17T15:53:29","date_gmt":"2024-06-17T07:53:29","guid":{"rendered":"https:\/\/vimaterial.de\/product\/teluro-de-wolframio-2\/"},"modified":"2024-10-12T10:09:49","modified_gmt":"2024-10-12T02:09:49","slug":"telururo-de-tungsteno-2","status":"publish","type":"product","link":"https:\/\/vimaterial.de\/es\/product\/telururo-de-tungsteno-2\/","title":{"rendered":"Telururo de tungsteno"},"content":{"rendered":"<p>El polvo de telururo de tungsteno es un polvo compuesto inorg\u00e1nico compuesto por dos elementos, tungsteno (W) y telurio (Te).<\/p>\n<p>&nbsp;<\/p>\n<p>Propiedades b\u00e1sicas:<\/p>\n<p>&nbsp;<\/p>\n<p>F\u00f3rmula qu\u00edmica: WTe\u2082.<\/p>\n<p>Peso molecular: 439.04.<\/p>\n<p>Aspecto: polvo negro gris\u00e1ceo a temperatura y presi\u00f3n normales.<\/p>\n<p>Densidad: Relativamente alta, alrededor de 9,43 g\/cm\u00b3.<\/p>\n<p>Punto de fusi\u00f3n: alto, alrededor de 1127 \u00b0 C.<\/p>\n<p>Estructura cristalina: estructura estratificada. En su c\u00e9lula ortogonal, la cadena de tungsteno es unidimensional a lo largo del eje A de la capa de telurio. Esta estructura especial le da al polvo de telururo de tungsteno propiedades f\u00edsicas y qu\u00edmicas \u00fanicas en ciertas direcciones.<\/p>\n<p>&nbsp;<\/p>\n<p>Propiedades f\u00edsicas:<\/p>\n<p>&nbsp;<\/p>\n<p>Conductividad el\u00e9ctrica: Es un material semimet\u00e1lico no magn\u00e9tico con buena conductividad el\u00e9ctrica.<\/p>\n<p>&nbsp;<\/p>\n<p>Caracter\u00edsticas de magnetorresistencia: Tiene una magnetorresistencia muy grande y sus caracter\u00edsticas de magnetorresistencia son muy \u00fanicas a baja temperatura y alta intensidad de campo magn\u00e9tico.<\/p>\n<p>&nbsp;<\/p>\n<p>M\u00e9todos de preparaci\u00f3n: Los m\u00e9todos de preparaci\u00f3n comunes incluyen pulvimetalurgia, fusi\u00f3n al vac\u00edo, deposici\u00f3n qu\u00edmica de vapor, etc.<\/p>\n<p>&nbsp;<\/p>\n<p>El m\u00e9todo de pulvimetalurgia consiste en mezclar polvo de tungsteno y polvo de telurio de acuerdo con una cierta proporci\u00f3n, a trav\u00e9s de prensado, sinterizaci\u00f3n y otros procesos para preparar;<\/p>\n<p>&nbsp;<\/p>\n<p>El m\u00e9todo de fusi\u00f3n al vac\u00edo consiste en calentar tungsteno y telurio a alta temperatura en un entorno de vac\u00edo para derretirse y luego enfriarse y solidificarse;<\/p>\n<p>&nbsp;<\/p>\n<p>El m\u00e9todo de deposici\u00f3n qu\u00edmica de vapor es el uso de reacciones qu\u00edmicas para depositar polvo de telururo de tungsteno en el sustrato.<\/p>\n<p>&nbsp;<\/p>\n<p>Campo de aplicaci\u00f3n:<\/p>\n<p>&nbsp;<\/p>\n<p>Campo semiconductor: Telururo de tungsteno se puede utilizar para preparar dispositivos semiconductores, como transistores. Su estructura electr\u00f3nica especial y sus propiedades el\u00e9ctricas hacen que tenga un valor de aplicaci\u00f3n potencial en la electr\u00f3nica de semiconductores.<\/p>\n<p>&nbsp;<\/p>\n<p>El campo de la tecnolog\u00eda cu\u00e1ntica:Telururo de tungsteno es de gran importancia para el desarrollo de la tecnolog\u00eda cu\u00e1ntica, por ejemplo, puede tener perspectivas de aplicaci\u00f3n en computaci\u00f3n cu\u00e1ntica, comunicaci\u00f3n cu\u00e1ntica, etc.<\/p>\n<p>&nbsp;<\/p>\n<p>Campo de almacenamiento de energ\u00eda: Telururo de tungsteno se puede utilizar como material de electrodo en dispositivos de almacenamiento de energ\u00eda como supercondensadores y bater\u00edas, y su buena conductividad el\u00e9ctrica y propiedades f\u00edsicas \u00fanicas se pueden utilizar para mejorar el rendimiento de los dispositivos de almacenamiento de energ\u00eda.<\/p>\n<p>&nbsp;<\/p>\n<p>Campo sensor: Debido a su sensibilidad a los campos magn\u00e9ticos, se puede utilizar para preparar sensores magn\u00e9ticos y otros dispositivos.<\/p>\n","protected":false},"excerpt":{"rendered":"<p>El polvo de teluro de tungsteno es un polvo compuesto inorg\u00e1nico compuesto por dos elementos, tungsteno (W) y telurio (Te).<\/p>\n<p>Campo semiconductor: Telururo de tungsteno se puede utilizar para preparar dispositivos semiconductores, como transistores. Su estructura electr\u00f3nica especial y sus propiedades el\u00e9ctricas hacen que tenga un valor de aplicaci\u00f3n potencial en la electr\u00f3nica de semiconductores.<\/p>\n<p>El campo de la tecnolog\u00eda cu\u00e1ntica:Telururo de tungsteno es de gran importancia para el desarrollo de la tecnolog\u00eda cu\u00e1ntica, por ejemplo, puede tener perspectivas de aplicaci\u00f3n en computaci\u00f3n cu\u00e1ntica, comunicaci\u00f3n cu\u00e1ntica, etc.<\/p>\n","protected":false},"featured_media":1033322,"comment_status":"open","ping_status":"closed","template":"","meta":{"_acf_changed":false},"product_brand":[],"product_cat":[181],"product_tag":[],"class_list":{"0":"post-1024798","1":"product","2":"type-product","3":"status-publish","4":"has-post-thumbnail","6":"product_cat-materiales-calcogenuros","8":"first","9":"instock","10":"shipping-taxable","11":"purchasable","12":"product-type-variable"},"acf":[],"_links":{"self":[{"href":"https:\/\/vimaterial.de\/es\/wp-json\/wp\/v2\/product\/1024798","targetHints":{"allow":["GET"]}}],"collection":[{"href":"https:\/\/vimaterial.de\/es\/wp-json\/wp\/v2\/product"}],"about":[{"href":"https:\/\/vimaterial.de\/es\/wp-json\/wp\/v2\/types\/product"}],"replies":[{"embeddable":true,"href":"https:\/\/vimaterial.de\/es\/wp-json\/wp\/v2\/comments?post=1024798"}],"wp:featuredmedia":[{"embeddable":true,"href":"https:\/\/vimaterial.de\/es\/wp-json\/wp\/v2\/media\/1033322"}],"wp:attachment":[{"href":"https:\/\/vimaterial.de\/es\/wp-json\/wp\/v2\/media?parent=1024798"}],"wp:term":[{"taxonomy":"product_brand","embeddable":true,"href":"https:\/\/vimaterial.de\/es\/wp-json\/wp\/v2\/product_brand?post=1024798"},{"taxonomy":"product_cat","embeddable":true,"href":"https:\/\/vimaterial.de\/es\/wp-json\/wp\/v2\/product_cat?post=1024798"},{"taxonomy":"product_tag","embeddable":true,"href":"https:\/\/vimaterial.de\/es\/wp-json\/wp\/v2\/product_tag?post=1024798"}],"curies":[{"name":"wp","href":"https:\/\/api.w.org\/{rel}","templated":true}]}}