{"id":1024764,"date":"2024-06-17T15:53:29","date_gmt":"2024-06-17T07:53:29","guid":{"rendered":"https:\/\/vimaterial.de\/product\/teluro-de-wolframio\/"},"modified":"2024-10-12T09:32:34","modified_gmt":"2024-10-12T01:32:34","slug":"telururo-de-tungsteno","status":"publish","type":"product","link":"https:\/\/vimaterial.de\/es\/product\/telururo-de-tungsteno\/","title":{"rendered":"Telururo de tungsteno"},"content":{"rendered":"<p>El objetivo de teluro de tungsteno es un objetivo importante de pulverizaci\u00f3n cat\u00f3dica.<\/p>\n<p>&nbsp;<\/p>\n<p>Informaci\u00f3n b\u00e1sica:<\/p>\n<p>&nbsp;<\/p>\n<p>Composici\u00f3n: Compuesto por dos elementos, tungsteno (W) y telurio (Te), f\u00f3rmula qu\u00edmica WTe\u2082.<\/p>\n<p>Apariencia: Por lo general, s\u00f3lido en bloques gris o negro, el color y la apariencia espec\u00edficos pueden variar seg\u00fan el m\u00e9todo de preparaci\u00f3n y la pureza.<\/p>\n<p>Pureza: Los niveles de pureza comunes son 99.9%, 99.99%, etc. Los objetivos de telururo de tungsteno de alta pureza son muy importantes para garantizar la calidad y el rendimiento de las pel\u00edculas pulverizadas.<\/p>\n<p>Dureza: Tiene cierta dureza y puede soportar el bombardeo de iones durante la pulverizaci\u00f3n cat\u00f3dica.<\/p>\n<p>Conductividad el\u00e9ctrica: Tiene una buena conductividad el\u00e9ctrica, que es muy importante para la transferencia de carga y la uniformidad de la pel\u00edcula durante la pulverizaci\u00f3n cat\u00f3dica.<\/p>\n<p>&nbsp;<\/p>\n<p>M\u00e9todo de preparaci\u00f3n:<\/p>\n<p>&nbsp;<\/p>\n<p>M\u00e9todo de pulvimetalurgia: el polvo de tungsteno y el polvo de telurio se mezclan de acuerdo con una cierta proporci\u00f3n, y luego el material objetivo se prepara mediante prensado, sinterizaci\u00f3n y otros procesos.<\/p>\n<p>&nbsp;<\/p>\n<p>M\u00e9todo de fusi\u00f3n al vac\u00edo: Calentar tungsteno y telurio a altas temperaturas en un entorno de vac\u00edo para derretirlos, y luego enfriar y solidificar en objetivos.<\/p>\n<p>&nbsp;<\/p>\n<p>Deposici\u00f3n f\u00edsica de vapor: primero se prepara la pel\u00edcula delgada de teluro de tungsteno y luego se quita la pel\u00edcula delgada del sustrato para hacer el material objetivo.<\/p>\n<p>&nbsp;<\/p>\n<p>Campo de aplicaci\u00f3n:<\/p>\n<p>&nbsp;<\/p>\n<p>Campo semiconductor: se puede utilizar para preparar dispositivos semiconductores, como transistores, circuitos integrados, etc.<\/p>\n<p>&nbsp;<\/p>\n<p>Campo \u00f3ptico: Se utiliza para preparar pel\u00edculas \u00f3pticas, como pel\u00edculas antirreflectantes, pel\u00edculas reflectantes, etc.<\/p>\n<p>&nbsp;<\/p>\n<p>Nuevo campo de energ\u00eda: Tambi\u00e9n se utiliza en nuevos campos de energ\u00eda como las c\u00e9lulas solares y las pilas de combustible. Por ejemplo, en las c\u00e9lulas solares, el teluro de tungsteno se puede utilizar como material de electrodo o como material de pel\u00edcula delgada para mejorar la eficiencia de conversi\u00f3n de las c\u00e9lulas solares.<\/p>\n<p>&nbsp;<\/p>\n<p>La investigaci\u00f3n ha encontrado que el telururo de tungsteno tiene propiedades superconductoras a bajas temperaturas, por lo que tambi\u00e9n ha recibido atenci\u00f3n en el campo de la superconductividad. Los objetivos de teluro de tungsteno se pueden utilizar para preparar pel\u00edculas delgadas superconductoras o dispositivos superconductores, proporcionando apoyo material para el desarrollo de la tecnolog\u00eda superconductora.<\/p>\n<p>&nbsp;<\/p>\n<p>&nbsp;<\/p>\n<p>Con el r\u00e1pido desarrollo de los semiconductores, la \u00f3ptica, las nuevas energ\u00edas y otros campos, la demanda de materiales de alto rendimiento est\u00e1 aumentando. Como material con propiedades \u00fanicas, los blancos de telururo de tungsteno tienen amplias perspectivas de mercado. Al mismo tiempo, con el progreso continuo de la tecnolog\u00eda de preparaci\u00f3n, la calidad y el rendimiento de los objetivos de teluro de tungsteno continuar\u00e1n mejorando, y el costo se reducir\u00e1 gradualmente, promoviendo a\u00fan m\u00e1s su aplicaci\u00f3n en varios campos.<\/p>\n","protected":false},"excerpt":{"rendered":"<p>El objetivo de teluro de tungsteno es un objetivo importante de pulverizaci\u00f3n cat\u00f3dica.<\/p>\n<p>Con el r\u00e1pido desarrollo de los semiconductores, la \u00f3ptica, las nuevas energ\u00edas y otros campos, la demanda de materiales de alto rendimiento est\u00e1 aumentando. Como material con propiedades \u00fanicas, los blancos de telururo de tungsteno tienen amplias perspectivas de mercado. Al mismo tiempo, con el progreso continuo de la tecnolog\u00eda de preparaci\u00f3n, la calidad y el rendimiento de los objetivos de teluro de tungsteno continuar\u00e1n mejorando, y el costo se reducir\u00e1 gradualmente, promoviendo a\u00fan m\u00e1s su aplicaci\u00f3n en varios campos.<\/p>\n<p>&nbsp;<\/p>\n","protected":false},"featured_media":1033327,"comment_status":"open","ping_status":"closed","template":"","meta":{"_acf_changed":false},"product_brand":[],"product_cat":[178],"product_tag":[],"class_list":{"0":"post-1024764","1":"product","2":"type-product","3":"status-publish","4":"has-post-thumbnail","6":"product_cat-catodos-para-sputtering-planar","8":"first","9":"instock","10":"shipping-taxable","11":"product-type-variable"},"acf":[],"_links":{"self":[{"href":"https:\/\/vimaterial.de\/es\/wp-json\/wp\/v2\/product\/1024764","targetHints":{"allow":["GET"]}}],"collection":[{"href":"https:\/\/vimaterial.de\/es\/wp-json\/wp\/v2\/product"}],"about":[{"href":"https:\/\/vimaterial.de\/es\/wp-json\/wp\/v2\/types\/product"}],"replies":[{"embeddable":true,"href":"https:\/\/vimaterial.de\/es\/wp-json\/wp\/v2\/comments?post=1024764"}],"wp:featuredmedia":[{"embeddable":true,"href":"https:\/\/vimaterial.de\/es\/wp-json\/wp\/v2\/media\/1033327"}],"wp:attachment":[{"href":"https:\/\/vimaterial.de\/es\/wp-json\/wp\/v2\/media?parent=1024764"}],"wp:term":[{"taxonomy":"product_brand","embeddable":true,"href":"https:\/\/vimaterial.de\/es\/wp-json\/wp\/v2\/product_brand?post=1024764"},{"taxonomy":"product_cat","embeddable":true,"href":"https:\/\/vimaterial.de\/es\/wp-json\/wp\/v2\/product_cat?post=1024764"},{"taxonomy":"product_tag","embeddable":true,"href":"https:\/\/vimaterial.de\/es\/wp-json\/wp\/v2\/product_tag?post=1024764"}],"curies":[{"name":"wp","href":"https:\/\/api.w.org\/{rel}","templated":true}]}}