{"id":1024671,"date":"2024-06-17T15:44:03","date_gmt":"2024-06-17T07:44:03","guid":{"rendered":"https:\/\/vimaterial.de\/product\/oxido-de-telurio-iv-3\/"},"modified":"2025-09-24T15:25:40","modified_gmt":"2025-09-24T07:25:40","slug":"oxido-de-telurio","status":"publish","type":"product","link":"https:\/\/vimaterial.de\/es\/product\/oxido-de-telurio\/","title":{"rendered":"\u00d3xido de telurio (IV)"},"content":{"rendered":"<h2><span style=\"font-size: 14pt;\">Descripci\u00f3n general del polvo de \u00f3xido de telurio<\/span><\/h2>\n<p>El polvo de<span style=\"color: #0000ff;\"><a style=\"color: #0000ff;\" href=\"https:\/\/vimaterial.de\/es\/search\/?type=name&#038;keyword=teo2\"> \u00f3xido de telurio<\/a> <\/span>(TeO\u2082) es un material inorg\u00e1nico avanzado ampliamente utilizado en aplicaciones \u00f3pticas, electr\u00f3nicas y fot\u00f3nicas. Gracias a sus propiedades \u00f3pticas \u00fanicas, su alto \u00edndice de refracci\u00f3n y su potente efecto ac\u00fastico-\u00f3ptico, el polvo de TeO\u2082 desempe\u00f1a un papel fundamental en dispositivos ac\u00fastico-\u00f3pticos, \u00f3ptica infrarroja, aditivos para vidrio e investigaci\u00f3n de semiconductores.<\/p>\n<p>En <span style=\"color: #0000ff;\"><a style=\"color: #0000ff;\" href=\"https:\/\/vimaterial.de\/es\/contacto\/\">VIMATERIAL,<\/a><\/span> suministramos polvo de TeO\u2082 de alta pureza (grados 4N y 5N) con un estricto control de impurezas, una distribuci\u00f3n uniforme de part\u00edculas y un empaque personalizable para satisfacer las necesidades tanto de la investigaci\u00f3n como de la industria.<\/p>\n<h2><span style=\"font-size: 14pt;\">Especificaciones t\u00e9cnicas<\/span><\/h2>\n<table style=\"border-collapse: collapse; width: 65.5031%; height: 264px;\">\n<tbody>\n<tr style=\"height: 24px;\">\n<td style=\"width: 25.3593%; height: 24px; text-align: center;\">Art\u00edculo<\/td>\n<td style=\"width: 42.9124%; height: 24px; text-align: center;\">Par\u00e1metros<\/td>\n<\/tr>\n<tr style=\"height: 24px;\">\n<td style=\"width: 25.3593%; height: 24px; text-align: center;\">F\u00f3rmula qu\u00edmica<\/td>\n<td style=\"width: 42.9124%; height: 24px; text-align: center;\">TeO\u2082<\/td>\n<\/tr>\n<tr style=\"height: 24px;\">\n<td style=\"width: 25.3593%; height: 24px; text-align: center;\">Peso molecular<\/td>\n<td style=\"width: 42.9124%; height: 24px; text-align: center;\">159,60 g\/mol<\/td>\n<\/tr>\n<tr style=\"height: 24px;\">\n<td style=\"width: 25.3593%; height: 24px; text-align: center;\"><span style=\"color: #0000ff;\"><a style=\"color: #0000ff;\" href=\"https:\/\/en.wikipedia.org\/wiki\/Crystal_structure\" rel=\"nofollow noopener\" target=\"_blank\">Estructura cristalina<\/a><\/span><\/td>\n<td style=\"width: 42.9124%; height: 24px; text-align: center;\">Ortorr\u00f3mbica (fase paratelur\u00edtica)<\/td>\n<\/tr>\n<tr style=\"height: 24px;\">\n<td style=\"width: 25.3593%; height: 24px; text-align: center;\">Apariencia<\/td>\n<td style=\"width: 42.9124%; height: 24px; text-align: center;\">Polvo blanco a blanquecino<\/td>\n<\/tr>\n<tr style=\"height: 24px;\">\n<td style=\"width: 25.3593%; height: 24px; text-align: center;\">Pureza<\/td>\n<td style=\"width: 42.9124%; height: 24px; text-align: center;\">99,99 % (4N), 99,999 % (5N)<\/td>\n<\/tr>\n<tr style=\"height: 24px;\">\n<td style=\"width: 25.3593%; height: 24px; text-align: center;\">Control de impurezas<\/td>\n<td style=\"width: 42.9124%; height: 24px; text-align: center;\">Cu, Fe, Zn, Pb, Ag &lt; 10 ppm (t\u00edpico para grado 4N)<br \/>\nCu, Fe, Zn, Pb, Ag &lt; 1 ppm (t\u00edpico para grado 5N)<\/td>\n<\/tr>\n<tr style=\"height: 24px;\">\n<td style=\"width: 25.3593%; height: 24px; text-align: center;\">Densidad<\/td>\n<td style=\"width: 42.9124%; height: 24px; text-align: center;\">5,67 g\/cm\u00b3<\/td>\n<\/tr>\n<tr style=\"height: 24px;\">\n<td style=\"width: 25.3593%; height: 24px; text-align: center;\">Punto de fusi\u00f3n<\/td>\n<td style=\"width: 42.9124%; height: 24px; text-align: center;\">~733 \u00b0C<\/td>\n<\/tr>\n<tr style=\"height: 24px;\">\n<td style=\"width: 25.3593%; height: 24px; text-align: center;\">Punto de ebullici\u00f3n\/descomposici\u00f3n<\/td>\n<td style=\"width: 42.9124%; height: 24px; text-align: center;\">Se descompone por encima de 1240 \u00b0C<\/td>\n<\/tr>\n<tr style=\"height: 24px;\">\n<td style=\"width: 25.3593%; height: 24px; text-align: center;\">Tama\u00f1o de part\u00edcula<\/td>\n<td style=\"width: 42.9124%; height: 24px; text-align: center;\">personalizable<\/td>\n<\/tr>\n<tr>\n<td style=\"width: 25.3593%; text-align: center;\">Envase<\/td>\n<td style=\"width: 42.9124%; text-align: center;\">Frascos sellados al vac\u00edo<\/td>\n<\/tr>\n<\/tbody>\n<\/table>\n<h2>\n<span style=\"font-size: 14pt;\">Aplicaciones del polvo de TeO\u2082<\/span><\/h2>\n<p><strong>Ac\u00fastico-\u00f3ptico Dispositivos:<\/strong> Los monocristales y polvos de di\u00f3xido de telurio (TeO\u2082) se utilizan ampliamente en moduladores, deflectores y filtros debido a su potente efecto ac\u00fastico-\u00f3ptico.<\/p>\n<p><strong>\u00d3ptica infrarroja:<\/strong> Materiales transmisores de infrarrojos, ventanas y recubrimientos \u00f3pticos.<\/p>\n<p><strong>Vidrio y cer\u00e1mica:<\/strong> Aditivos para vidrios especiales, fibras \u00f3pticas y cer\u00e1micas funcionales.<\/p>\n<p><strong>Semiconductores:<\/strong> Se utilizan en la deposici\u00f3n de pel\u00edculas delgadas, la fot\u00f3nica y la investigaci\u00f3n electr\u00f3nica.<\/p>\n<h2><span style=\"font-size: 14pt;\">Ventajas de nuestro polvo de di\u00f3xido de telurio<\/span><\/h2>\n<p>Grados de alta pureza (4N, 5N) con estricto control de impurezas<\/p>\n<p>Estructura cristalina ortorr\u00f3mbica estable<\/p>\n<p>Tama\u00f1o de part\u00edcula personalizable (de nano a micras)<\/p>\n<p>Suministro confiable con capacidad de env\u00edo global<\/p>\n<p>Documentaci\u00f3n t\u00e9cnica completa (COA, MSDS, TDS)<\/p>\n<h2><span style=\"font-size: 14pt;\">\u00bfPor qu\u00e9 elegir VIMATERIAL?<\/span><\/h2>\n<p>Fabricante profesional de polvos de \u00f3xido avanzados y materiales de pulverizaci\u00f3n cat\u00f3dica<\/p>\n<p>Estricto sistema de gesti\u00f3n de calidad para un rendimiento constante del producto<\/p>\n<p>Entrega r\u00e1pida y atenci\u00f3n al cliente en todo el mundo<\/p>\n<p>Productos a medida para necesidades de investigaci\u00f3n e industriales<\/p>\n<h2><span style=\"font-size: 14pt;\">Preguntas frecuentes<\/span><\/h2>\n<p>P1: \u00bfQu\u00e9 grados de pureza est\u00e1n disponibles para el polvo de di\u00f3xido de telurio?<br \/>\nOfrecemos polvo de di\u00f3xido de telurio con purezas del 99,99 % (4N) y hasta el 99,999 % (5N). La pureza tambi\u00e9n se puede personalizar.<\/p>\n<p>P2: \u00bfCu\u00e1les son las principales aplicaciones del polvo de di\u00f3xido de telurio? Se utiliza en dispositivos ac\u00fastico-\u00f3pticos, \u00f3ptica infrarroja, vidrios especiales, cer\u00e1mica e investigaci\u00f3n de semiconductores.<\/p>\n<p>P3: \u00bfPueden suministrar polvo de TeO\u2082 nanom\u00e9trico?<br \/>\nS\u00ed, podemos suministrar polvo de TeO\u2082 nanoestructurado a petici\u00f3n.<\/p>\n<h2><span style=\"font-size: 14pt;\">Productos relacionados<\/span><\/h2>\n<p><span style=\"color: #0000ff;\"><a style=\"color: #0000ff;\" href=\"https:\/\/vimaterial.de\/es\/product\/telurio-metalico\/\">Polvo met\u00e1lico de telurio<\/a><\/span><\/p>\n<p><span style=\"color: #0000ff;\"><a style=\"color: #0000ff;\" href=\"https:\/\/vimaterial.de\/es\/product\/telurio-metalico-3\/\">Gr\u00e1nulos de telurio<\/a><\/span><\/p>\n<p><span style=\"color: #0000ff;\"><a style=\"color: #0000ff;\" href=\"https:\/\/vimaterial.de\/es\/product\/seo2\/\">Polvo de di\u00f3xido de selenio<\/a><\/span><\/p>\n","protected":false},"excerpt":{"rendered":"<p>El polvo de<span style=\"color: #0000ff;\"><a style=\"color: #0000ff;\" href=\"https:\/\/vimaterial.de\/es\/search\/?type=name&#038;keyword=teo2\"> \u00f3xido de telurio<\/a> <\/span>(TeO\u2082) es un material inorg\u00e1nico avanzado ampliamente utilizado en aplicaciones \u00f3pticas, electr\u00f3nicas y fot\u00f3nicas. Gracias a sus propiedades \u00f3pticas \u00fanicas, su alto \u00edndice de refracci\u00f3n y su potente efecto ac\u00fastico-\u00f3ptico, el polvo de TeO\u2082 desempe\u00f1a un papel fundamental en dispositivos ac\u00fastico-\u00f3pticos, \u00f3ptica infrarroja, aditivos para vidrio e investigaci\u00f3n de semiconductores.<\/p>\n<p>En <span style=\"color: #0000ff;\"><a style=\"color: #0000ff;\" href=\"https:\/\/vimaterial.de\/es\/contacto\/\">VIMATERIAL,<\/a><\/span> suministramos polvo de TeO\u2082 de alta pureza (grados 4N y 5N) con un estricto control de impurezas, una distribuci\u00f3n uniforme de part\u00edculas y un empaque personalizable para satisfacer las necesidades tanto de la investigaci\u00f3n como de la industria.<\/p>\n","protected":false},"featured_media":1032707,"comment_status":"open","ping_status":"closed","template":"","meta":{"_acf_changed":false},"product_brand":[],"product_cat":[186],"product_tag":[],"class_list":{"0":"post-1024671","1":"product","2":"type-product","3":"status-publish","4":"has-post-thumbnail","6":"product_cat-materiales-de-oxido-hidroxido","8":"first","9":"instock","10":"shipping-taxable","11":"purchasable","12":"product-type-variable"},"acf":[],"_links":{"self":[{"href":"https:\/\/vimaterial.de\/es\/wp-json\/wp\/v2\/product\/1024671","targetHints":{"allow":["GET"]}}],"collection":[{"href":"https:\/\/vimaterial.de\/es\/wp-json\/wp\/v2\/product"}],"about":[{"href":"https:\/\/vimaterial.de\/es\/wp-json\/wp\/v2\/types\/product"}],"replies":[{"embeddable":true,"href":"https:\/\/vimaterial.de\/es\/wp-json\/wp\/v2\/comments?post=1024671"}],"wp:featuredmedia":[{"embeddable":true,"href":"https:\/\/vimaterial.de\/es\/wp-json\/wp\/v2\/media\/1032707"}],"wp:attachment":[{"href":"https:\/\/vimaterial.de\/es\/wp-json\/wp\/v2\/media?parent=1024671"}],"wp:term":[{"taxonomy":"product_brand","embeddable":true,"href":"https:\/\/vimaterial.de\/es\/wp-json\/wp\/v2\/product_brand?post=1024671"},{"taxonomy":"product_cat","embeddable":true,"href":"https:\/\/vimaterial.de\/es\/wp-json\/wp\/v2\/product_cat?post=1024671"},{"taxonomy":"product_tag","embeddable":true,"href":"https:\/\/vimaterial.de\/es\/wp-json\/wp\/v2\/product_tag?post=1024671"}],"curies":[{"name":"wp","href":"https:\/\/api.w.org\/{rel}","templated":true}]}}