{"id":1024480,"date":"2024-06-17T15:53:32","date_gmt":"2024-06-17T07:53:32","guid":{"rendered":"https:\/\/vimaterial.de\/product\/osmio-metalico-2\/"},"modified":"2024-10-28T11:23:11","modified_gmt":"2024-10-28T03:23:11","slug":"osmio-metalico-2","status":"publish","type":"product","link":"https:\/\/vimaterial.de\/es\/product\/osmio-metalico-2\/","title":{"rendered":"Metal de osmio"},"content":{"rendered":"<p>Las part\u00edculas Metal de osmio son un material con propiedades \u00fanicas y una amplia gama de aplicaciones.<\/p>\n<h3>Informaci\u00f3n b\u00e1sica:<\/h3>\n<p>N\u00famero at\u00f3mico: 76.<\/p>\n<p>S\u00edmbolo: Os.<\/p>\n<p>Color y brillo: Las part\u00edculas de osmio suelen aparecer de color gris azulado o gris plateado con un brillo met\u00e1lico.<\/p>\n<p>Morfolog\u00eda de las part\u00edculas: Las part\u00edculas de osmio pueden tener la forma de polvo irregular, o pueden convertirse en formas esf\u00e9ricas, escamosas u otras formas regulares mediante t\u00e9cnicas de procesamiento espec\u00edficas.<\/p>\n<p>Densidad: El osmio es el metal m\u00e1s denso conocido en la tierra, con una densidad de aproximadamente 22,59 g\/cm\u00b3.<\/p>\n<p>Dureza: El osmio tiene una alta dureza, entre las m\u00e1s altas del grupo de metales del platino.<\/p>\n<p>Punto de fusi\u00f3n: 3033 \u00b0C.<\/p>\n<p>Punto de ebullici\u00f3n: 5012\u00b0C.<\/p>\n<p>Coeficiente de expansi\u00f3n t\u00e9rmica: El coeficiente de expansi\u00f3n t\u00e9rmica del osmio es relativamente peque\u00f1o, alrededor de 5,1\u00d710-\u2076\/K.<\/p>\n<h3>Campos de aplicaci\u00f3n<\/h3>\n<p>Cat\u00e1lisis de s\u00edntesis org\u00e1nica: Las part\u00edculas Metal de osmio desempe\u00f1an un papel importante como catalizadores eficientes en las reacciones de s\u00edntesis org\u00e1nica.<\/p>\n<p>Cat\u00e1lisis industrial: En la producci\u00f3n industrial, las part\u00edculas de osmio se pueden utilizar para catalizar una serie de reacciones qu\u00edmicas importantes, como las reacciones petroqu\u00edmicas de hidrogenaci\u00f3n y refinaci\u00f3n y las reacciones de s\u00edntesis de amon\u00edaco.<\/p>\n<p>Fabricaci\u00f3n de componentes electr\u00f3nicos: Las part\u00edculas Metal de osmio tienen buena conductividad el\u00e9ctrica y estabilidad t\u00e9rmica, se pueden utilizar en la fabricaci\u00f3n de componentes electr\u00f3nicos, como resistencias, condensadores, etc.<\/p>\n<p>Materiales el\u00e9ctricos: En algunos materiales el\u00e9ctricos especiales, como el elemento calefactor de los hornos de alta temperatura y el material del electrodo de los generadores termoel\u00e9ctricos, el alto punto de fusi\u00f3n y las propiedades termoel\u00e9ctricas de las part\u00edculas de osmio los convierten en una opci\u00f3n de material ideal.<\/p>\n<p>Materiales resistentes al desgaste: La alta dureza y la buena resistencia al desgaste de las part\u00edculas de osmio las hacen adecuadas para la fabricaci\u00f3n de materiales resistentes al desgaste. La adici\u00f3n de part\u00edculas de osmio a una matriz met\u00e1lica o cer\u00e1mica puede mejorar la resistencia al desgaste del material de la matriz, que se utiliza para fabricar herramientas de corte, cojinetes, moldes y otras piezas mec\u00e1nicas.<\/p>\n","protected":false},"excerpt":{"rendered":"<p>Las part\u00edculas Metal de osmio son un material con propiedades \u00fanicas y una amplia gama de aplicaciones.<\/p>\n<p>Cat\u00e1lisis de s\u00edntesis org\u00e1nica: Las part\u00edculas Metal de osmio desempe\u00f1an un papel importante como catalizadores eficientes en las reacciones de s\u00edntesis org\u00e1nica.<\/p>\n<p>Cat\u00e1lisis industrial: En la producci\u00f3n industrial, las part\u00edculas de osmio se pueden utilizar para catalizar una serie de reacciones qu\u00edmicas importantes, como las reacciones petroqu\u00edmicas de hidrogenaci\u00f3n y refinaci\u00f3n y las reacciones de s\u00edntesis de amon\u00edaco.<\/p>\n","protected":false},"featured_media":1033372,"comment_status":"open","ping_status":"closed","template":"","meta":{"_acf_changed":false},"product_brand":[],"product_cat":[179],"product_tag":[],"class_list":{"0":"post-1024480","1":"product","2":"type-product","3":"status-publish","4":"has-post-thumbnail","6":"product_cat-materiales-de-evaporacion","8":"first","9":"instock","10":"shipping-taxable","11":"product-type-variable"},"acf":[],"_links":{"self":[{"href":"https:\/\/vimaterial.de\/es\/wp-json\/wp\/v2\/product\/1024480","targetHints":{"allow":["GET"]}}],"collection":[{"href":"https:\/\/vimaterial.de\/es\/wp-json\/wp\/v2\/product"}],"about":[{"href":"https:\/\/vimaterial.de\/es\/wp-json\/wp\/v2\/types\/product"}],"replies":[{"embeddable":true,"href":"https:\/\/vimaterial.de\/es\/wp-json\/wp\/v2\/comments?post=1024480"}],"wp:featuredmedia":[{"embeddable":true,"href":"https:\/\/vimaterial.de\/es\/wp-json\/wp\/v2\/media\/1033372"}],"wp:attachment":[{"href":"https:\/\/vimaterial.de\/es\/wp-json\/wp\/v2\/media?parent=1024480"}],"wp:term":[{"taxonomy":"product_brand","embeddable":true,"href":"https:\/\/vimaterial.de\/es\/wp-json\/wp\/v2\/product_brand?post=1024480"},{"taxonomy":"product_cat","embeddable":true,"href":"https:\/\/vimaterial.de\/es\/wp-json\/wp\/v2\/product_cat?post=1024480"},{"taxonomy":"product_tag","embeddable":true,"href":"https:\/\/vimaterial.de\/es\/wp-json\/wp\/v2\/product_tag?post=1024480"}],"curies":[{"name":"wp","href":"https:\/\/api.w.org\/{rel}","templated":true}]}}