{"id":1024158,"date":"2024-06-17T15:44:08","date_gmt":"2024-06-17T07:44:08","guid":{"rendered":"https:\/\/vimaterial.de\/product\/ferrita-de-bario-2\/"},"modified":"2024-10-30T09:21:36","modified_gmt":"2024-10-30T01:21:36","slug":"ferrita-de-bario-2","status":"publish","type":"product","link":"https:\/\/vimaterial.de\/es\/product\/ferrita-de-bario-2\/","title":{"rendered":"Ferrita de bario"},"content":{"rendered":"<p>El polvo de BaFe\u2081\u2082O\u2081\u2089 es un material magn\u00e9tico importante.<\/p>\n<h3>Informaci\u00f3n b\u00e1sica:<\/h3>\n<p>F\u00f3rmula qu\u00edmica: BaFe\u2081\u2082O\u2081\u2089, compuesto por tres elementos: bario (Ba), hierro (Fe) y ox\u00edgeno (O).<\/p>\n<p>Masa molar: 1111.448 g\/mol.<\/p>\n<p>Aspecto: generalmente polvo negro o marr\u00f3n oscuro.<\/p>\n<p>Densidad: aprox. 5,28 g\/cm\u00b3.<\/p>\n<p>Punto de fusi\u00f3n: 1316 \u00b0C.<\/p>\n<p>Solubilidad: insoluble en agua, soluble en \u00e1cido clorh\u00eddrico caliente.<\/p>\n<p>Estructura cristalina: BaFe\u2081\u2082O\u2081\u2089 pertenece a la estructura de magnetita tipo M con simetr\u00eda hexagonal y pertenece al sistema cristalino hexagonal.<\/p>\n<h3>\u00c1reas de aplicaci\u00f3n:<\/h3>\n<p>Medios de grabaci\u00f3n magn\u00e9ticos: La ferrita de bario se puede utilizar en la fabricaci\u00f3n de cintas magn\u00e9ticas, as\u00ed como en dispositivos de grabaci\u00f3n magn\u00e9tica como unidades de disco duro, que son capaces de registrar y almacenar informaci\u00f3n de manera estable aprovechando su alta coercitividad y alta anisotrop\u00eda magnetocristalina.<\/p>\n<p>Materiales magn\u00e9ticos permanentes: ferrita de bario utilizada en la fabricaci\u00f3n de pel\u00edculas magn\u00e9ticas, imanes isotr\u00f3picos, imanes permanentes generadores, etc., que son ampliamente utilizados en motores de imanes permanentes.<\/p>\n<p>Equipo de comunicaci\u00f3n: Se puede utilizar como material de n\u00facleo magn\u00e9tico para equipos de comunicaci\u00f3n por radio, como antenas, filtros, etc., para mejorar el rendimiento de los equipos de comunicaci\u00f3n.<\/p>\n<p>Dispositivos de microondas: debido a sus propiedades magn\u00e9ticas y diel\u00e9ctricas especiales, se puede utilizar para fabricar dispositivos de microondas, como filtros de microondas, absorbentes de microondas, etc.<\/p>\n","protected":false},"excerpt":{"rendered":"<p>El polvo de BaFe\u2081\u2082O\u2081\u2089 es un material magn\u00e9tico importante.<\/p>\n<p>Medios de grabaci\u00f3n magn\u00e9ticos: La ferrita de bario se puede utilizar en la fabricaci\u00f3n de cintas magn\u00e9ticas, as\u00ed como en dispositivos de grabaci\u00f3n magn\u00e9tica como unidades de disco duro, que son capaces de registrar y almacenar informaci\u00f3n de manera estable aprovechando su alta coercitividad y alta anisotrop\u00eda magnetocristalina.<\/p>\n<p>Materiales magn\u00e9ticos permanentes: ferrita de bario utilizada en la fabricaci\u00f3n de pel\u00edculas magn\u00e9ticas, imanes isotr\u00f3picos, imanes permanentes generadores, etc., que son ampliamente utilizados en motores de imanes permanentes.<\/p>\n","protected":false},"featured_media":1032807,"comment_status":"open","ping_status":"closed","template":"","meta":{"_acf_changed":false},"product_brand":[],"product_cat":[187],"product_tag":[],"class_list":{"0":"post-1024158","1":"product","2":"type-product","3":"status-publish","4":"has-post-thumbnail","6":"product_cat-otros-materiales","8":"first","9":"instock","10":"shipping-taxable","11":"product-type-variable"},"acf":[],"_links":{"self":[{"href":"https:\/\/vimaterial.de\/es\/wp-json\/wp\/v2\/product\/1024158","targetHints":{"allow":["GET"]}}],"collection":[{"href":"https:\/\/vimaterial.de\/es\/wp-json\/wp\/v2\/product"}],"about":[{"href":"https:\/\/vimaterial.de\/es\/wp-json\/wp\/v2\/types\/product"}],"replies":[{"embeddable":true,"href":"https:\/\/vimaterial.de\/es\/wp-json\/wp\/v2\/comments?post=1024158"}],"wp:featuredmedia":[{"embeddable":true,"href":"https:\/\/vimaterial.de\/es\/wp-json\/wp\/v2\/media\/1032807"}],"wp:attachment":[{"href":"https:\/\/vimaterial.de\/es\/wp-json\/wp\/v2\/media?parent=1024158"}],"wp:term":[{"taxonomy":"product_brand","embeddable":true,"href":"https:\/\/vimaterial.de\/es\/wp-json\/wp\/v2\/product_brand?post=1024158"},{"taxonomy":"product_cat","embeddable":true,"href":"https:\/\/vimaterial.de\/es\/wp-json\/wp\/v2\/product_cat?post=1024158"},{"taxonomy":"product_tag","embeddable":true,"href":"https:\/\/vimaterial.de\/es\/wp-json\/wp\/v2\/product_tag?post=1024158"}],"curies":[{"name":"wp","href":"https:\/\/api.w.org\/{rel}","templated":true}]}}