{"id":1024104,"date":"2024-06-17T15:44:09","date_gmt":"2024-06-17T07:44:09","guid":{"rendered":"https:\/\/vimaterial.de\/product\/oxido-de-bario\/"},"modified":"2024-10-29T16:51:59","modified_gmt":"2024-10-29T08:51:59","slug":"oxido-de-bario","status":"publish","type":"product","link":"https:\/\/vimaterial.de\/es\/product\/oxido-de-bario\/","title":{"rendered":"\u00d3xido de bario"},"content":{"rendered":"<p>El objetivo de \u00f3xido de bario es un objetivo cer\u00e1mico importante.<\/p>\n<h3>Informaci\u00f3n b\u00e1sica:<\/h3>\n<p>F\u00f3rmula qu\u00edmica: BaO, compuesto por dos elementos: bario (Ba) y ox\u00edgeno (O).<\/p>\n<p>N\u00ba CAS: 1304-28-5.<\/p>\n<p>N\u00famero at\u00f3mico: El n\u00famero at\u00f3mico del bario es 56 y se encuentra en el grupo II.A del sexto per\u00edodo de la tabla peri\u00f3dica.<\/p>\n<p>Aspecto: generalmente s\u00f3lido cristalino blanco, con cierto brillo.<\/p>\n<p>Punto de fusi\u00f3n: 1923 \u00b0C, pertenece a las sustancias de alto punto de fusi\u00f3n.<\/p>\n<p>Propiedades qu\u00edmicas: El \u00f3xido de bario tiene ciertas propiedades oxidantes y puede reaccionar con algunos agentes reductores en reacciones qu\u00edmicas.<\/p>\n<h3>Campos de aplicaci\u00f3n<\/h3>\n<p>Campo electr\u00f3nico: En la fabricaci\u00f3n de semiconductores, los objetivos BaO se pueden usar para preparar pel\u00edculas con una constante diel\u00e9ctrica alta, como los que se usan en condensadores, transistores de efecto de campo y otros componentes electr\u00f3nicos para mejorar su valor de capacitancia y rendimiento.<\/p>\n<p>Campo \u00f3ptico: Debido a que el \u00f3xido de bario tiene un alto \u00edndice de refracci\u00f3n y buenas propiedades \u00f3pticas, los objetivos BaO se pueden usar para la preparaci\u00f3n de pel\u00edculas \u00f3pticas, como pel\u00edculas de mejora de la transmitancia, pel\u00edculas reflectantes, etc., utilizadas para mejorar el rendimiento de los dispositivos \u00f3pticos.<\/p>\n<p>Campo de los materiales superconductores: en la investigaci\u00f3n y preparaci\u00f3n de ciertos materiales superconductores, los objetivos de BaO se pueden utilizar como una de las materias primas, a trav\u00e9s de la pulverizaci\u00f3n cat\u00f3dica o la reacci\u00f3n con compuestos de otros elementos juntos, para preparar pel\u00edculas o materiales con propiedades superconductoras.<\/p>\n","protected":false},"excerpt":{"rendered":"<p>El objetivo de \u00f3xido de bario es un objetivo cer\u00e1mico importante.<\/p>\n<p>Campo electr\u00f3nico: En la fabricaci\u00f3n de semiconductores, los objetivos de \u00f3xido de bario se pueden usar para preparar pel\u00edculas con una constante diel\u00e9ctrica alta, como las que se usan en condensadores, transistores de efecto de campo y otros componentes electr\u00f3nicos para mejorar su valor de capacitancia y rendimiento.<\/p>\n","protected":false},"featured_media":1032822,"comment_status":"open","ping_status":"closed","template":"","meta":{"_acf_changed":false},"product_brand":[],"product_cat":[178],"product_tag":[],"class_list":{"0":"post-1024104","1":"product","2":"type-product","3":"status-publish","4":"has-post-thumbnail","6":"product_cat-catodos-para-sputtering-planar","8":"first","9":"instock","10":"shipping-taxable","11":"product-type-variable"},"acf":[],"_links":{"self":[{"href":"https:\/\/vimaterial.de\/es\/wp-json\/wp\/v2\/product\/1024104","targetHints":{"allow":["GET"]}}],"collection":[{"href":"https:\/\/vimaterial.de\/es\/wp-json\/wp\/v2\/product"}],"about":[{"href":"https:\/\/vimaterial.de\/es\/wp-json\/wp\/v2\/types\/product"}],"replies":[{"embeddable":true,"href":"https:\/\/vimaterial.de\/es\/wp-json\/wp\/v2\/comments?post=1024104"}],"wp:featuredmedia":[{"embeddable":true,"href":"https:\/\/vimaterial.de\/es\/wp-json\/wp\/v2\/media\/1032822"}],"wp:attachment":[{"href":"https:\/\/vimaterial.de\/es\/wp-json\/wp\/v2\/media?parent=1024104"}],"wp:term":[{"taxonomy":"product_brand","embeddable":true,"href":"https:\/\/vimaterial.de\/es\/wp-json\/wp\/v2\/product_brand?post=1024104"},{"taxonomy":"product_cat","embeddable":true,"href":"https:\/\/vimaterial.de\/es\/wp-json\/wp\/v2\/product_cat?post=1024104"},{"taxonomy":"product_tag","embeddable":true,"href":"https:\/\/vimaterial.de\/es\/wp-json\/wp\/v2\/product_tag?post=1024104"}],"curies":[{"name":"wp","href":"https:\/\/api.w.org\/{rel}","templated":true}]}}