{"id":1024085,"date":"2024-06-17T15:44:09","date_gmt":"2024-06-17T07:44:09","guid":{"rendered":"https:\/\/vimaterial.de\/product\/oxido-de-bario-y-estano\/"},"modified":"2024-10-30T09:35:32","modified_gmt":"2024-10-30T01:35:32","slug":"oxido-de-bario-y-estano","status":"publish","type":"product","link":"https:\/\/vimaterial.de\/es\/product\/oxido-de-bario-y-estano\/","title":{"rendered":"\u00d3xido de bario y esta\u00f1o"},"content":{"rendered":"<p>El objetivo BaSnO\u2083 es un objetivo importante de material inorg\u00e1nico.<\/p>\n<h3>Informaci\u00f3n b\u00e1sica:<\/h3>\n<p>F\u00f3rmula qu\u00edmica: BaSnO\u2083, compuesto por tres elementos: bario (Ba), esta\u00f1o (Sn) y ox\u00edgeno (O).<\/p>\n<p>Peso molecular: 304.03.<\/p>\n<p>Aspecto: generalmente blanco blanco s\u00f3lido.<\/p>\n<p>Densidad: aprox. 7,6 g\/cm\u00b3.<\/p>\n<p>Estructura cristalina: Tiene una estructura cristalina de tipo calcogenuro. Esta estructura cristalina se caracteriza por unidades estructurales octa\u00e9dricas conectadas por cimas de co-\u00e1ngulo, lo que aporta propiedades f\u00edsicas y qu\u00edmicas \u00fanicas al BaSnO\u2083.<\/p>\n<p>Alta conductividad: Es un material semiconductor de banda prohibida ancha con alta conductividad a temperatura ambiente, lo que lo hace valioso para aplicaciones en tecnolog\u00eda de semiconductores y fabricaci\u00f3n de dispositivos electr\u00f3nicos.<\/p>\n<h3>Campos de aplicaci\u00f3n:<\/h3>\n<p>Campo semiconductor: El \u00f3xido de bario y esta\u00f1o se puede utilizar para preparar dispositivos semiconductores como transistores de pel\u00edcula delgada y transistores de efecto de campo. Utilizando su alta conductividad y buenas propiedades semiconductoras, se puede mejorar el rendimiento y la estabilidad del dispositivo.<\/p>\n<p>Campo \u00f3ptico: Debido a sus buenas propiedades \u00f3pticas, el \u00f3xido de bario y esta\u00f1o se puede utilizar para preparar dispositivos \u00f3pticos, como pel\u00edculas conductoras transparentes, l\u00e1seres y fotodetectores.<\/p>\n<p>Campo del condensador: Debido a su alta constante diel\u00e9ctrica, se puede utilizar para preparar materiales de electrodos o materiales diel\u00e9ctricos para condensadores. En los condensadores, BaSnO\u2083 puede mejorar la densidad de almacenamiento de energ\u00eda del condensador y la velocidad de carga\/descarga, para satisfacer la demanda de condensadores de alto rendimiento en dispositivos electr\u00f3nicos.<\/p>\n","protected":false},"excerpt":{"rendered":"<p>El objetivo BaSnO\u2083 es un objetivo importante de material inorg\u00e1nico.<\/p>\n<p>Campo semiconductor: El \u00f3xido de bario y esta\u00f1o se puede utilizar para preparar dispositivos semiconductores como transistores de pel\u00edcula delgada y transistores de efecto de campo. Utilizando su alta conductividad y buenas propiedades semiconductoras, se puede mejorar el rendimiento y la estabilidad del dispositivo.<\/p>\n<p>Campo \u00f3ptico: Debido a sus buenas propiedades \u00f3pticas, el \u00f3xido de bario y esta\u00f1o se puede utilizar para preparar dispositivos \u00f3pticos, como pel\u00edculas conductoras transparentes, l\u00e1seres y fotodetectores.<\/p>\n<p>&nbsp;<\/p>\n","protected":false},"featured_media":1032832,"comment_status":"open","ping_status":"closed","template":"","meta":{"_acf_changed":false},"product_brand":[],"product_cat":[178],"product_tag":[],"class_list":{"0":"post-1024085","1":"product","2":"type-product","3":"status-publish","4":"has-post-thumbnail","6":"product_cat-catodos-para-sputtering-planar","8":"first","9":"instock","10":"shipping-taxable","11":"product-type-variable"},"acf":[],"_links":{"self":[{"href":"https:\/\/vimaterial.de\/es\/wp-json\/wp\/v2\/product\/1024085","targetHints":{"allow":["GET"]}}],"collection":[{"href":"https:\/\/vimaterial.de\/es\/wp-json\/wp\/v2\/product"}],"about":[{"href":"https:\/\/vimaterial.de\/es\/wp-json\/wp\/v2\/types\/product"}],"replies":[{"embeddable":true,"href":"https:\/\/vimaterial.de\/es\/wp-json\/wp\/v2\/comments?post=1024085"}],"wp:featuredmedia":[{"embeddable":true,"href":"https:\/\/vimaterial.de\/es\/wp-json\/wp\/v2\/media\/1032832"}],"wp:attachment":[{"href":"https:\/\/vimaterial.de\/es\/wp-json\/wp\/v2\/media?parent=1024085"}],"wp:term":[{"taxonomy":"product_brand","embeddable":true,"href":"https:\/\/vimaterial.de\/es\/wp-json\/wp\/v2\/product_brand?post=1024085"},{"taxonomy":"product_cat","embeddable":true,"href":"https:\/\/vimaterial.de\/es\/wp-json\/wp\/v2\/product_cat?post=1024085"},{"taxonomy":"product_tag","embeddable":true,"href":"https:\/\/vimaterial.de\/es\/wp-json\/wp\/v2\/product_tag?post=1024085"}],"curies":[{"name":"wp","href":"https:\/\/api.w.org\/{rel}","templated":true}]}}