{"id":1024078,"date":"2024-06-17T15:44:09","date_gmt":"2024-06-17T07:44:09","guid":{"rendered":"https:\/\/vimaterial.de\/product\/sulfuro-de-bario\/"},"modified":"2024-10-29T17:05:40","modified_gmt":"2024-10-29T09:05:40","slug":"sulfuro-de-bario","status":"publish","type":"product","link":"https:\/\/vimaterial.de\/es\/product\/sulfuro-de-bario\/","title":{"rendered":"Sulfuro de bario"},"content":{"rendered":"<p>El polvo de sulfuro de bario es un compuesto inorg\u00e1nico importante.<\/p>\n<h3>Informaci\u00f3n b\u00e1sica:<\/h3>\n<p>Aspecto: generalmente polvo cristalino blanco, pero los productos industriales suelen ser polvo de color marr\u00f3n claro o negro, tambi\u00e9n en grumos. Puede ser fosforescente cuando contiene trazas de impurezas.<br \/>\nDensidad: La densidad relativa es de 4,25 g\/cm\u00b3.<br \/>\nPunto de fusi\u00f3n: 1200\u00b0C.<br \/>\nSolubilidad: soluble en agua, disuelto e hidrolizado a Ba (HS)\u2082 y Ba (OH)\u2082.<br \/>\nHidr\u00f3lisis: Hidrolizada gradualmente a hidr\u00f3xido de bario y sulfuro de hidr\u00f3geno en contacto con el agua, la soluci\u00f3n acuosa es fuertemente alcalina y corrosiva, capaz de quemar la piel y hacer que el cabello se caiga.<br \/>\nReacci\u00f3n con \u00e1cido: el gas sulfuro de hidr\u00f3geno se liberar\u00e1 cuando se encuentre con el \u00e1cido (incluido el di\u00f3xido de carbono en el aire h\u00famedo).<br \/>\nReacci\u00f3n de oxidaci\u00f3n: se oxida f\u00e1cilmente en aire h\u00famedo.<\/p>\n<h3>Campos de aplicaci\u00f3n:<\/h3>\n<p>Industria qu\u00edmica: El sulfuro de bario es una materia prima importante para la producci\u00f3n de varios compuestos de bario, como para la preparaci\u00f3n de sulfuro de calcio, sulfuro de estroncio, etc.<\/p>\n<p>Industria electr\u00f3nica: como material electr\u00f3nico, se puede utilizar en la fabricaci\u00f3n de componentes electr\u00f3nicos, y tambi\u00e9n es el sustrato del polvo luminiscente, que se utiliza en pantallas electr\u00f3nicas y otros campos. Industria petroqu\u00edmica: Se utiliza en el proceso de desulfuraci\u00f3n para eliminar los compuestos de azufre del gas.<\/p>\n","protected":false},"excerpt":{"rendered":"<p>El polvo de sulfuro de bario es un compuesto inorg\u00e1nico importante.<\/p>\n<p>Industria qu\u00edmica: El sulfuro de bario es una materia prima importante para la producci\u00f3n de varios compuestos de bario, como para la preparaci\u00f3n de sulfuro de calcio, sulfuro de estroncio, etc.<\/p>\n<p>Industria electr\u00f3nica: como material electr\u00f3nico, se puede utilizar en la fabricaci\u00f3n de componentes electr\u00f3nicos, y tambi\u00e9n es el sustrato del polvo luminiscente, que se utiliza en pantallas electr\u00f3nicas y otros campos.<\/p>\n<p>&nbsp;<\/p>\n","protected":false},"featured_media":1032827,"comment_status":"open","ping_status":"closed","template":"","meta":{"_acf_changed":false},"product_brand":[],"product_cat":[181],"product_tag":[],"class_list":{"0":"post-1024078","1":"product","2":"type-product","3":"status-publish","4":"has-post-thumbnail","6":"product_cat-materiales-calcogenuros","8":"first","9":"instock","10":"shipping-taxable","11":"product-type-variable"},"acf":[],"_links":{"self":[{"href":"https:\/\/vimaterial.de\/es\/wp-json\/wp\/v2\/product\/1024078","targetHints":{"allow":["GET"]}}],"collection":[{"href":"https:\/\/vimaterial.de\/es\/wp-json\/wp\/v2\/product"}],"about":[{"href":"https:\/\/vimaterial.de\/es\/wp-json\/wp\/v2\/types\/product"}],"replies":[{"embeddable":true,"href":"https:\/\/vimaterial.de\/es\/wp-json\/wp\/v2\/comments?post=1024078"}],"wp:featuredmedia":[{"embeddable":true,"href":"https:\/\/vimaterial.de\/es\/wp-json\/wp\/v2\/media\/1032827"}],"wp:attachment":[{"href":"https:\/\/vimaterial.de\/es\/wp-json\/wp\/v2\/media?parent=1024078"}],"wp:term":[{"taxonomy":"product_brand","embeddable":true,"href":"https:\/\/vimaterial.de\/es\/wp-json\/wp\/v2\/product_brand?post=1024078"},{"taxonomy":"product_cat","embeddable":true,"href":"https:\/\/vimaterial.de\/es\/wp-json\/wp\/v2\/product_cat?post=1024078"},{"taxonomy":"product_tag","embeddable":true,"href":"https:\/\/vimaterial.de\/es\/wp-json\/wp\/v2\/product_tag?post=1024078"}],"curies":[{"name":"wp","href":"https:\/\/api.w.org\/{rel}","templated":true}]}}