{"id":1024053,"date":"2024-06-17T15:44:09","date_gmt":"2024-06-17T07:44:09","guid":{"rendered":"https:\/\/vimaterial.de\/product\/sulfato-de-bario\/"},"modified":"2024-10-29T17:20:25","modified_gmt":"2024-10-29T09:20:25","slug":"sulfato-de-bario","status":"publish","type":"product","link":"https:\/\/vimaterial.de\/es\/product\/sulfato-de-bario\/","title":{"rendered":"Sulfato de bario"},"content":{"rendered":"<p>Informaci\u00f3n b\u00e1sica:<\/p>\n<p>Propiedades: polvo inodoro e ins\u00edpido. Soluble en \u00e1cido sulf\u00farico concentrado caliente, casi insoluble en agua, \u00e1cido diluido, alcohol. La soluci\u00f3n de suspensi\u00f3n acuosa es neutra para el papel tornasol.<br \/>\nDensidad: 4.25-4.5.<br \/>\nPunto de fusi\u00f3n: 1580\u00b0C.<br \/>\nPunto de ebullici\u00f3n: 330\u00b0C. Alta estabilidad: qu\u00edmicamente estable, no es f\u00e1cil tener una reacci\u00f3n qu\u00edmica con otras sustancias.<\/p>\n<p>\u00c1reas de aplicaci\u00f3n:<\/p>\n<p>Industria de recubrimientos y pl\u00e1sticos: el sulfato de bario utilizado como relleno en pinturas, recubrimientos y pl\u00e1sticos, puede mejorar el grosor, la dureza, la resistencia a la abrasi\u00f3n y la resistencia a la intemperie del recubrimiento, y mejorar el poder de cobertura y la blancura.<\/p>\n<p>Industria del papel: el sulfato de bario utilizado como relleno para el papel, puede aumentar la blancura, la opacidad y la suavidad del papel.<\/p>\n<p>Campo farmac\u00e9utico: como agente de contraste gastrointestinal, utilizado en el examen de rayos X, puede absorber rayos X en el tracto gastrointestinal y hacer que aparezca, para ayudar a los m\u00e9dicos a diagnosticar enfermedades. Industria de cer\u00e1mica y esmalte: utilizado en la producci\u00f3n de cer\u00e1mica y esmalte, puede mejorar el brillo y la dureza de los productos.<\/p>\n","protected":false},"excerpt":{"rendered":"<p>Industria de recubrimientos y pl\u00e1sticos: el sulfato de bario utilizado como relleno en pinturas, recubrimientos y pl\u00e1sticos, puede mejorar el grosor, la dureza, la resistencia a la abrasi\u00f3n y la resistencia a la intemperie del recubrimiento, y mejorar el poder de cobertura y la blancura.<\/p>\n<p>Industria del papel: el sulfato de bario utilizado como relleno para el papel, puede aumentar la blancura, la opacidad y la suavidad del papel.<\/p>\n","protected":false},"featured_media":1032837,"comment_status":"open","ping_status":"closed","template":"","meta":{"_acf_changed":false},"product_brand":[],"product_cat":[187],"product_tag":[],"class_list":{"0":"post-1024053","1":"product","2":"type-product","3":"status-publish","4":"has-post-thumbnail","6":"product_cat-otros-materiales","8":"first","9":"instock","10":"shipping-taxable","11":"purchasable","12":"product-type-variable"},"acf":[],"_links":{"self":[{"href":"https:\/\/vimaterial.de\/es\/wp-json\/wp\/v2\/product\/1024053","targetHints":{"allow":["GET"]}}],"collection":[{"href":"https:\/\/vimaterial.de\/es\/wp-json\/wp\/v2\/product"}],"about":[{"href":"https:\/\/vimaterial.de\/es\/wp-json\/wp\/v2\/types\/product"}],"replies":[{"embeddable":true,"href":"https:\/\/vimaterial.de\/es\/wp-json\/wp\/v2\/comments?post=1024053"}],"wp:featuredmedia":[{"embeddable":true,"href":"https:\/\/vimaterial.de\/es\/wp-json\/wp\/v2\/media\/1032837"}],"wp:attachment":[{"href":"https:\/\/vimaterial.de\/es\/wp-json\/wp\/v2\/media?parent=1024053"}],"wp:term":[{"taxonomy":"product_brand","embeddable":true,"href":"https:\/\/vimaterial.de\/es\/wp-json\/wp\/v2\/product_brand?post=1024053"},{"taxonomy":"product_cat","embeddable":true,"href":"https:\/\/vimaterial.de\/es\/wp-json\/wp\/v2\/product_cat?post=1024053"},{"taxonomy":"product_tag","embeddable":true,"href":"https:\/\/vimaterial.de\/es\/wp-json\/wp\/v2\/product_tag?post=1024053"}],"curies":[{"name":"wp","href":"https:\/\/api.w.org\/{rel}","templated":true}]}}