{"id":1024021,"date":"2024-06-17T15:44:10","date_gmt":"2024-06-17T07:44:10","guid":{"rendered":"https:\/\/vimaterial.de\/product\/titanato-de-bario-y-estroncio\/"},"modified":"2024-10-29T16:39:19","modified_gmt":"2024-10-29T08:39:19","slug":"titanato-de-bario-y-estroncio","status":"publish","type":"product","link":"https:\/\/vimaterial.de\/es\/product\/titanato-de-bario-y-estroncio\/","title":{"rendered":"Titanato de bario y estroncio"},"content":{"rendered":"<p>El objetivo de titanato de bario y estroncio es un objetivo cer\u00e1mico importante.<\/p>\n<h3>Informaci\u00f3n b\u00e1sica:<\/h3>\n<p>F\u00f3rmula qu\u00edmica: BaSrTiO3, compuesto por cuatro elementos: bario (Ba), estroncio (Sr), titanio (Ti) y ox\u00edgeno (O).<\/p>\n<p>Aspecto: Bulto s\u00f3lido generalmente gris o negro.<\/p>\n<p>Densidad: aprox. 4,91 g\/cm\u00b3.<\/p>\n<p>Estructura cristalina: con estructura cristalina de tipo mineral de calcita-titanio.<\/p>\n<p>Densidad: aprox. 4,91 g\/cm\u00b3.<\/p>\n<h3>Campo de aplicaci\u00f3n:<\/h3>\n<p>Campo electr\u00f3nico: El titanato de bario y estroncio se puede utilizar para preparar pel\u00edculas delgadas en varios dispositivos electr\u00f3nicos, como el utilizado como material diel\u00e9ctrico para condensadores en memoria din\u00e1mica de acceso aleatorio (DRAM) para mejorar la capacidad de almacenamiento y el rendimiento.<\/p>\n<p>Campo \u00f3ptico: hay aplicaciones en recubrimiento \u00f3ptico, se puede depositar en el sustrato mediante pulverizaci\u00f3n cat\u00f3dica de pel\u00edcula objetivo BaSrTiO3 para la preparaci\u00f3n de pel\u00edcula antirreflectante para lentes \u00f3pticas, pel\u00edcula de mejora de transmitancia, etc., para mejorar el rendimiento de los dispositivos \u00f3pticos.<\/p>\n<p>Campo del sensor: debido a sus propiedades ferroel\u00e9ctricas y su sensible respuesta a los cambios ambientales, se puede utilizar para fabricar sensores sensibles a la presi\u00f3n, sensores sensibles a la humedad, etc.<\/p>\n","protected":false},"excerpt":{"rendered":"<p>El objetivo de titanato de bario y estroncio es un objetivo cer\u00e1mico importante.<\/p>\n<p>Campo electr\u00f3nico: El titanato de bario y estroncio se puede utilizar para preparar pel\u00edculas delgadas en varios dispositivos electr\u00f3nicos, como el utilizado como material diel\u00e9ctrico para condensadores en memoria din\u00e1mica de acceso aleatorio (DRAM) para mejorar la capacidad de almacenamiento y el rendimiento.<\/p>\n<p>Campo \u00f3ptico: hay aplicaciones en recubrimiento \u00f3ptico, se puede depositar en el sustrato mediante pulverizaci\u00f3n cat\u00f3dica de pel\u00edcula objetivo BaSrTiO3 para la preparaci\u00f3n de pel\u00edcula antirreflectante para lentes \u00f3pticas, pel\u00edcula de mejora de transmitancia, etc., para mejorar el rendimiento de los dispositivos \u00f3pticos.<\/p>\n","protected":false},"featured_media":1032847,"comment_status":"open","ping_status":"closed","template":"","meta":{"_acf_changed":false},"product_brand":[],"product_cat":[178],"product_tag":[],"class_list":{"0":"post-1024021","1":"product","2":"type-product","3":"status-publish","4":"has-post-thumbnail","6":"product_cat-catodos-para-sputtering-planar","8":"first","9":"instock","10":"shipping-taxable","11":"product-type-variable"},"acf":[],"_links":{"self":[{"href":"https:\/\/vimaterial.de\/es\/wp-json\/wp\/v2\/product\/1024021","targetHints":{"allow":["GET"]}}],"collection":[{"href":"https:\/\/vimaterial.de\/es\/wp-json\/wp\/v2\/product"}],"about":[{"href":"https:\/\/vimaterial.de\/es\/wp-json\/wp\/v2\/types\/product"}],"replies":[{"embeddable":true,"href":"https:\/\/vimaterial.de\/es\/wp-json\/wp\/v2\/comments?post=1024021"}],"wp:featuredmedia":[{"embeddable":true,"href":"https:\/\/vimaterial.de\/es\/wp-json\/wp\/v2\/media\/1032847"}],"wp:attachment":[{"href":"https:\/\/vimaterial.de\/es\/wp-json\/wp\/v2\/media?parent=1024021"}],"wp:term":[{"taxonomy":"product_brand","embeddable":true,"href":"https:\/\/vimaterial.de\/es\/wp-json\/wp\/v2\/product_brand?post=1024021"},{"taxonomy":"product_cat","embeddable":true,"href":"https:\/\/vimaterial.de\/es\/wp-json\/wp\/v2\/product_cat?post=1024021"},{"taxonomy":"product_tag","embeddable":true,"href":"https:\/\/vimaterial.de\/es\/wp-json\/wp\/v2\/product_tag?post=1024021"}],"curies":[{"name":"wp","href":"https:\/\/api.w.org\/{rel}","templated":true}]}}