{"id":1023998,"date":"2024-06-17T15:44:10","date_gmt":"2024-06-17T07:44:10","guid":{"rendered":"https:\/\/vimaterial.de\/product\/titanato-de-bario-oxido-de-bario-y-titanio-3\/"},"modified":"2024-10-30T10:13:47","modified_gmt":"2024-10-30T02:13:47","slug":"titanato-de-bario-oxido-de-bario-y-titanio-3","status":"publish","type":"product","link":"https:\/\/vimaterial.de\/es\/product\/titanato-de-bario-oxido-de-bario-y-titanio-3\/","title":{"rendered":"Titanato de bario (\u00f3xido de bario y titanio)"},"content":{"rendered":"<p>El objetivo BaTiO3 es un importante objetivo cer\u00e1mico de \u00f3xido con una amplia gama de aplicaciones.<\/p>\n<h3>Informaci\u00f3n b\u00e1sica:<\/h3>\n<p>F\u00f3rmula qu\u00edmica: BaTiO3, compuesto por tres elementos: bario (Ba), titanio (Ti) y ox\u00edgeno (O).<\/p>\n<p>Peso molecular: 233.1922.<\/p>\n<p>Punto de fusi\u00f3n: 1625\u00b0C.<\/p>\n<p>Densidad relativa: alrededor de 6.017 g\/cm\u00b3.<\/p>\n<p>N\u00ba CAS: 12047-27-7.<\/p>\n<p>Apariencia: generalmente blanco s\u00f3lido redondo o cuadrado, la apariencia debe ser plana, lisa, sin grietas obvias, rayones y otros defectos.<\/p>\n<p>Dureza: tiene una cierta dureza, en el proceso de procesamiento y uso es necesario prestar atenci\u00f3n para evitar colisiones y ara\u00f1azos, a fin de no afectar el rendimiento y la vida \u00fatil del material objetivo.<\/p>\n<p>Estructura cristalina: BaTiO3 tiene una estructura cristalina de calcogenuro, que le da al BaTiO3 propiedades el\u00e9ctricas y \u00f3pticas \u00fanicas.<\/p>\n<h3>Campo de aplicaci\u00f3n:<\/h3>\n<p>Campo electr\u00f3nico: \u00f3xido de bario y titanio se puede utilizar para preparar dispositivos electr\u00f3nicos como condensadores, memoria ferroel\u00e9ctrica, transistores de efecto de campo, etc. En los condensadores, el BaTiO3 se puede utilizar como material diel\u00e9ctrico para aumentar la densidad de almacenamiento de energ\u00eda de los condensadores.<\/p>\n<p>Campo \u00f3ptico: \u00f3xido de bario y titanio se puede utilizar para preparar dispositivos de modulaci\u00f3n \u00f3ptica, interruptores \u00f3pticos, gu\u00edas de onda \u00f3pticas y otros dispositivos \u00f3pticos debido a su cierta transmitancia en el rango de luz visible y buen efecto \u00f3ptico no lineal.<\/p>\n<p>Campo de sensores: Usando su piezoelectricidad y ferroelectricidad, se puede usar para fabricar sensores de presi\u00f3n, sensores de temperatura, sensores de aceleraci\u00f3n y otros tipos de dispositivos sensores, que pueden convertir se\u00f1ales f\u00edsicas externas en se\u00f1ales el\u00e9ctricas para detecci\u00f3n y medici\u00f3n.<\/p>\n","protected":false},"excerpt":{"rendered":"<p>El objetivo BaTiO3 es un importante objetivo cer\u00e1mico de \u00f3xido con una amplia gama de aplicaciones.<\/p>\n<p>Campo electr\u00f3nico: \u00f3xido de bario y titanio se puede utilizar para preparar dispositivos electr\u00f3nicos como condensadores, memoria ferroel\u00e9ctrica, transistores de efecto de campo, etc. En los condensadores, el BaTiO3 se puede utilizar como material diel\u00e9ctrico para aumentar la densidad de almacenamiento de energ\u00eda de los condensadores.<\/p>\n<p>Campo \u00f3ptico: \u00f3xido de bario y titanio se puede utilizar para preparar dispositivos de modulaci\u00f3n \u00f3ptica, interruptores \u00f3pticos, gu\u00edas de onda \u00f3pticas y otros dispositivos \u00f3pticos debido a su cierta transmitancia en el rango de luz visible y buen efecto \u00f3ptico no lineal.<\/p>\n","protected":false},"featured_media":1032857,"comment_status":"open","ping_status":"closed","template":"","meta":{"_acf_changed":false},"product_brand":[],"product_cat":[187],"product_tag":[],"class_list":{"0":"post-1023998","1":"product","2":"type-product","3":"status-publish","4":"has-post-thumbnail","6":"product_cat-otros-materiales","8":"first","9":"instock","10":"shipping-taxable","11":"purchasable","12":"product-type-variable"},"acf":[],"_links":{"self":[{"href":"https:\/\/vimaterial.de\/es\/wp-json\/wp\/v2\/product\/1023998","targetHints":{"allow":["GET"]}}],"collection":[{"href":"https:\/\/vimaterial.de\/es\/wp-json\/wp\/v2\/product"}],"about":[{"href":"https:\/\/vimaterial.de\/es\/wp-json\/wp\/v2\/types\/product"}],"replies":[{"embeddable":true,"href":"https:\/\/vimaterial.de\/es\/wp-json\/wp\/v2\/comments?post=1023998"}],"wp:featuredmedia":[{"embeddable":true,"href":"https:\/\/vimaterial.de\/es\/wp-json\/wp\/v2\/media\/1032857"}],"wp:attachment":[{"href":"https:\/\/vimaterial.de\/es\/wp-json\/wp\/v2\/media?parent=1023998"}],"wp:term":[{"taxonomy":"product_brand","embeddable":true,"href":"https:\/\/vimaterial.de\/es\/wp-json\/wp\/v2\/product_brand?post=1023998"},{"taxonomy":"product_cat","embeddable":true,"href":"https:\/\/vimaterial.de\/es\/wp-json\/wp\/v2\/product_cat?post=1023998"},{"taxonomy":"product_tag","embeddable":true,"href":"https:\/\/vimaterial.de\/es\/wp-json\/wp\/v2\/product_tag?post=1023998"}],"curies":[{"name":"wp","href":"https:\/\/api.w.org\/{rel}","templated":true}]}}