{"id":1023956,"date":"2024-06-17T15:47:20","date_gmt":"2024-06-17T07:47:20","guid":{"rendered":"https:\/\/vimaterial.de\/product\/oxido-de-bario-titanio-y-estano\/"},"modified":"2024-10-29T14:51:08","modified_gmt":"2024-10-29T06:51:08","slug":"oxido-de-bario-titanio-y-estano","status":"publish","type":"product","link":"https:\/\/vimaterial.de\/es\/product\/oxido-de-bario-titanio-y-estano\/","title":{"rendered":"Bario, titanio, \u00f3xido de esta\u00f1o"},"content":{"rendered":"<p>El objetivo de \u00f3xido de esta\u00f1o y titanio de bario es un objetivo de pulverizaci\u00f3n cat\u00f3dica con composici\u00f3n y propiedades espec\u00edficas.<\/p>\n<p>&nbsp;<\/p>\n<p>Composici\u00f3n qu\u00edmica: Est\u00e1 formado por cuatro elementos: bario (Ba), titanio (Ti), esta\u00f1o (Sn) y ox\u00edgeno (O).<\/p>\n<p>Estructura cristalina: Tiene una estructura cristalina de tipo calcogenuro. Aspecto: Por lo general, un bulto s\u00f3lido gris o negro, despu\u00e9s del procesamiento fino se puede hacer en diferentes formas y tama\u00f1os de objetivos.<\/p>\n<p>Densidad: alta densidad, lo que hace que el material objetivo pueda mantener una mejor estabilidad en el proceso de pulverizaci\u00f3n cat\u00f3dica, reducir las salpicaduras de part\u00edculas en el proceso de pulverizaci\u00f3n cat\u00f3dica, para garantizar la calidad de la pel\u00edcula pulverizada.<\/p>\n<p>Dureza: alta dureza, puede soportar el bombardeo de iones en el proceso de pulverizaci\u00f3n cat\u00f3dica, no es f\u00e1cil de deformar o da\u00f1ar, con una larga vida \u00fatil.<\/p>\n<h3>Campo de aplicaci\u00f3n:<\/h3>\n<p>Campo electr\u00f3nico: Debido a sus buenas propiedades el\u00e9ctricas, el \u00f3xido de esta\u00f1o y titanio de bario se puede utilizar para preparar pel\u00edculas delgadas en dispositivos electr\u00f3nicos, como en dispositivos semiconductores como capa aislante y en condensadores como capa diel\u00e9ctrica.<\/p>\n<p>Campo \u00f3ptico: tiene ciertas aplicaciones en el recubrimiento \u00f3ptico y se puede usar para depositar pel\u00edculas delgadas en el sustrato mediante pulverizaci\u00f3n cat\u00f3dica del objetivo BaTiSnO \u2083, que se puede usar para preparar pel\u00edculas antirreflectantes y pel\u00edculas que mejoran la transmitancia para lentes \u00f3pticas, y mejorar el rendimiento de los dispositivos \u00f3pticos.<\/p>\n<p>Campo energ\u00e9tico: tambi\u00e9n existen aplicaciones potenciales en c\u00e9lulas solares, pilas de combustible y otros dispositivos energ\u00e9ticos.<\/p>\n","protected":false},"excerpt":{"rendered":"<p>El objetivo de \u00f3xido de esta\u00f1o y titanio de bario es un objetivo de pulverizaci\u00f3n cat\u00f3dica con composici\u00f3n y propiedades espec\u00edficas.<\/p>\n<p>Campo electr\u00f3nico: Debido a sus buenas propiedades el\u00e9ctricas, se puede utilizar para preparar pel\u00edculas delgadas en dispositivos electr\u00f3nicos, como en dispositivos semiconductores como capa aislante y en condensadores como capa diel\u00e9ctrica.<\/p>\n<p>Campo \u00f3ptico: El \u00f3xido de esta\u00f1o y titanio y bario tiene ciertas aplicaciones en el recubrimiento \u00f3ptico y se puede usar para depositar pel\u00edculas delgadas en el sustrato mediante pulverizaci\u00f3n cat\u00f3dica del objetivo BaTiSnO \u2083, que se puede usar para preparar una pel\u00edcula antirreflectante y una pel\u00edcula que mejora la transmitancia para lentes \u00f3pticas, y mejorar el rendimiento de los dispositivos \u00f3pticos.<\/p>\n","protected":false},"featured_media":1032867,"comment_status":"open","ping_status":"closed","template":"","meta":{"_acf_changed":false},"product_brand":[],"product_cat":[178],"product_tag":[],"class_list":{"0":"post-1023956","1":"product","2":"type-product","3":"status-publish","4":"has-post-thumbnail","6":"product_cat-catodos-para-sputtering-planar","8":"first","9":"instock","10":"shipping-taxable","11":"product-type-variable"},"acf":[],"_links":{"self":[{"href":"https:\/\/vimaterial.de\/es\/wp-json\/wp\/v2\/product\/1023956","targetHints":{"allow":["GET"]}}],"collection":[{"href":"https:\/\/vimaterial.de\/es\/wp-json\/wp\/v2\/product"}],"about":[{"href":"https:\/\/vimaterial.de\/es\/wp-json\/wp\/v2\/types\/product"}],"replies":[{"embeddable":true,"href":"https:\/\/vimaterial.de\/es\/wp-json\/wp\/v2\/comments?post=1023956"}],"wp:featuredmedia":[{"embeddable":true,"href":"https:\/\/vimaterial.de\/es\/wp-json\/wp\/v2\/media\/1032867"}],"wp:attachment":[{"href":"https:\/\/vimaterial.de\/es\/wp-json\/wp\/v2\/media?parent=1023956"}],"wp:term":[{"taxonomy":"product_brand","embeddable":true,"href":"https:\/\/vimaterial.de\/es\/wp-json\/wp\/v2\/product_brand?post=1023956"},{"taxonomy":"product_cat","embeddable":true,"href":"https:\/\/vimaterial.de\/es\/wp-json\/wp\/v2\/product_cat?post=1023956"},{"taxonomy":"product_tag","embeddable":true,"href":"https:\/\/vimaterial.de\/es\/wp-json\/wp\/v2\/product_tag?post=1023956"}],"curies":[{"name":"wp","href":"https:\/\/api.w.org\/{rel}","templated":true}]}}