{"id":1023945,"date":"2024-06-17T15:44:11","date_gmt":"2024-06-17T07:44:11","guid":{"rendered":"https:\/\/vimaterial.de\/product\/titanato-de-bario-oxido-de-bario-y-titanio\/"},"modified":"2024-10-29T16:01:21","modified_gmt":"2024-10-29T08:01:21","slug":"bario-oxido-de-titanio","status":"publish","type":"product","link":"https:\/\/vimaterial.de\/es\/product\/bario-oxido-de-titanio\/","title":{"rendered":"Titanato de bario (\u00f3xido de bario y titanio)"},"content":{"rendered":"<p>El objetivo de Bario \u00d3xido de Titanio es un objetivo cer\u00e1mico de \u00f3xido importante.<\/p>\n<h3>Informaci\u00f3n b\u00e1sica:<\/h3>\n<p>F\u00f3rmula qu\u00edmica: BaTiO3, compuesto por tres elementos: bario (Ba), titanio (Ti) y ox\u00edgeno (O).<\/p>\n<p>N\u00ba CAS: 12047-27-7.<\/p>\n<p>Peso molecular: 233.1922.<\/p>\n<p>Aspecto: Generalmente bultos s\u00f3lidos grises o negros.<\/p>\n<p>Densidad: relativamente alta, lo que permite que el objetivo mantenga una buena estabilidad en el proceso de pulverizaci\u00f3n cat\u00f3dica.<\/p>\n<p>Punto de fusi\u00f3n: alrededor de 1625 \u00b0 C.<\/p>\n<p>Estructura cristalina: Tiene una estructura cristalina de tipo calcogenuro.<\/p>\n<h3>Campos de aplicaci\u00f3n<\/h3>\n<p>Electr\u00f3nica: Bario \u00d3xido de Titanio Se puede utilizar para preparar pel\u00edculas delgadas para diversos dispositivos electr\u00f3nicos, como en la memoria ferroel\u00e9ctrica (FeRAM), que utiliza sus propiedades ferroel\u00e9ctricas para almacenar informaci\u00f3n.<\/p>\n<p>Campo \u00f3ptico: Tiene aplicaciones en recubrimiento \u00f3ptico y se puede utilizar para depositar pel\u00edculas delgadas en el sustrato mediante pulverizaci\u00f3n cat\u00f3dica de objetivos BaTiO3, que se utilizan para preparar pel\u00edculas antirreflectantes y pel\u00edculas de mejora de la transparencia para lentes \u00f3pticas, etc., para mejorar el rendimiento de los dispositivos \u00f3pticos.<\/p>\n<p>Campo semiconductor: el Bario \u00d3xido de Titanio se puede utilizar en la fabricaci\u00f3n de dispositivos semiconductores, como en la capa aislante de los chips semiconductores, la capa de pasivaci\u00f3n, etc. Hay aplicaciones potenciales.<\/p>\n","protected":false},"excerpt":{"rendered":"<p>El objetivo de Bario \u00d3xido de Titanio es un objetivo cer\u00e1mico de \u00f3xido importante.<\/p>\n<p>Electr\u00f3nica: Se puede utilizar para preparar pel\u00edculas delgadas para diversos dispositivos electr\u00f3nicos, como en la memoria ferroel\u00e9ctrica (FeRAM), que utiliza sus propiedades ferroel\u00e9ctricas para almacenar informaci\u00f3n.<\/p>\n<p>Campo \u00f3ptico: Tiene aplicaciones en recubrimiento \u00f3ptico y se puede utilizar para depositar pel\u00edculas delgadas en el sustrato mediante pulverizaci\u00f3n cat\u00f3dica de objetivos BaTiO3, que se utilizan para preparar pel\u00edculas antirreflectantes y pel\u00edculas de mejora de la transparencia para lentes \u00f3pticas, etc., para mejorar el rendimiento de los dispositivos \u00f3pticos.<\/p>\n","protected":false},"featured_media":1042849,"comment_status":"open","ping_status":"closed","template":"","meta":{"_acf_changed":false},"product_brand":[],"product_cat":[178],"product_tag":[],"class_list":{"0":"post-1023945","1":"product","2":"type-product","3":"status-publish","4":"has-post-thumbnail","6":"product_cat-catodos-para-sputtering-planar","8":"first","9":"instock","10":"shipping-taxable","11":"product-type-variable"},"acf":[],"_links":{"self":[{"href":"https:\/\/vimaterial.de\/es\/wp-json\/wp\/v2\/product\/1023945","targetHints":{"allow":["GET"]}}],"collection":[{"href":"https:\/\/vimaterial.de\/es\/wp-json\/wp\/v2\/product"}],"about":[{"href":"https:\/\/vimaterial.de\/es\/wp-json\/wp\/v2\/types\/product"}],"replies":[{"embeddable":true,"href":"https:\/\/vimaterial.de\/es\/wp-json\/wp\/v2\/comments?post=1023945"}],"wp:featuredmedia":[{"embeddable":true,"href":"https:\/\/vimaterial.de\/es\/wp-json\/wp\/v2\/media\/1042849"}],"wp:attachment":[{"href":"https:\/\/vimaterial.de\/es\/wp-json\/wp\/v2\/media?parent=1023945"}],"wp:term":[{"taxonomy":"product_brand","embeddable":true,"href":"https:\/\/vimaterial.de\/es\/wp-json\/wp\/v2\/product_brand?post=1023945"},{"taxonomy":"product_cat","embeddable":true,"href":"https:\/\/vimaterial.de\/es\/wp-json\/wp\/v2\/product_cat?post=1023945"},{"taxonomy":"product_tag","embeddable":true,"href":"https:\/\/vimaterial.de\/es\/wp-json\/wp\/v2\/product_tag?post=1023945"}],"curies":[{"name":"wp","href":"https:\/\/api.w.org\/{rel}","templated":true}]}}