{"id":1023932,"date":"2024-06-17T15:47:20","date_gmt":"2024-06-17T07:47:20","guid":{"rendered":"https:\/\/vimaterial.de\/product\/oxido-de-bario-y-vanadio-2\/"},"modified":"2024-10-29T15:06:30","modified_gmt":"2024-10-29T07:06:30","slug":"oxido-de-bario-y-vanadio-2","status":"publish","type":"product","link":"https:\/\/vimaterial.de\/es\/product\/oxido-de-bario-y-vanadio-2\/","title":{"rendered":"\u00d3xido de bario y vanadio"},"content":{"rendered":"<p>El polvo de \u00f3xido de bario y vanadio es un importante compuesto inorg\u00e1nico en polvo.<\/p>\n<h3>Informaci\u00f3n b\u00e1sica:<\/h3>\n<p>F\u00f3rmula qu\u00edmica: BaVO\u2083, compuesto por tres elementos: bario (Ba), vanadio (V) y ox\u00edgeno (O).<\/p>\n<p>N\u00ba CAS: 39416-30-3.<\/p>\n<p>Aspecto: generalmente polvo blanco o blanquecino.<\/p>\n<p>Estructura cristalina: Estructura cristalina de calcita.<\/p>\n<p>Tama\u00f1o de part\u00edcula: El tama\u00f1o de part\u00edcula del polvo se puede regular de acuerdo con diferentes m\u00e9todos de preparaci\u00f3n y requisitos de aplicaci\u00f3n.<\/p>\n<p>Estabilidad: Es relativamente estable a temperatura y presi\u00f3n ambiente, pero puede reaccionar qu\u00edmicamente en condiciones especiales como alta temperatura, \u00e1cido fuerte y \u00e1lcali fuerte.<\/p>\n<h3>Aplicaciones<\/h3>\n<p>Materiales de las bater\u00edas: En los sistemas de bater\u00edas, como las bater\u00edas de iones de litio, el \u00f3xido de bario y vanadio tiene un cierto potencial de aplicaci\u00f3n como material de electrodo. Su estructura \u00fanica y sus propiedades qu\u00edmicas pueden proporcionar una mayor capacidad y un mejor rendimiento del multiplicador.<\/p>\n<p>Catalizador: Debido a la presencia del elemento vanadio, el polvo de \u00f3xido de bario y vanadio se puede utilizar como catalizador o portador de catalizador en algunas reacciones catal\u00edticas, como en algunas reacciones de s\u00edntesis org\u00e1nica, reacciones de oxidaci\u00f3n, etc.<\/p>\n<p>Materiales \u00f3pticos: En el campo de la \u00f3ptica, el polvo BaVO\u2083 se puede utilizar para preparar pel\u00edculas \u00f3pticas, vidrio \u00f3ptico, etc., utilizando sus propiedades \u00f3pticas especiales para mejorar las propiedades \u00f3pticas de los materiales.<\/p>\n<p>Materiales cer\u00e1micos: Se puede utilizar como aditivo para materiales cer\u00e1micos para mejorar las propiedades de la cer\u00e1mica, como mejorar la dureza, la resistencia a la abrasi\u00f3n y la resistencia a altas temperaturas de la cer\u00e1mica.<\/p>\n","protected":false},"excerpt":{"rendered":"<p>El polvo de \u00f3xido de bario y vanadio es un importante compuesto inorg\u00e1nico en polvo.<\/p>\n<p>Materiales de las bater\u00edas: En los sistemas de bater\u00edas, como las bater\u00edas de iones de litio, el \u00f3xido de bario y vanadio tiene un cierto potencial de aplicaci\u00f3n como material de electrodo. Su estructura \u00fanica y sus propiedades qu\u00edmicas pueden proporcionar una mayor capacidad y un mejor rendimiento del multiplicador.<\/p>\n<p>Catalizador: Debido a la presencia del elemento vanadio, el polvo de BaVO\u2083 se puede utilizar como catalizador o portador de catalizador en algunas reacciones catal\u00edticas, como en algunas reacciones de s\u00edntesis org\u00e1nica, reacciones de oxidaci\u00f3n, etc.<\/p>\n<p>&nbsp;<\/p>\n","protected":false},"featured_media":1032872,"comment_status":"open","ping_status":"closed","template":"","meta":{"_acf_changed":false},"product_brand":[],"product_cat":[187],"product_tag":[],"class_list":{"0":"post-1023932","1":"product","2":"type-product","3":"status-publish","4":"has-post-thumbnail","6":"product_cat-otros-materiales","8":"first","9":"instock","10":"shipping-taxable","11":"product-type-variable"},"acf":[],"_links":{"self":[{"href":"https:\/\/vimaterial.de\/es\/wp-json\/wp\/v2\/product\/1023932","targetHints":{"allow":["GET"]}}],"collection":[{"href":"https:\/\/vimaterial.de\/es\/wp-json\/wp\/v2\/product"}],"about":[{"href":"https:\/\/vimaterial.de\/es\/wp-json\/wp\/v2\/types\/product"}],"replies":[{"embeddable":true,"href":"https:\/\/vimaterial.de\/es\/wp-json\/wp\/v2\/comments?post=1023932"}],"wp:featuredmedia":[{"embeddable":true,"href":"https:\/\/vimaterial.de\/es\/wp-json\/wp\/v2\/media\/1032872"}],"wp:attachment":[{"href":"https:\/\/vimaterial.de\/es\/wp-json\/wp\/v2\/media?parent=1023932"}],"wp:term":[{"taxonomy":"product_brand","embeddable":true,"href":"https:\/\/vimaterial.de\/es\/wp-json\/wp\/v2\/product_brand?post=1023932"},{"taxonomy":"product_cat","embeddable":true,"href":"https:\/\/vimaterial.de\/es\/wp-json\/wp\/v2\/product_cat?post=1023932"},{"taxonomy":"product_tag","embeddable":true,"href":"https:\/\/vimaterial.de\/es\/wp-json\/wp\/v2\/product_tag?post=1023932"}],"curies":[{"name":"wp","href":"https:\/\/api.w.org\/{rel}","templated":true}]}}