{"id":1023902,"date":"2024-06-17T15:47:20","date_gmt":"2024-06-17T07:47:20","guid":{"rendered":"https:\/\/vimaterial.de\/product\/circonato-de-bario-oxido-de-circonio-y-bario-2\/"},"modified":"2024-10-29T15:40:56","modified_gmt":"2024-10-29T07:40:56","slug":"oxido-de-bario-y-circonio","status":"publish","type":"product","link":"https:\/\/vimaterial.de\/es\/product\/oxido-de-bario-y-circonio\/","title":{"rendered":"Zirconato de bario (\u00f3xido de bario y circonio)"},"content":{"rendered":"<h3>Informaci\u00f3n b\u00e1sica:<\/h3>\n<p>F\u00f3rmula qu\u00edmica: BaZrO\u2083, compuesto por tres elementos: bario (Ba), circonio (Zr) y ox\u00edgeno (O).<\/p>\n<p>Peso molecular: 276,55.<\/p>\n<p>N\u00ba CAS: 12009-21-1.<\/p>\n<p>Aspecto: Por lo general, polvo blanquecino o blanquecino.<\/p>\n<p>Densidad: aprox. 5,52 g\/cm\u00b3.<\/p>\n<p>Tama\u00f1o de part\u00edcula: el tama\u00f1o de part\u00edcula se puede regular de acuerdo con diferentes m\u00e9todos de preparaci\u00f3n y requisitos de aplicaci\u00f3n, con una variedad de especificaciones para elegir.<\/p>\n<p>Estabilidad: Es relativamente estable a temperatura y presi\u00f3n ambiente, pero pueden producirse reacciones qu\u00edmicas en condiciones especiales como alta temperatura, \u00e1cido fuerte y \u00e1lcali fuerte.<\/p>\n<h3>\u00c1reas de aplicaci\u00f3n:<\/h3>\n<p>Materiales electr\u00f3nicos: Debido a sus buenas propiedades diel\u00e9ctricas, el \u00f3xido de bario y circonio se puede utilizar en la fabricaci\u00f3n de condensadores cer\u00e1micos, termistores PTC, filtros, dispositivos de microondas y otros componentes electr\u00f3nicos.<\/p>\n<p>Pilas de combustible: En las pilas de combustible de membrana cer\u00e1mica de protones, los conductores de protones basados en \u00f3xido de bario y circonio son un material electrol\u00edtico importante con alta estabilidad qu\u00edmica y conductividad a granel.<\/p>\n<p>Material refractario: El \u00f3xido de bario y circonio tiene buena estabilidad mec\u00e1nica y estructural en un entorno de calor extremo y se puede utilizar para preparar materiales refractarios y crisoles para hornos y hornos de alta temperatura.<\/p>\n<p>Materiales \u00f3pticos: en el campo de la \u00f3ptica, se puede utilizar para preparar pel\u00edculas \u00f3pticas, vidrio \u00f3ptico, etc., utilizando sus propiedades \u00f3pticas especiales para mejorar las propiedades \u00f3pticas del material. Aditivos para materiales cer\u00e1micos: como aditivos para materiales cer\u00e1micos, pueden mejorar las propiedades de la cer\u00e1mica, como mejorar la dureza, la resistencia al desgaste y la resistencia a altas temperaturas de la cer\u00e1mica.<\/p>\n","protected":false},"excerpt":{"rendered":"<p>Materiales electr\u00f3nicos: Debido a sus buenas propiedades diel\u00e9ctricas, el \u00f3xido de bario y circonio se puede utilizar en la fabricaci\u00f3n de condensadores cer\u00e1micos, termistores PTC, filtros, dispositivos de microondas y otros componentes electr\u00f3nicos.<\/p>\n<p>Pilas de combustible: En las pilas de combustible de membrana cer\u00e1mica de protones, los conductores de protones basados en BaZrO\u2083 son un material electrol\u00edtico importante con alta estabilidad qu\u00edmica y conductividad a granel.<\/p>\n","protected":false},"featured_media":1032877,"comment_status":"open","ping_status":"closed","template":"","meta":{"_acf_changed":false},"product_brand":[],"product_cat":[187],"product_tag":[],"class_list":{"0":"post-1023902","1":"product","2":"type-product","3":"status-publish","4":"has-post-thumbnail","6":"product_cat-otros-materiales","8":"first","9":"instock","10":"shipping-taxable","11":"purchasable","12":"product-type-variable"},"acf":[],"_links":{"self":[{"href":"https:\/\/vimaterial.de\/es\/wp-json\/wp\/v2\/product\/1023902","targetHints":{"allow":["GET"]}}],"collection":[{"href":"https:\/\/vimaterial.de\/es\/wp-json\/wp\/v2\/product"}],"about":[{"href":"https:\/\/vimaterial.de\/es\/wp-json\/wp\/v2\/types\/product"}],"replies":[{"embeddable":true,"href":"https:\/\/vimaterial.de\/es\/wp-json\/wp\/v2\/comments?post=1023902"}],"wp:featuredmedia":[{"embeddable":true,"href":"https:\/\/vimaterial.de\/es\/wp-json\/wp\/v2\/media\/1032877"}],"wp:attachment":[{"href":"https:\/\/vimaterial.de\/es\/wp-json\/wp\/v2\/media?parent=1023902"}],"wp:term":[{"taxonomy":"product_brand","embeddable":true,"href":"https:\/\/vimaterial.de\/es\/wp-json\/wp\/v2\/product_brand?post=1023902"},{"taxonomy":"product_cat","embeddable":true,"href":"https:\/\/vimaterial.de\/es\/wp-json\/wp\/v2\/product_cat?post=1023902"},{"taxonomy":"product_tag","embeddable":true,"href":"https:\/\/vimaterial.de\/es\/wp-json\/wp\/v2\/product_tag?post=1023902"}],"curies":[{"name":"wp","href":"https:\/\/api.w.org\/{rel}","templated":true}]}}