{"id":1023891,"date":"2024-06-17T15:47:20","date_gmt":"2024-06-17T07:47:20","guid":{"rendered":"https:\/\/vimaterial.de\/product\/oxido-de-bario-y-vanadio\/"},"modified":"2024-10-29T15:20:49","modified_gmt":"2024-10-29T07:20:49","slug":"oxido-de-bario-y-vanadio","status":"publish","type":"product","link":"https:\/\/vimaterial.de\/es\/product\/oxido-de-bario-y-vanadio\/","title":{"rendered":"\u00d3xido de bario y vanadio"},"content":{"rendered":"<p>El objetivo de \u00f3xido de bario y vanadio es un material funcional importante.<\/p>\n<h3>Informaci\u00f3n b\u00e1sica:<\/h3>\n<p>Composici\u00f3n qu\u00edmica: Est\u00e1 formado por tres elementos: bario (Ba), vanadio (V) y ox\u00edgeno (O), con la f\u00f3rmula qu\u00edmica BaVO\u2083.<\/p>\n<p>N\u00ba CAS: 39416-30-3. Pureza: generalmente puede alcanzar %-99.99% de alta pureza, para cumplir con los requisitos de diferentes escenarios de aplicaci\u00f3n sobre el rendimiento del material.<\/p>\n<p>Aspecto: Generalmente bultos s\u00f3lidos grises o negros.<\/p>\n<p>Densidad: la alta densidad, que hace que el objetivo pueda mantener una mejor estabilidad en el proceso de pulverizaci\u00f3n cat\u00f3dica, reduce el proceso de pulverizaci\u00f3n cat\u00f3dica de las salpicaduras de part\u00edculas, es propicia para mejorar la calidad de la pel\u00edcula pulverizada.<\/p>\n<p>Estructura cristalina: Tiene una estructura cristalina de tipo calcogenuro.<\/p>\n<h3>Campo de aplicaci\u00f3n:<\/h3>\n<p>Campo electr\u00f3nico: El \u00f3xido de bario y vanadio se puede utilizar para preparar pel\u00edculas delgadas en dispositivos electr\u00f3nicos, como resistencias de pel\u00edcula delgada y materiales de electrodos en dispositivos semiconductores; Se utilizan como materiales diel\u00e9ctricos en condensadores, lo que ayuda a mejorar el rendimiento de los condensadores.<\/p>\n<p>Campo \u00f3ptico: Tiene ciertas aplicaciones en el recubrimiento \u00f3ptico y se puede usar para depositar una pel\u00edcula delgada en el sustrato mediante pulverizaci\u00f3n cat\u00f3dica de objetivo BaVO \u2083, que se puede usar para preparar pel\u00edculas antirreflectantes y pel\u00edculas que mejoran la transmitancia para lentes \u00f3pticas, etc., y mejorar el rendimiento de los dispositivos \u00f3pticos.<\/p>\n<p>Campo del sensor: debido a sus propiedades el\u00e9ctricas y f\u00edsicas especiales, se puede utilizar para preparar una variedad de sensores, como sensores de gas, sensores de humedad, etc.<\/p>\n","protected":false},"excerpt":{"rendered":"<p>El objetivo de \u00f3xido de bario y vanadio es un material funcional importante.<\/p>\n<p>Campo electr\u00f3nico: El \u00f3xido de bario y vanadio se puede utilizar para preparar pel\u00edculas delgadas en dispositivos electr\u00f3nicos, como resistencias de pel\u00edcula delgada y materiales de electrodos en dispositivos semiconductores; Se utilizan como materiales diel\u00e9ctricos en condensadores, lo que ayuda a mejorar el rendimiento de los condensadores.<\/p>\n<p>Campo \u00f3ptico: Tiene ciertas aplicaciones en el recubrimiento \u00f3ptico y se puede usar para depositar una pel\u00edcula delgada en el sustrato mediante pulverizaci\u00f3n cat\u00f3dica de objetivo BaVO \u2083, que se puede usar para preparar pel\u00edculas antirreflectantes y pel\u00edculas que mejoran la transmitancia para lentes \u00f3pticas, etc., y mejorar el rendimiento de los dispositivos \u00f3pticos.<\/p>\n","protected":false},"featured_media":1032872,"comment_status":"open","ping_status":"closed","template":"","meta":{"_acf_changed":false},"product_brand":[],"product_cat":[178],"product_tag":[],"class_list":{"0":"post-1023891","1":"product","2":"type-product","3":"status-publish","4":"has-post-thumbnail","6":"product_cat-catodos-para-sputtering-planar","8":"first","9":"instock","10":"shipping-taxable","11":"product-type-variable"},"acf":[],"_links":{"self":[{"href":"https:\/\/vimaterial.de\/es\/wp-json\/wp\/v2\/product\/1023891","targetHints":{"allow":["GET"]}}],"collection":[{"href":"https:\/\/vimaterial.de\/es\/wp-json\/wp\/v2\/product"}],"about":[{"href":"https:\/\/vimaterial.de\/es\/wp-json\/wp\/v2\/types\/product"}],"replies":[{"embeddable":true,"href":"https:\/\/vimaterial.de\/es\/wp-json\/wp\/v2\/comments?post=1023891"}],"wp:featuredmedia":[{"embeddable":true,"href":"https:\/\/vimaterial.de\/es\/wp-json\/wp\/v2\/media\/1032872"}],"wp:attachment":[{"href":"https:\/\/vimaterial.de\/es\/wp-json\/wp\/v2\/media?parent=1023891"}],"wp:term":[{"taxonomy":"product_brand","embeddable":true,"href":"https:\/\/vimaterial.de\/es\/wp-json\/wp\/v2\/product_brand?post=1023891"},{"taxonomy":"product_cat","embeddable":true,"href":"https:\/\/vimaterial.de\/es\/wp-json\/wp\/v2\/product_cat?post=1023891"},{"taxonomy":"product_tag","embeddable":true,"href":"https:\/\/vimaterial.de\/es\/wp-json\/wp\/v2\/product_tag?post=1023891"}],"curies":[{"name":"wp","href":"https:\/\/api.w.org\/{rel}","templated":true}]}}