{"id":1023806,"date":"2024-06-17T15:47:21","date_gmt":"2024-06-17T07:47:21","guid":{"rendered":"https:\/\/vimaterial.de\/product\/hafnio-metalico-2\/"},"modified":"2024-10-29T14:13:18","modified_gmt":"2024-10-29T06:13:18","slug":"hafnio-metalico-2","status":"publish","type":"product","link":"https:\/\/vimaterial.de\/es\/product\/hafnio-metalico-2\/","title":{"rendered":"Metal de hafnio"},"content":{"rendered":"<p>Las varillas de metal de hafnio son un material importante para varillas de metal.<\/p>\n<h3>Informaci\u00f3n b\u00e1sica<\/h3>\n<p>Informaci\u00f3n elemental: El hafnio es un elemento qu\u00edmico con un n\u00famero at\u00f3mico de 72 y se encuentra en el Grupo IVB, Per\u00edodo 5 en la tabla peri\u00f3dica.<\/p>\n<p>Aspecto: de color gris-negro.<\/p>\n<p>Densidad: 13,31 g\/cm\u00b3.<\/p>\n<p>Dureza de Mohs: 5,5.<\/p>\n<p>Punto de fusi\u00f3n: 2233\u00b0C.<\/p>\n<p>Punto de ebullici\u00f3n: 4602\u00b0C.<\/p>\n<p>Conductividad t\u00e9rmica del hafnio: aproximadamente 23,0 W\/(m\u30fbK).<\/p>\n<p>Estructura cristalina: El hafnio tiene una estructura cristalina hexagonal densamente empaquetada.<\/p>\n<h3>Campos de aplicaci\u00f3n<\/h3>\n<p>Industria nuclear: El Metal de hafnio se utiliza como barra de control en los reactores nucleares. Debido a su gran secci\u00f3n transversal de absorci\u00f3n de neutrones, el hafnio absorbe eficazmente los neutrones, controlando as\u00ed la velocidad de las reacciones nucleares.<\/p>\n<p>Aeroespacial: El Metal de hafnio y sus aleaciones se utilizan en la fabricaci\u00f3n de componentes de alta temperatura para motores aeroespaciales, como palas y c\u00e1maras de combusti\u00f3n.<\/p>\n<p>Industria electr\u00f3nica: el hafnio se puede utilizar para fabricar materiales cat\u00f3dicos para tubos de electrones, para mejorar el rendimiento de emisi\u00f3n y la vida \u00fatil de los tubos de electrones. En la industria de los semiconductores, los compuestos de hafnio (por ejemplo, \u00f3xido de hafnio) se utilizan ampliamente para fabricar materiales diel\u00e9ctricos de puerta con altas constantes diel\u00e9ctricas, que se utilizan para mejorar el rendimiento y la integraci\u00f3n de los circuitos integrados.<\/p>\n","protected":false},"excerpt":{"rendered":"<p>Las varillas de metal de hafnio son un material importante para varillas de metal.<\/p>\n<p>Industria nuclear: El Metal de hafnio se utiliza como barra de control en los reactores nucleares. Debido a su gran secci\u00f3n transversal de absorci\u00f3n de neutrones, el hafnio absorbe eficazmente los neutrones, controlando as\u00ed la velocidad de las reacciones nucleares.<\/p>\n<p>Aeroespacial: El hafnio y sus aleaciones se utilizan en la fabricaci\u00f3n de componentes de alta temperatura para motores aeroespaciales, como palas y c\u00e1maras de combusti\u00f3n.<\/p>\n","protected":false},"featured_media":1032897,"comment_status":"open","ping_status":"closed","template":"","meta":{"_acf_changed":false},"product_brand":[],"product_cat":[188],"product_tag":[],"class_list":{"0":"post-1023806","1":"product","2":"type-product","3":"status-publish","4":"has-post-thumbnail","6":"product_cat-perfil","8":"first","9":"instock","10":"shipping-taxable","11":"purchasable","12":"product-type-variable"},"acf":[],"_links":{"self":[{"href":"https:\/\/vimaterial.de\/es\/wp-json\/wp\/v2\/product\/1023806","targetHints":{"allow":["GET"]}}],"collection":[{"href":"https:\/\/vimaterial.de\/es\/wp-json\/wp\/v2\/product"}],"about":[{"href":"https:\/\/vimaterial.de\/es\/wp-json\/wp\/v2\/types\/product"}],"replies":[{"embeddable":true,"href":"https:\/\/vimaterial.de\/es\/wp-json\/wp\/v2\/comments?post=1023806"}],"wp:featuredmedia":[{"embeddable":true,"href":"https:\/\/vimaterial.de\/es\/wp-json\/wp\/v2\/media\/1032897"}],"wp:attachment":[{"href":"https:\/\/vimaterial.de\/es\/wp-json\/wp\/v2\/media?parent=1023806"}],"wp:term":[{"taxonomy":"product_brand","embeddable":true,"href":"https:\/\/vimaterial.de\/es\/wp-json\/wp\/v2\/product_brand?post=1023806"},{"taxonomy":"product_cat","embeddable":true,"href":"https:\/\/vimaterial.de\/es\/wp-json\/wp\/v2\/product_cat?post=1023806"},{"taxonomy":"product_tag","embeddable":true,"href":"https:\/\/vimaterial.de\/es\/wp-json\/wp\/v2\/product_tag?post=1023806"}],"curies":[{"name":"wp","href":"https:\/\/api.w.org\/{rel}","templated":true}]}}