{"id":1023703,"date":"2024-06-17T15:47:24","date_gmt":"2024-06-17T07:47:24","guid":{"rendered":"https:\/\/vimaterial.de\/product\/cloruro-de-hafnio\/"},"modified":"2024-09-05T15:21:52","modified_gmt":"2024-09-05T07:21:52","slug":"cloruro-de-hafnio","status":"publish","type":"product","link":"https:\/\/vimaterial.de\/es\/product\/cloruro-de-hafnio\/","title":{"rendered":"Cloruro de hafnio"},"content":{"rendered":"<p>El cloruro de hafnio (HfCl\u2084) es un compuesto inorg\u00e1nico com\u00fanmente utilizado en diversas aplicaciones industriales y de investigaci\u00f3n.Aqu\u00ed hay una descripci\u00f3n detallada del polvo de cloruro de hafnio (HfCl\u2084).<\/p>\n<p>Propiedades<\/p>\n<p>F\u00f3rmula qu\u00edmica: HfCl\u2084<\/p>\n<p>Peso molecular: 320,30 g\/mol<\/p>\n<p>Aspecto: Polvo cristalino de color blanco a blanquecino.<\/p>\n<p>Punto de fusi\u00f3n: 432 \u00b0C (se descompone antes de hervir).<\/p>\n<p>Solubilidad: Reacciona con el agua (hidroliza) para formar oxicloruro de hafnio y \u00e1cido clorh\u00eddrico (HCl).<\/p>\n<p>Aplicaciones<\/p>\n<p>1. Deposici\u00f3n qu\u00edmica de vapor (CVD): El cloruro de hafnio se utiliza como precursor en CVD para producir pel\u00edculas delgadas de di\u00f3xido de hafnio (HfO\u2082) y otros materiales a base de hafnio.<br \/>\nEl HfO\u2082 se usa ampliamente en la fabricaci\u00f3n de semiconductores, particularmente en materiales diel\u00e9ctricos de alta k para aisladores de puerta en transistores.<br \/>\n2. S\u00edntesis de materiales: Se emplea en la preparaci\u00f3n de otros compuestos de hafnio, como carburo de hafnio (HfC), \u00f3xido de hafnio (HfO\u2082) y diversas aleaciones.<br \/>\n3. Catalizadores: El cloruro de hafnio puede actuar como catalizador o precursor del catalizador en las reacciones de s\u00edntesis org\u00e1nica y polimerizaci\u00f3n.<br \/>\n4. Aplicaciones nucleares: Las excelentes propiedades de absorci\u00f3n de neutrones del hafnio hacen que el HfCl\u2084 sea \u00fatil en la industria nuclear, donde los materiales a base de hafnio se emplean en las barras de control y otros componentes de los reactores nucleares.<br \/>\n5. Usos metal\u00fargicos: El hafnio a menudo se alea con otros metales para mejorar la resistencia a la corrosi\u00f3n y la estabilidad a altas temperaturas, particularmente en aplicaciones aeroespaciales.<\/p>\n","protected":false},"excerpt":{"rendered":"<p>El cloruro de hafnio (HfCl\u2084) es un compuesto inorg\u00e1nico com\u00fanmente utilizado en diversas aplicaciones industriales y de investigaci\u00f3n.Aqu\u00ed hay una descripci\u00f3n detallada del polvo de cloruro de hafnio (HfCl\u2084).<\/p>\n<p>Propiedades<\/p>\n<p>F\u00f3rmula qu\u00edmica: HfCl\u2084<\/p>\n<p>Peso molecular: 320,30 g\/mol<\/p>\n<p>Aspecto: Polvo cristalino de color blanco a blanquecino.<\/p>\n<p>Punto de fusi\u00f3n: 432 \u00b0C (se descompone antes de hervir).<\/p>\n<p>Solubilidad: Reacciona con el agua (hidroliza) para formar oxicloruro de hafnio y \u00e1cido clorh\u00eddrico (HCl).<\/p>\n<p>Aplicaciones<\/p>\n<p>1. Deposici\u00f3n qu\u00edmica de vapor (CVD): El cloruro de hafnio se utiliza como precursor en CVD para producir pel\u00edculas delgadas de di\u00f3xido de hafnio (HfO\u2082) y otros materiales a base de hafnio.<br \/>\nEl HfO\u2082 se usa ampliamente en la fabricaci\u00f3n de semiconductores, particularmente en materiales diel\u00e9ctricos de alta k para aisladores de puerta en transistores.<br \/>\n2. S\u00edntesis de materiales: Se emplea en la preparaci\u00f3n de otros compuestos de hafnio, como carburo de hafnio (HfC), \u00f3xido de hafnio (HfO\u2082) y diversas aleaciones.<br \/>\n3. Catalizadores: El cloruro de hafnio puede actuar como catalizador o precursor del catalizador en las reacciones de s\u00edntesis org\u00e1nica y polimerizaci\u00f3n.<br \/>\n4. Aplicaciones nucleares: Las excelentes propiedades de absorci\u00f3n de neutrones del hafnio hacen que el HfCl\u2084 sea \u00fatil en la industria nuclear, donde los materiales a base de hafnio se emplean en las barras de control y otros componentes de los reactores nucleares.<br \/>\n5. Usos metal\u00fargicos: El hafnio a menudo se alea con otros metales para mejorar la resistencia a la corrosi\u00f3n y la estabilidad a altas temperaturas, particularmente en aplicaciones aeroespaciales.<\/p>\n","protected":false},"featured_media":1032937,"comment_status":"open","ping_status":"closed","template":"","meta":{"_acf_changed":false},"product_brand":[],"product_cat":[182],"product_tag":[],"class_list":{"0":"post-1023703","1":"product","2":"type-product","3":"status-publish","4":"has-post-thumbnail","6":"product_cat-materiales-halogenados","8":"first","9":"instock","10":"shipping-taxable","11":"purchasable","12":"product-type-variable"},"acf":[],"_links":{"self":[{"href":"https:\/\/vimaterial.de\/es\/wp-json\/wp\/v2\/product\/1023703","targetHints":{"allow":["GET"]}}],"collection":[{"href":"https:\/\/vimaterial.de\/es\/wp-json\/wp\/v2\/product"}],"about":[{"href":"https:\/\/vimaterial.de\/es\/wp-json\/wp\/v2\/types\/product"}],"replies":[{"embeddable":true,"href":"https:\/\/vimaterial.de\/es\/wp-json\/wp\/v2\/comments?post=1023703"}],"wp:featuredmedia":[{"embeddable":true,"href":"https:\/\/vimaterial.de\/es\/wp-json\/wp\/v2\/media\/1032937"}],"wp:attachment":[{"href":"https:\/\/vimaterial.de\/es\/wp-json\/wp\/v2\/media?parent=1023703"}],"wp:term":[{"taxonomy":"product_brand","embeddable":true,"href":"https:\/\/vimaterial.de\/es\/wp-json\/wp\/v2\/product_brand?post=1023703"},{"taxonomy":"product_cat","embeddable":true,"href":"https:\/\/vimaterial.de\/es\/wp-json\/wp\/v2\/product_cat?post=1023703"},{"taxonomy":"product_tag","embeddable":true,"href":"https:\/\/vimaterial.de\/es\/wp-json\/wp\/v2\/product_tag?post=1023703"}],"curies":[{"name":"wp","href":"https:\/\/api.w.org\/{rel}","templated":true}]}}