{"id":1023648,"date":"2024-06-17T15:47:24","date_gmt":"2024-06-17T07:47:24","guid":{"rendered":"https:\/\/vimaterial.de\/product\/nitruro-de-hafnio-2\/"},"modified":"2025-09-23T14:01:16","modified_gmt":"2025-09-23T06:01:16","slug":"nitruro-de-hafnio-2","status":"publish","type":"product","link":"https:\/\/vimaterial.de\/es\/product\/nitruro-de-hafnio-2\/","title":{"rendered":"Nitruro de hafnio"},"content":{"rendered":"<h2><span style=\"font-size: 14pt;\">Descripci\u00f3n general del producto: blancos de nitruro de hafnio para pulverizaci\u00f3n cat\u00f3dica<\/span><\/h2>\n<p>Los blancos de <span style=\"color: #0000ff;\"><a style=\"color: #0000ff;\" href=\"https:\/\/vimaterial.de\/es\/search\/?type=element&#038;keyword=HfN\">nitruro de hafnio<\/a><\/span> para pulverizaci\u00f3n cat\u00f3dica est\u00e1n fabricados con nitruro de hafnio de alta pureza y se utilizan ampliamente en la deposici\u00f3n de pel\u00edculas delgadas, la tecnolog\u00eda de recubrimiento y la industria de semiconductores. Los blancos de nitruro de hafnio para pulverizaci\u00f3n cat\u00f3dica de VImaterial ofrecen una excelente estabilidad qu\u00edmica y dureza, lo que los hace adecuados para diversas aplicaciones de pel\u00edculas delgadas de alta precisi\u00f3n. Proporcionan una velocidad de pulverizaci\u00f3n uniforme durante la deposici\u00f3n de pel\u00edculas delgadas, lo que permite un control preciso del espesor y la calidad del material depositado.<\/p>\n<h2><span style=\"font-size: 14pt;\">Ventajas del producto<\/span><\/h2>\n<p><strong>Material de alta pureza:<\/strong> Nuestros blancos est\u00e1n fabricados con materias primas de alta pureza, lo que garantiza la ausencia de impurezas durante el proceso de pulverizaci\u00f3n cat\u00f3dica y la obtenci\u00f3n de pel\u00edculas de alta calidad.<\/p>\n<p><strong>Excelente estabilidad t\u00e9rmica:<\/strong> Nuestros blancos ofrecen alta conductividad t\u00e9rmica y resistencia a altas temperaturas, lo que permite un funcionamiento estable en entornos de alta temperatura y son adecuados para procesos de deposici\u00f3n en diversas condiciones extremas.<\/p>\n<p><strong>Fuerte estabilidad qu\u00edmica:<\/strong> Nuestros blancos son altamente resistentes a la oxidaci\u00f3n y la corrosi\u00f3n, manteniendo una estabilidad a largo plazo en diversos entornos qu\u00edmicos. Amplias aplicaciones: Adecuado para recubrimientos duros, recubrimientos funcionales, recubrimientos \u00f3pticos, pel\u00edculas delgadas de semiconductores y otras aplicaciones, cumpliendo con los requisitos de los procesos de deposici\u00f3n de pel\u00edculas delgadas de alta gama.<\/p>\n<h2><span style=\"font-size: 14pt;\">Par\u00e1metros t\u00e9cnicos<\/span><\/h2>\n<table style=\"border-collapse: collapse; width: 60.7809%;\">\n<tbody>\n<tr>\n<td style=\"width: 25.0576%; text-align: center;\">Par\u00e1metros<\/td>\n<td style=\"width: 35.9923%; text-align: center;\">Especificaciones<\/td>\n<\/tr>\n<tr>\n<td style=\"width: 25.0576%; text-align: center;\">F\u00f3rmula qu\u00edmica<\/td>\n<td style=\"width: 35.9923%; text-align: center;\">HfN<\/td>\n<\/tr>\n<tr>\n<td style=\"width: 25.0576%; text-align: center;\">Pureza<\/td>\n<td style=\"width: 35.9923%; text-align: center;\">99.5%<\/td>\n<\/tr>\n<tr>\n<td style=\"width: 25.0576%; text-align: center;\">Di\u00e1metro y espesor<\/td>\n<td style=\"width: 35.9923%; text-align: center;\">Personalizado<\/td>\n<\/tr>\n<tr>\n<td style=\"width: 25.0576%; text-align: center;\">Densidad<\/td>\n<td style=\"width: 35.9923%; text-align: center;\">12.5 g\/cm\u00b3<\/td>\n<\/tr>\n<tr>\n<td style=\"width: 25.0576%; text-align: center;\">Dureza<\/td>\n<td style=\"width: 35.9923%; text-align: center;\">1600 HV<\/td>\n<\/tr>\n<tr>\n<td style=\"width: 25.0576%; text-align: center;\">Conductividad t\u00e9rmica<\/td>\n<td style=\"width: 35.9923%; text-align: center;\">14 W\/m\u00b7K<\/td>\n<\/tr>\n<tr>\n<td style=\"width: 25.0576%; text-align: center;\">Temperatura de funcionamiento<\/td>\n<td style=\"width: 35.9923%; text-align: center;\">1000 \u00b0C (hasta 1500 \u00b0C)<\/td>\n<\/tr>\n<tr>\n<td style=\"width: 25.0576%; text-align: center;\">M\u00e9todo de pulverizaci\u00f3n cat\u00f3dica<\/td>\n<td style=\"width: 35.9923%; text-align: center;\">Pulsaci\u00f3n cat\u00f3dica CC \/ Puls\u00e1til RF \/ Puls\u00e1til l\u00e1ser pulsado<\/td>\n<\/tr>\n<tr>\n<td style=\"width: 25.0576%; text-align: center;\"><span style=\"color: #0000ff;\"><a style=\"color: #0000ff;\" href=\"https:\/\/en.wikipedia.org\/wiki\/Crystal_structure\" rel=\"nofollow noopener\" target=\"_blank\">Estructura cristalina<\/a><\/span><\/td>\n<td style=\"width: 35.9923%; text-align: center;\">C\u00fabica centrada en la cara (FCC)<\/td>\n<\/tr>\n<tr>\n<td style=\"width: 25.0576%; text-align: center;\">M\u00e9todo de uni\u00f3n<\/td>\n<td style=\"width: 35.9923%; text-align: center;\">Uni\u00f3n met\u00e1lica \/ Adhesivo conductivo \/ Soldadura de placa base<\/td>\n<\/tr>\n<tr>\n<td style=\"width: 25.0576%; text-align: center;\">Opciones de placa base<\/td>\n<td style=\"width: 35.9923%; text-align: center;\">Placa base de cobre \/ Placa base de aluminio \/ Placa base de acero inoxidable<\/td>\n<\/tr>\n<\/tbody>\n<\/table>\n<h2><span style=\"font-size: 14pt;\">Aplicaciones<\/span><\/h2>\n<p><strong>Recubrimientos duros y funcionales:<\/strong> Con una excelente dureza y resistencia al desgaste, estas pel\u00edculas son adecuadas para recubrimientos superficiales en herramientas de corte, moldes, componentes electr\u00f3nicos y otros Aplicaciones, mejorando la durabilidad del material y la resistencia al rayado.<\/p>\n<p><strong>Recubrimientos \u00f3pticos:<\/strong> Las pel\u00edculas de nitruro de hafnio se pueden utilizar en recubrimientos reflectantes de alta temperatura, dispositivos \u00f3pticos, reflectores l\u00e1ser y otros componentes \u00f3pticos, proporcionando una mejor reflectividad y resistencia a los da\u00f1os causados \u200b\u200bpor la luz.<\/p>\n<p><strong>Industria de semiconductores:<\/strong> Ampliamente utilizadas como capas resistentes a la radiaci\u00f3n o de aislamiento el\u00e9ctrico en dispositivos semiconductores, especialmente en electr\u00f3nica de potencia, MEMS y optoelectr\u00f3nica.<\/p>\n<p><strong>Tecnolog\u00eda de bater\u00edas:<\/strong> Las pel\u00edculas delgadas de nitruro de hafnio se pueden utilizar en bater\u00edas de litio, supercondensadores y otros dispositivos de almacenamiento de energ\u00eda, mejorando su conductividad y estabilidad, y prolongando as\u00ed su vida \u00fatil.<\/p>\n<h2><span style=\"font-size: 14pt;\">\u00bfPor qu\u00e9 elegir VIMATERIAL?<\/span><\/h2>\n<p><span style=\"color: #0000ff;\"><a style=\"color: #0000ff;\" href=\"https:\/\/vimaterial.de\/es\/control-de-calidad\/\"><strong>Garant\u00eda de alta calidad:<\/strong> <\/a><\/span>Todos los blancos de pulverizaci\u00f3n cat\u00f3dica de nitruro de hafnio que ofrecemos se someten a rigurosas pruebas de calidad para garantizar su estabilidad y fiabilidad en diversas aplicaciones de alta precisi\u00f3n.<\/p>\n<p><strong>Personalizaci\u00f3n:<\/strong> Seg\u00fan sus necesidades espec\u00edficas, podemos ofrecer servicios personalizados con diferentes tama\u00f1os y purezas para satisfacer los requisitos espec\u00edficos de diversos equipos de pulverizaci\u00f3n cat\u00f3dica.<\/p>\n<p><strong>Precios competitivos:<\/strong> Como fabricante profesional de objetivos de pulverizaci\u00f3n cat\u00f3dica, VIMATERIAL ofrece a sus clientes productos rentables y garantiza un suministro estable y a largo plazo.<\/p>\n<p><strong>Soporte t\u00e9cnico:<\/strong> Nuestro equipo t\u00e9cnico ofrece servicios integrales de soporte y consultor\u00eda para ayudar a los clientes a resolver diversos problemas relacionados con el uso de objetivos de pulverizaci\u00f3n cat\u00f3dica y garantizar un proceso sin contratiempos.<\/p>\n<h2><span style=\"font-size: 14pt;\">Preguntas frecuentes (FAQ)<\/span><\/h2>\n<h3><span style=\"font-size: 12pt;\">P1: \u00bfSon estables los blancos de nitruro de hafnio a altas temperaturas?<\/span><\/h3>\n<p>R1: S\u00ed, los blancos de nitruro de hafnio tienen una excelente estabilidad t\u00e9rmica y pueden operar de forma estable a temperaturas de hasta 1000 \u00b0C, lo que los hace adecuados para aplicaciones de deposici\u00f3n de pel\u00edcula delgada a alta temperatura.<\/p>\n<h3><span style=\"font-size: 12pt;\">P2: \u00bfPuedo personalizar el tama\u00f1o de mis blancos de pulverizaci\u00f3n cat\u00f3dica? \u00bfPuedo personalizar mis productos?<\/span><\/h3>\n<p>R2: S\u00ed, <span style=\"color: #0000ff;\"><a style=\"color: #0000ff;\" href=\"https:\/\/vimaterial.de\/es\/contacto\/\">VIMATERIAL<\/a> <\/span>ofrece tama\u00f1os personalizados para satisfacer las necesidades de diferentes equipos de pulverizaci\u00f3n cat\u00f3dica.<\/p>\n<h3><span style=\"font-size: 12pt;\">P3: \u00bfPuede VIMATERIAL personalizar mis productos?<\/span><\/h3>\n<p>R3: Contamos con un equipo t\u00e9cnico profesional que ofrece soporte para la personalizaci\u00f3n de productos. Por favor, proporci\u00f3nenos informaci\u00f3n o ideas relevantes para su evaluaci\u00f3n.<\/p>\n<h3><span style=\"font-size: 12pt;\">P4: \u00bfQu\u00e9 precauciones se deben tomar al pulverizar blancos de nitruro de hafnio?<\/span><\/h3>\n<p>A4: Al pulverizar nitruro de hafnio, se deben tener en cuenta los siguientes puntos:<\/p>\n<p>1. Selecci\u00f3n de la atm\u00f3sfera de pulverizaci\u00f3n: Utilice nitr\u00f3geno (N\u2082) o arg\u00f3n (Ar) como gas de pulverizaci\u00f3n. El nitr\u00f3geno ayuda a que el objetivo de nitruro de hafnio forme una pel\u00edcula de nitruro estable sobre el sustrato.<\/p>\n<p>2. Control de la potencia de pulverizaci\u00f3n: Mantenga una potencia de pulverizaci\u00f3n adecuada para evitar el sobrecalentamiento o la evaporaci\u00f3n de la superficie del objetivo, lo cual podr\u00eda afectar la calidad de la pel\u00edcula.<\/p>\n<p>3. Temperatura del sustrato: La temperatura del sustrato debe controlarse dentro de un rango adecuado para garantizar la calidad y uniformidad de la pel\u00edcula, y para evitar la cristalizaci\u00f3n excesiva o el agrietamiento por fragilidad.<\/p>\n<p>4. Limpieza de la superficie del objetivo: Aseg\u00farese de que la superficie del objetivo est\u00e9 libre de contaminantes. La limpieza se puede realizar antes de su uso para evitar cualquier impacto en el rendimiento de la pulverizaci\u00f3n.<\/p>\n<p>5. Monitoreo de la velocidad de pulverizaci\u00f3n: Mantenga una velocidad de pulverizaci\u00f3n estable para garantizar un espesor de pel\u00edcula uniforme y adaptarse a los diferentes requisitos de deposici\u00f3n.<\/p>\n<h2><span style=\"font-size: 14pt;\">Embalaje y Env\u00edo<\/span><\/h2>\n<h3><span style=\"font-size: 12pt;\">Embalaje<\/span><\/h3>\n<p>Los blancos de nitruro de hafnio para pulverizaci\u00f3n cat\u00f3dica se embalan en estricta conformidad con las normas internacionales antes de su env\u00edo. Utilizamos bolsas de pl\u00e1stico antiest\u00e1ticas, espuma y cajas exteriores de alta resistencia para protegerlos de da\u00f1os durante el transporte. La superficie del blanco tambi\u00e9n recibe un tratamiento protector para evitar ara\u00f1azos y otros da\u00f1os mec\u00e1nicos durante el transporte.<\/p>\n<h3><span style=\"font-size: 12pt;\">Transporte<\/span><\/h3>\n<p>Ofrecemos diversas opciones de env\u00edo, incluyendo mar\u00edtimo, a\u00e9reo y terrestre, para garantizar una entrega puntual y segura. Todos los procedimientos de transporte cumplen estrictamente con las normativas internacionales de env\u00edo para garantizar que los blancos de nitruro de hafnio se encuentren en \u00f3ptimas condiciones al momento de la entrega.<\/p>\n<h3><span style=\"font-size: 12pt;\">Almacenamiento<\/span><\/h3>\n<p>Los blancos de nitruro de hafnio deben almacenarse en un ambiente seco y fresco, evitando la exposici\u00f3n directa a la humedad, gases corrosivos o altas temperaturas para garantizar que su rendimiento y calidad no se vean afectados.<\/p>\n<h2><span style=\"font-size: 14pt;\">Productos Recomendados<\/span><\/h2>\n<p><span style=\"color: #0000ff;\"><a style=\"color: #0000ff;\" href=\"https:\/\/vimaterial.de\/es\/product\/oxido-de-hafnio\/\"><strong>Blancos de \u00f3xido de hafnio (HfO\u2082)<\/strong>:<\/a> <\/span>Se utilizan en recubrimientos, condensadores y pel\u00edculas delgadas \u00f3pticas resistentes al calor y a altas temperaturas; ofrecen excelentes propiedades el\u00e9ctricas y estabilidad qu\u00edmica.<\/p>\n<p><strong><span style=\"color: #0000ff;\"><a style=\"color: #0000ff;\" href=\"https:\/\/vimaterial.de\/es\/product\/nitruro-de-silicio\/\">Blancos de nitruro de silicio (Si\u2083N\u2084)<\/a><\/span>:<\/strong> Adecuados para la fabricaci\u00f3n de componentes electr\u00f3nicos, c\u00e9lulas solares y dispositivos \u00f3pticos, ofrecen alta resistividad y resistencia al desgaste.<\/p>\n<p><strong><span style=\"color: #0000ff;\"><a style=\"color: #0000ff;\" href=\"https:\/\/vimaterial.de\/es\/product\/nitruro-de-tantalo-2\/\">Blancos de nitruro de tantalio (TaN)<\/a><\/span>:<\/strong> Se utilizan en la industria de semiconductores, resistencias de pel\u00edcula delgada y circuitos integrados.<\/p>\n<h2><span style=\"font-size: 14pt;\">Informes y documentaci\u00f3n t\u00e9cnica<\/span><\/h2>\n<p>Proporcionamos documentaci\u00f3n t\u00e9cnica completa para blancos de nitruro de hafnio para pulverizaci\u00f3n cat\u00f3dica, incluyendo un certificado de an\u00e1lisis (COA), una ficha t\u00e9cnica (TDS) y una ficha de datos de seguridad (MSDS). Puede descargar la documentaci\u00f3n directamente desde la p\u00e1gina del producto o dejar un mensaje para contactarnos. Le proporcionaremos un informe completo del producto adaptado a sus necesidades. Adem\u00e1s, si lo solicita, podemos suministrar muestras para su verificaci\u00f3n por parte de laboratorios de pruebas externos, garantizando as\u00ed el pleno cumplimiento y la fiabilidad.<\/p>\n","protected":false},"excerpt":{"rendered":"<p>Los blancos de <span style=\"color: #0000ff;\"><a style=\"color: #0000ff;\" href=\"https:\/\/vimaterial.de\/es\/search\/?type=element&#038;keyword=HfN\">nitruro de hafnio<\/a><\/span> para pulverizaci\u00f3n cat\u00f3dica est\u00e1n fabricados con nitruro de hafnio de alta pureza y se utilizan ampliamente en la deposici\u00f3n de pel\u00edculas delgadas, la tecnolog\u00eda de recubrimiento y la industria de semiconductores. Los blancos de nitruro de hafnio para pulverizaci\u00f3n cat\u00f3dica de VImaterial ofrecen una excelente estabilidad qu\u00edmica y dureza, lo que los hace adecuados para diversas aplicaciones de pel\u00edculas delgadas de alta precisi\u00f3n. Proporcionan una velocidad de pulverizaci\u00f3n uniforme durante la deposici\u00f3n de pel\u00edculas delgadas, lo que permite un control preciso del espesor y la calidad del material depositado.<\/p>\n","protected":false},"featured_media":1032962,"comment_status":"open","ping_status":"closed","template":"","meta":{"_acf_changed":false},"product_brand":[],"product_cat":[178],"product_tag":[],"class_list":{"0":"post-1023648","1":"product","2":"type-product","3":"status-publish","4":"has-post-thumbnail","6":"product_cat-catodos-para-sputtering-planar","8":"first","9":"instock","10":"shipping-taxable","11":"product-type-variable"},"acf":[],"_links":{"self":[{"href":"https:\/\/vimaterial.de\/es\/wp-json\/wp\/v2\/product\/1023648","targetHints":{"allow":["GET"]}}],"collection":[{"href":"https:\/\/vimaterial.de\/es\/wp-json\/wp\/v2\/product"}],"about":[{"href":"https:\/\/vimaterial.de\/es\/wp-json\/wp\/v2\/types\/product"}],"replies":[{"embeddable":true,"href":"https:\/\/vimaterial.de\/es\/wp-json\/wp\/v2\/comments?post=1023648"}],"wp:featuredmedia":[{"embeddable":true,"href":"https:\/\/vimaterial.de\/es\/wp-json\/wp\/v2\/media\/1032962"}],"wp:attachment":[{"href":"https:\/\/vimaterial.de\/es\/wp-json\/wp\/v2\/media?parent=1023648"}],"wp:term":[{"taxonomy":"product_brand","embeddable":true,"href":"https:\/\/vimaterial.de\/es\/wp-json\/wp\/v2\/product_brand?post=1023648"},{"taxonomy":"product_cat","embeddable":true,"href":"https:\/\/vimaterial.de\/es\/wp-json\/wp\/v2\/product_cat?post=1023648"},{"taxonomy":"product_tag","embeddable":true,"href":"https:\/\/vimaterial.de\/es\/wp-json\/wp\/v2\/product_tag?post=1023648"}],"curies":[{"name":"wp","href":"https:\/\/api.w.org\/{rel}","templated":true}]}}