{"id":1023388,"date":"2024-06-17T15:47:26","date_gmt":"2024-06-17T07:47:26","guid":{"rendered":"https:\/\/vimaterial.de\/product\/seleniuro-de-hafnio\/"},"modified":"2024-10-29T11:14:34","modified_gmt":"2024-10-29T03:14:34","slug":"seleniuro-de-hafnio","status":"publish","type":"product","link":"https:\/\/vimaterial.de\/es\/product\/seleniuro-de-hafnio\/","title":{"rendered":"Seleniuro de hafnio"},"content":{"rendered":"<p>Las part\u00edculas de Seleniuro de hafnio son un material con propiedades f\u00edsicas y qu\u00edmicas \u00fanicas.<\/p>\n<p>Informaci\u00f3n b\u00e1sica<\/p>\n<p>F\u00f3rmula qu\u00edmica y composici\u00f3n: La f\u00f3rmula qu\u00edmica del HfSe\u2082 indica claramente que est\u00e1 formado por los elementos hafnio (Hf) y selenio (Se) en una proporci\u00f3n estequiom\u00e9trica de 1:2. Peso molecular: 336,41.<\/p>\n<p>Estructura cristalina: HfSe\u2082 tiene una estructura cristalina estratificada t\u00edpica.<\/p>\n<p>Aspecto y morfolog\u00eda: Suele presentarse como una sustancia granular de color negro o gris.<\/p>\n<p>Densidad: Tiene una densidad relativamente alta, que est\u00e1 relacionada con la masa at\u00f3mica de los propios elementos hafnio y selenio, as\u00ed como con la estructura cristalina compacta.<\/p>\n<p>Punto de fusi\u00f3n y estabilidad t\u00e9rmica: El HfSe\u2082 tiene un alto punto de fusi\u00f3n, lo que significa que es capaz de mantener una relativa estabilidad estructural en entornos de alta temperatura.<\/p>\n<p>\u00c1mbitos de aplicaci\u00f3n<\/p>\n<p>Campo de dispositivos electr\u00f3nicos: Debido a sus buenas propiedades el\u00e9ctricas, especialmente su alta movilidad de portadores y su adecuada banda prohibida como material semiconductor, el Seleniuro de hafnio se puede utilizar en la preparaci\u00f3n de dispositivos electr\u00f3nicos como transistores de efecto de campo (FET) y circuitos integrados.<\/p>\n<p>Campo de los dispositivos optoelectr\u00f3nicos: Utilizando sus propiedades \u00f3pticas, el HfSe\u2082 tiene aplicaciones potenciales en dispositivos optoelectr\u00f3nicos como fotodetectores, diodos emisores de luz (LED) y c\u00e9lulas solares.<\/p>\n<p>Almacenamiento de energ\u00eda: El HfSe\u2082 tiene una estructura estratificada y sus propiedades el\u00e9ctricas lo hacen prometedor para su uso en dispositivos de almacenamiento de energ\u00eda, como bater\u00edas de iones de litio y supercondensadores.<\/p>\n<p>Campo de investigaci\u00f3n de materiales cu\u00e1nticos: como material con propiedades f\u00edsicas especiales, el HfSe\u2082 tambi\u00e9n ha atra\u00eddo mucha atenci\u00f3n en la investigaci\u00f3n de materiales cu\u00e1nticos.<\/p>\n","protected":false},"excerpt":{"rendered":"<p>Las part\u00edculas de Seleniuro de hafnio son un material con propiedades f\u00edsicas y qu\u00edmicas \u00fanicas.<\/p>\n<p>Campo de dispositivos electr\u00f3nicos: Debido a sus buenas propiedades el\u00e9ctricas, especialmente su alta movilidad de portadores y su adecuada banda prohibida como material semiconductor, el selenuro de hafnio se puede utilizar en la preparaci\u00f3n de dispositivos electr\u00f3nicos como transistores de efecto de campo (FET) y circuitos integrados.<\/p>\n<p>Campo de los dispositivos optoelectr\u00f3nicos: Gracias a sus propiedades \u00f3pticas, el selenuro de hafnio tiene aplicaciones potenciales en dispositivos optoelectr\u00f3nicos como fotodetectores, diodos emisores de luz (LED) y c\u00e9lulas solares.<\/p>\n","protected":false},"featured_media":1033002,"comment_status":"open","ping_status":"closed","template":"","meta":{"_acf_changed":false},"product_brand":[],"product_cat":[179],"product_tag":[],"class_list":{"0":"post-1023388","1":"product","2":"type-product","3":"status-publish","4":"has-post-thumbnail","6":"product_cat-materiales-de-evaporacion","8":"first","9":"instock","10":"shipping-taxable","11":"product-type-variable"},"acf":[],"_links":{"self":[{"href":"https:\/\/vimaterial.de\/es\/wp-json\/wp\/v2\/product\/1023388","targetHints":{"allow":["GET"]}}],"collection":[{"href":"https:\/\/vimaterial.de\/es\/wp-json\/wp\/v2\/product"}],"about":[{"href":"https:\/\/vimaterial.de\/es\/wp-json\/wp\/v2\/types\/product"}],"replies":[{"embeddable":true,"href":"https:\/\/vimaterial.de\/es\/wp-json\/wp\/v2\/comments?post=1023388"}],"wp:featuredmedia":[{"embeddable":true,"href":"https:\/\/vimaterial.de\/es\/wp-json\/wp\/v2\/media\/1033002"}],"wp:attachment":[{"href":"https:\/\/vimaterial.de\/es\/wp-json\/wp\/v2\/media?parent=1023388"}],"wp:term":[{"taxonomy":"product_brand","embeddable":true,"href":"https:\/\/vimaterial.de\/es\/wp-json\/wp\/v2\/product_brand?post=1023388"},{"taxonomy":"product_cat","embeddable":true,"href":"https:\/\/vimaterial.de\/es\/wp-json\/wp\/v2\/product_cat?post=1023388"},{"taxonomy":"product_tag","embeddable":true,"href":"https:\/\/vimaterial.de\/es\/wp-json\/wp\/v2\/product_tag?post=1023388"}],"curies":[{"name":"wp","href":"https:\/\/api.w.org\/{rel}","templated":true}]}}