{"id":1023386,"date":"2024-06-17T15:47:26","date_gmt":"2024-06-17T07:47:26","guid":{"rendered":"https:\/\/vimaterial.de\/product\/sulfuro-de-hafnio\/"},"modified":"2024-10-29T10:55:17","modified_gmt":"2024-10-29T02:55:17","slug":"sulfuro-de-hafnio","status":"publish","type":"product","link":"https:\/\/vimaterial.de\/es\/product\/sulfuro-de-hafnio\/","title":{"rendered":"Sulfuro de hafnio"},"content":{"rendered":"<p>El polvo de sulfuro de hafnio es un importante compuesto inorg\u00e1nico en polvo.<\/p>\n<h3>Informaci\u00f3n b\u00e1sica:<\/h3>\n<p>F\u00f3rmula qu\u00edmica: HfS\u2082, indica que consta de dos elementos, hafnio (Hf) y azufre (S), con un peso molecular de 242,62 g\/mol.<\/p>\n<p>N\u00ba CAS: 18855-94-2.<\/p>\n<p>Aspecto: generalmente polvo gris o morado.<\/p>\n<p>Estructura cristalina: Estructura en capas, las capas interact\u00faan entre s\u00ed a trav\u00e9s de fuerzas d\u00e9biles de van der Waals.<\/p>\n<p>Punto de fusi\u00f3n: alto, con buena estabilidad t\u00e9rmica. Solubilidad: Insoluble en agua, \u00e1cidos y bases.<\/p>\n<h3>Campos de aplicaci\u00f3n:<\/h3>\n<p>Material de la capa de transporte del orificio: el sulfuro de hafnio tiene una movilidad de portador muy alta y una alta figura de m\u00e9rito, y su estructura bidimensional tambi\u00e9n tiene una alta transmitancia de luz, lo que lo hace muy adecuado como material para la capa de transporte del agujero de las c\u00e9lulas solares org\u00e1nicas.<\/p>\n<p>Fotodetectores: El sulfuro de hafnio es un material semiconductor cuyas propiedades \u00f3pticas y el\u00e9ctricas \u00fanicas le confieren potencial para su aplicaci\u00f3n en fotodetectores.<\/p>\n<p>Diodo emisor de luz (LED): Se puede utilizar como material emisor de luz o material auxiliar para LED para mejorar la eficiencia luminosa y la estabilidad del rendimiento de los LED.<\/p>\n<p>Transistores de efecto de campo (FET): El sulfuro de hafnio se puede despegar mediante el m\u00e9todo de cinta o el m\u00e9todo de extracci\u00f3n en fase l\u00edquida para producir un material bidimensional con un grosor de unas pocas capas at\u00f3micas, y estas nanohojas bidimensionales de HfS\u2082 se pueden usar para fabricar transistores de efecto de campo.<\/p>\n","protected":false},"excerpt":{"rendered":"<p>El polvo de sulfuro de hafnio es un importante compuesto inorg\u00e1nico en polvo.<\/p>\n<p>Material de la capa de transporte del orificio: HfS \u2082 tiene una movilidad de portador muy alta y una alta figura de m\u00e9rito, y su estructura bidimensional tambi\u00e9n tiene una alta transmitancia de luz, lo que lo hace muy adecuado como material para la capa de transporte del orificio de las c\u00e9lulas solares org\u00e1nicas.<\/p>\n<p>Fotodetectores: El HfS\u2082 es un material semiconductor cuyas propiedades \u00f3pticas y el\u00e9ctricas \u00fanicas le confieren potencial para su aplicaci\u00f3n en fotodetectores.<\/p>\n","protected":false},"featured_media":1032997,"comment_status":"open","ping_status":"closed","template":"","meta":{"_acf_changed":false},"product_brand":[],"product_cat":[181],"product_tag":[],"class_list":{"0":"post-1023386","1":"product","2":"type-product","3":"status-publish","4":"has-post-thumbnail","6":"product_cat-materiales-calcogenuros","8":"first","9":"instock","10":"shipping-taxable","11":"product-type-variable"},"acf":[],"_links":{"self":[{"href":"https:\/\/vimaterial.de\/es\/wp-json\/wp\/v2\/product\/1023386","targetHints":{"allow":["GET"]}}],"collection":[{"href":"https:\/\/vimaterial.de\/es\/wp-json\/wp\/v2\/product"}],"about":[{"href":"https:\/\/vimaterial.de\/es\/wp-json\/wp\/v2\/types\/product"}],"replies":[{"embeddable":true,"href":"https:\/\/vimaterial.de\/es\/wp-json\/wp\/v2\/comments?post=1023386"}],"wp:featuredmedia":[{"embeddable":true,"href":"https:\/\/vimaterial.de\/es\/wp-json\/wp\/v2\/media\/1032997"}],"wp:attachment":[{"href":"https:\/\/vimaterial.de\/es\/wp-json\/wp\/v2\/media?parent=1023386"}],"wp:term":[{"taxonomy":"product_brand","embeddable":true,"href":"https:\/\/vimaterial.de\/es\/wp-json\/wp\/v2\/product_brand?post=1023386"},{"taxonomy":"product_cat","embeddable":true,"href":"https:\/\/vimaterial.de\/es\/wp-json\/wp\/v2\/product_cat?post=1023386"},{"taxonomy":"product_tag","embeddable":true,"href":"https:\/\/vimaterial.de\/es\/wp-json\/wp\/v2\/product_tag?post=1023386"}],"curies":[{"name":"wp","href":"https:\/\/api.w.org\/{rel}","templated":true}]}}