{"id":1023374,"date":"2024-06-17T15:47:26","date_gmt":"2024-06-17T07:47:26","guid":{"rendered":"https:\/\/vimaterial.de\/product\/siliciuro-de-hafnio-2\/"},"modified":"2024-10-29T13:31:13","modified_gmt":"2024-10-29T05:31:13","slug":"siliciuro-de-hafnio-2","status":"publish","type":"product","link":"https:\/\/vimaterial.de\/es\/product\/siliciuro-de-hafnio-2\/","title":{"rendered":"Siliciuro de hafnio"},"content":{"rendered":"<p>El objetivo de siliciuro de hafnio es un material importante.<\/p>\n<p>Informaci\u00f3n b\u00e1sica:<\/p>\n<p>Composici\u00f3n qu\u00edmica: compuesto por dos elementos, hafnio (Hf) y silicio (Si), f\u00f3rmula qu\u00edmica HfSi\u2082.<br \/>\nN\u00ba CAS: 12401-56-8.<br \/>\nAspecto: generalmente blanco s\u00f3lido gris.<br \/>\nDensidad: Relativamente alta, lo que le da buena estabilidad y propiedades de transporte de material durante la pulverizaci\u00f3n cat\u00f3dica.<br \/>\nPunto de fusi\u00f3n: alto punto de fusi\u00f3n, buena resistencia a las altas temperaturas, capaz de mantener la estabilidad estructural durante el proceso de pulverizaci\u00f3n cat\u00f3dica.<br \/>\nTama\u00f1o de part\u00edcula y cristalinidad: Por lo general, tiene una distribuci\u00f3n de tama\u00f1o de part\u00edcula m\u00e1s uniforme y buena cristalinidad, lo cual es muy importante para la uniformidad y la calidad del recubrimiento pulverizado.<\/p>\n<p>\u00c1mbitos de aplicaci\u00f3n<\/p>\n<p>Deposici\u00f3n de pel\u00edcula delgada: En la fabricaci\u00f3n de semiconductores, los objetivos de siliciuro de hafnio se utilizan en procesos como la deposici\u00f3n f\u00edsica de vapor (PVD) y la deposici\u00f3n qu\u00edmica de vapor (CVD) para preparar pel\u00edculas delgadas de alta calidad.<\/p>\n<p>Recubrimiento \u00f3ptico: se puede utilizar para preparar pel\u00edculas \u00f3pticas, como pel\u00edculas antirreflectantes, pel\u00edculas de mejora de la transmitancia, etc., que se utilizan en dispositivos \u00f3pticos, lentes, pantallas y otros campos.<\/p>\n<p>Campo de comunicaci\u00f3n \u00f3ptica: En dispositivos de comunicaci\u00f3n \u00f3ptica, como amplificadores de fibra \u00f3ptica, WDM, etc., los objetivos HfSi\u2082 se pueden utilizar para preparar pel\u00edculas \u00f3pticas relacionadas para lograr las funciones de transmisi\u00f3n, amplificaci\u00f3n y multiplexaci\u00f3n de se\u00f1ales \u00f3pticas.<\/p>\n<p>Pantallas planas: En la fabricaci\u00f3n de pantallas planas como pantallas de cristal l\u00edquido (LCD), pantallas de plasma (PDP), pantallas de diodos emisores de luz org\u00e1nica (OLED), etc., los objetivos de HfSi\u2082 se pueden utilizar para preparar pel\u00edculas delgadas como electrodos y capas aislantes. Estas pel\u00edculas pueden mejorar la resoluci\u00f3n, el brillo, el contraste y otras propiedades de la pantalla, y tienen buena estabilidad y confiabilidad.<\/p>\n","protected":false},"excerpt":{"rendered":"<p>El objetivo de siliciuro de hafnio es un material importante.<\/p>\n<p>Deposici\u00f3n de pel\u00edcula delgada: En la fabricaci\u00f3n de semiconductores, los objetivos de siliciuro de hafnio se utilizan en procesos como la deposici\u00f3n f\u00edsica de vapor (PVD) y la deposici\u00f3n qu\u00edmica de vapor (CVD) para preparar pel\u00edculas delgadas de alta calidad.<\/p>\n<p>Recubrimiento \u00f3ptico: se puede utilizar para preparar pel\u00edculas \u00f3pticas, como pel\u00edculas antirreflectantes, pel\u00edculas de mejora de la transmitancia, etc., que se utilizan en dispositivos \u00f3pticos, lentes, pantallas y otros campos.<\/p>\n<p>Campo de comunicaci\u00f3n \u00f3ptica: En dispositivos de comunicaci\u00f3n \u00f3ptica, como amplificadores de fibra \u00f3ptica, WDM, etc., los objetivos HfSi\u2082 se pueden utilizar para preparar pel\u00edculas \u00f3pticas relacionadas para lograr las funciones de transmisi\u00f3n, amplificaci\u00f3n y multiplexaci\u00f3n de se\u00f1ales \u00f3pticas.<\/p>\n","protected":false},"featured_media":1033012,"comment_status":"open","ping_status":"closed","template":"","meta":{"_acf_changed":false},"product_brand":[],"product_cat":[178],"product_tag":[],"class_list":{"0":"post-1023374","1":"product","2":"type-product","3":"status-publish","4":"has-post-thumbnail","6":"product_cat-catodos-para-sputtering-planar","8":"first","9":"instock","10":"shipping-taxable","11":"product-type-variable"},"acf":[],"_links":{"self":[{"href":"https:\/\/vimaterial.de\/es\/wp-json\/wp\/v2\/product\/1023374","targetHints":{"allow":["GET"]}}],"collection":[{"href":"https:\/\/vimaterial.de\/es\/wp-json\/wp\/v2\/product"}],"about":[{"href":"https:\/\/vimaterial.de\/es\/wp-json\/wp\/v2\/types\/product"}],"replies":[{"embeddable":true,"href":"https:\/\/vimaterial.de\/es\/wp-json\/wp\/v2\/comments?post=1023374"}],"wp:featuredmedia":[{"embeddable":true,"href":"https:\/\/vimaterial.de\/es\/wp-json\/wp\/v2\/media\/1033012"}],"wp:attachment":[{"href":"https:\/\/vimaterial.de\/es\/wp-json\/wp\/v2\/media?parent=1023374"}],"wp:term":[{"taxonomy":"product_brand","embeddable":true,"href":"https:\/\/vimaterial.de\/es\/wp-json\/wp\/v2\/product_brand?post=1023374"},{"taxonomy":"product_cat","embeddable":true,"href":"https:\/\/vimaterial.de\/es\/wp-json\/wp\/v2\/product_cat?post=1023374"},{"taxonomy":"product_tag","embeddable":true,"href":"https:\/\/vimaterial.de\/es\/wp-json\/wp\/v2\/product_tag?post=1023374"}],"curies":[{"name":"wp","href":"https:\/\/api.w.org\/{rel}","templated":true}]}}