{"id":1023365,"date":"2024-06-17T15:47:26","date_gmt":"2024-06-17T07:47:26","guid":{"rendered":"https:\/\/vimaterial.de\/product\/siliciuro-de-hafnio\/"},"modified":"2024-10-29T11:32:00","modified_gmt":"2024-10-29T03:32:00","slug":"siliciuro-de-hafnio","status":"publish","type":"product","link":"https:\/\/vimaterial.de\/es\/product\/siliciuro-de-hafnio\/","title":{"rendered":"Siliciuro de hafnio"},"content":{"rendered":"<h3>Informaci\u00f3n b\u00e1sica<\/h3>\n<p>F\u00f3rmula qu\u00edmica: compuesto por dos elementos, hafnio (Hf) y silicio (Si), con una relaci\u00f3n at\u00f3mica de 1:2.<\/p>\n<p>Peso molecular: 234,61.<\/p>\n<p>Estructura cristalina: El HfSi\u2082 tiene una estructura cristalina tetragonal, que da a los \u00e1tomos una disposici\u00f3n regular y ordenada en el espacio.<\/p>\n<p>Aspecto y morfolog\u00eda: El polvo de HfSi\u2082 es generalmente gris o blanquecino.<\/p>\n<p>Densidad: 9,56 g\/cm\u00b3, lo que le da una ventaja en aplicaciones donde el peso y la estabilidad son importantes.<\/p>\n<p>Punto de fusi\u00f3n: Aproximadamente entre 1800 &#8211; 1900\u00b0C, lo que indica que es capaz de permanecer s\u00f3lido y mantener su estructura b\u00e1sica a altas temperaturas.<\/p>\n<h3>\u00c1mbitos de aplicaci\u00f3n<\/h3>\n<p>Campo de materiales electr\u00f3nicos: El silicio de hafnio, como material semiconductor, se utiliza en la fabricaci\u00f3n de varios componentes electr\u00f3nicos en circuitos integrados, como transistores de efecto de campo, resistencias y condensadores.<\/p>\n<p>Materiales de alta temperatura: Debido a su alto punto de fusi\u00f3n y buena estabilidad t\u00e9rmica, el HfSi\u2082 se puede utilizar en la fabricaci\u00f3n de cer\u00e1micas estructurales de alta temperatura. En equipos de alta temperatura en la industria aeroespacial, metalurgia, energ\u00eda y otros campos, el HfSi\u2082 se utiliza como componentes estructurales de alta temperatura o materiales de recubrimiento de barrera t\u00e9rmica.<\/p>\n<p>Campo de los materiales cer\u00e1micos: El HfSi\u2082 puede combinarse con otros materiales cer\u00e1micos para formar compuestos cer\u00e1micos con propiedades especiales.<\/p>\n","protected":false},"excerpt":{"rendered":"<p>Campo de materiales electr\u00f3nicos: El silicio de hafnio, como material semiconductor, se utiliza en la fabricaci\u00f3n de varios componentes electr\u00f3nicos en circuitos integrados, como transistores de efecto de campo, resistencias y condensadores.<\/p>\n<p>Materiales de alta temperatura: Debido a su alto punto de fusi\u00f3n y buena estabilidad t\u00e9rmica, el siliciuro de hafnio se puede utilizar en la fabricaci\u00f3n de cer\u00e1micas estructurales de alta temperatura. En equipos de alta temperatura en la industria aeroespacial, metalurgia, energ\u00eda y otros campos, el HfSi\u2082 se utiliza como componentes estructurales de alta temperatura o materiales de recubrimiento de barrera t\u00e9rmica.<\/p>\n","protected":false},"featured_media":1033007,"comment_status":"open","ping_status":"closed","template":"","meta":{"_acf_changed":false},"product_brand":[],"product_cat":[183],"product_tag":[],"class_list":{"0":"post-1023365","1":"product","2":"type-product","3":"status-publish","4":"has-post-thumbnail","6":"product_cat-c-n-b-si-materiales","8":"first","9":"instock","10":"shipping-taxable","11":"purchasable","12":"product-type-variable"},"acf":[],"_links":{"self":[{"href":"https:\/\/vimaterial.de\/es\/wp-json\/wp\/v2\/product\/1023365","targetHints":{"allow":["GET"]}}],"collection":[{"href":"https:\/\/vimaterial.de\/es\/wp-json\/wp\/v2\/product"}],"about":[{"href":"https:\/\/vimaterial.de\/es\/wp-json\/wp\/v2\/types\/product"}],"replies":[{"embeddable":true,"href":"https:\/\/vimaterial.de\/es\/wp-json\/wp\/v2\/comments?post=1023365"}],"wp:featuredmedia":[{"embeddable":true,"href":"https:\/\/vimaterial.de\/es\/wp-json\/wp\/v2\/media\/1033007"}],"wp:attachment":[{"href":"https:\/\/vimaterial.de\/es\/wp-json\/wp\/v2\/media?parent=1023365"}],"wp:term":[{"taxonomy":"product_brand","embeddable":true,"href":"https:\/\/vimaterial.de\/es\/wp-json\/wp\/v2\/product_brand?post=1023365"},{"taxonomy":"product_cat","embeddable":true,"href":"https:\/\/vimaterial.de\/es\/wp-json\/wp\/v2\/product_cat?post=1023365"},{"taxonomy":"product_tag","embeddable":true,"href":"https:\/\/vimaterial.de\/es\/wp-json\/wp\/v2\/product_tag?post=1023365"}],"curies":[{"name":"wp","href":"https:\/\/api.w.org\/{rel}","templated":true}]}}