{"id":1023305,"date":"2024-06-17T15:47:26","date_gmt":"2024-06-17T07:47:26","guid":{"rendered":"https:\/\/vimaterial.de\/product\/tantalio-metalico-4\/"},"modified":"2024-10-14T16:31:48","modified_gmt":"2024-10-14T08:31:48","slug":"tantalio-metalico-4","status":"publish","type":"product","link":"https:\/\/vimaterial.de\/es\/product\/tantalio-metalico-4\/","title":{"rendered":"Metal de tantalio"},"content":{"rendered":"<p>Los gr\u00e1nulos de tantalio son una peque\u00f1a sustancia granular hecha del metal tantalio.<\/p>\n<p>&nbsp;<\/p>\n<p>Informaci\u00f3n b\u00e1sica:<\/p>\n<p>&nbsp;<\/p>\n<p>Aspecto: El metal de tantalio suele tener un color met\u00e1lico gris plateado con cierto brillo met\u00e1lico.<br \/>\nDensidad: 16,69 g\/cm3.<br \/>\nPunto de fusi\u00f3n: 2996\u00b0C.<br \/>\nDureza: La dureza es grande y tiene buena resistencia mec\u00e1nica, por lo que no es f\u00e1cil deformarse o da\u00f1arse durante el procesamiento y el uso.<\/p>\n<p>&nbsp;<\/p>\n<p>Proceso de producci\u00f3n:<\/p>\n<p>&nbsp;<\/p>\n<p>Los m\u00e9todos de producci\u00f3n de part\u00edculas de metal de tantalio incluyen principalmente el m\u00e9todo de pulvimetalurgia y el m\u00e9todo de fundici\u00f3n.<br \/>\nEl m\u00e9todo de pulvimetalurgia consiste en fabricar part\u00edculas met\u00e1licas de tantalio a partir de polvo de tantalio mediante prensado, sinterizaci\u00f3n y otros procesos, y este m\u00e9todo puede producir part\u00edculas de tantalio con formas complejas y alta precisi\u00f3n dimensional;<br \/>\nEl m\u00e9todo de fusi\u00f3n consiste en calentar la materia prima de tantalio por encima del punto de fusi\u00f3n, hacer que se derrita y luego enfriarla y solidificarla en gr\u00e1nulos, los gr\u00e1nulos de tantalio producidos por este m\u00e9todo tienen una mayor pureza y un rendimiento estable.<\/p>\n<p>&nbsp;<\/p>\n<p>\u00c1reas de aplicaci\u00f3n:<\/p>\n<p>&nbsp;<\/p>\n<p>Industria electr\u00f3nica: debido a la buena conductividad y estabilidad de las part\u00edculas de tantalio, a menudo se utilizan en la fabricaci\u00f3n de condensadores, resistencias, inductores y otros componentes electr\u00f3nicos.<\/p>\n<p>&nbsp;<\/p>\n<p>Campo m\u00e9dico: La biocompatibilidad del tantalio es buena y las part\u00edculas de tantalio se pueden utilizar para fabricar articulaciones artificiales, implantes dentales y otros dispositivos m\u00e9dicos.<\/p>\n<p>&nbsp;<\/p>\n<p>Industria qu\u00edmica: El tantalio met\u00e1lico se puede utilizar para fabricar piezas resistentes a la corrosi\u00f3n en equipos qu\u00edmicos, como el revestimiento de reactores y la capa anticorrosi\u00f3n de tuber\u00edas. En medios qu\u00edmicos altamente corrosivos, las part\u00edculas de tantalio pueden prevenir eficazmente la corrosi\u00f3n y el da\u00f1o al equipo.<\/p>\n<p>&nbsp;<\/p>\n<p>Materiales de recubrimiento: En la tecnolog\u00eda de recubrimiento al vac\u00edo, las part\u00edculas de tantalio se pueden usar como materiales de recubrimiento para formar una pel\u00edcula de tantalio en la superficie de los objetos a trav\u00e9s de la evaporaci\u00f3n, pulverizaci\u00f3n cat\u00f3dica, etc. Esta pel\u00edcula tiene buena resistencia a la abrasi\u00f3n, resistencia a la corrosi\u00f3n y conductividad.<\/p>\n<p>&nbsp;<\/p>\n","protected":false},"excerpt":{"rendered":"<p>Los gr\u00e1nulos de tantalio son una peque\u00f1a sustancia granular hecha del metal tantalio.<\/p>\n<p>Industria electr\u00f3nica: debido a la buena conductividad y estabilidad de las part\u00edculas de tantalio, a menudo se utilizan en la fabricaci\u00f3n de condensadores, resistencias, inductores y otros componentes electr\u00f3nicos.<\/p>\n<p>Campo m\u00e9dico: La biocompatibilidad del tantalio es buena y las part\u00edculas de metal de tantalio se pueden usar para fabricar articulaciones artificiales, implantes dentales y otros dispositivos m\u00e9dicos.<\/p>\n<p>&nbsp;<\/p>\n","protected":false},"featured_media":1033022,"comment_status":"open","ping_status":"closed","template":"","meta":{"_acf_changed":false},"product_brand":[],"product_cat":[179],"product_tag":[],"class_list":{"0":"post-1023305","1":"product","2":"type-product","3":"status-publish","4":"has-post-thumbnail","6":"product_cat-materiales-de-evaporacion","8":"first","9":"instock","10":"shipping-taxable","11":"purchasable","12":"product-type-variable"},"acf":[],"_links":{"self":[{"href":"https:\/\/vimaterial.de\/es\/wp-json\/wp\/v2\/product\/1023305","targetHints":{"allow":["GET"]}}],"collection":[{"href":"https:\/\/vimaterial.de\/es\/wp-json\/wp\/v2\/product"}],"about":[{"href":"https:\/\/vimaterial.de\/es\/wp-json\/wp\/v2\/types\/product"}],"replies":[{"embeddable":true,"href":"https:\/\/vimaterial.de\/es\/wp-json\/wp\/v2\/comments?post=1023305"}],"wp:featuredmedia":[{"embeddable":true,"href":"https:\/\/vimaterial.de\/es\/wp-json\/wp\/v2\/media\/1033022"}],"wp:attachment":[{"href":"https:\/\/vimaterial.de\/es\/wp-json\/wp\/v2\/media?parent=1023305"}],"wp:term":[{"taxonomy":"product_brand","embeddable":true,"href":"https:\/\/vimaterial.de\/es\/wp-json\/wp\/v2\/product_brand?post=1023305"},{"taxonomy":"product_cat","embeddable":true,"href":"https:\/\/vimaterial.de\/es\/wp-json\/wp\/v2\/product_cat?post=1023305"},{"taxonomy":"product_tag","embeddable":true,"href":"https:\/\/vimaterial.de\/es\/wp-json\/wp\/v2\/product_tag?post=1023305"}],"curies":[{"name":"wp","href":"https:\/\/api.w.org\/{rel}","templated":true}]}}