{"id":1023263,"date":"2024-06-17T15:47:27","date_gmt":"2024-06-17T07:47:27","guid":{"rendered":"https:\/\/vimaterial.de\/product\/tantalio-metalico-2\/"},"modified":"2024-10-14T15:41:39","modified_gmt":"2024-10-14T07:41:39","slug":"metal-de-tantalio-3","status":"publish","type":"product","link":"https:\/\/vimaterial.de\/es\/product\/metal-de-tantalio-3\/","title":{"rendered":"Metal de tantalio"},"content":{"rendered":"<p>La l\u00e1mina de tantalio es una l\u00e1mina delgada de material de tantalio.<\/p>\n<p>&nbsp;<\/p>\n<p>Informaci\u00f3n b\u00e1sica:<\/p>\n<p>&nbsp;<\/p>\n<p>Aspecto: Suele tener un brillo met\u00e1lico gris plateado con una superficie relativamente lisa y plana.<br \/>\nDensidad: La densidad es relativamente alta, aproximadamente 16,69 gg\/cm3.<br \/>\nPunto de fusi\u00f3n: 3017\u00b0C.<br \/>\nPropiedades de la superficie: la superficie es propensa a formar una pel\u00edcula de \u00f3xido densa y estable, que tiene la propiedad de un metal de v\u00e1lvula conductora unidireccional y puede proteger a\u00fan m\u00e1s el interior de la l\u00e1mina de tantalio de la oxidaci\u00f3n y la corrosi\u00f3n.<\/p>\n<p>&nbsp;<\/p>\n<p>Proceso de producci\u00f3n:<\/p>\n<p>&nbsp;<\/p>\n<p>El polvo Metal de tantalio se somete primero a un tratamiento de laminaci\u00f3n en polvo y al primer tratamiento de sinterizaci\u00f3n al vac\u00edo para obtener una l\u00e1mina cruda; A continuaci\u00f3n, la l\u00e1mina bruta se somete a un tratamiento de laminaci\u00f3n en fr\u00edo, el segundo tratamiento de sinterizaci\u00f3n al vac\u00edo y un tratamiento de laminaci\u00f3n de acabado para obtener finalmente una l\u00e1mina de metal de tantalio.<\/p>\n<p>&nbsp;<\/p>\n<p>\u00c1reas de aplicaci\u00f3n:<\/p>\n<p>&nbsp;<\/p>\n<p>Industria electr\u00f3nica: El tantalio met\u00e1lico se puede utilizar para fabricar electrodos met\u00e1licos en dispositivos semiconductores, cables met\u00e1licos y m\u00e1scaras en el proceso de fabricaci\u00f3n.<\/p>\n<p>&nbsp;<\/p>\n<p>Industria aeroespacial: se utiliza en la fabricaci\u00f3n de c\u00e1maras de combusti\u00f3n, conductos, gargantas y boquillas y otros componentes de motores de aviones, as\u00ed como c\u00e1maras de combusti\u00f3n y boquillas en motores de cohetes, etc., que pueden funcionar de manera confiable en el entorno hostil de alta temperatura y alta presi\u00f3n.<\/p>\n<p>&nbsp;<\/p>\n<p>Industria nuclear: El metal de tantalio se puede utilizar como barras de combustible en reactores nucleares y como materiales de revestimiento para combustible nuclear, y su excelente resistencia a la corrosi\u00f3n y estabilidad a altas temperaturas puede cumplir con los estrictos requisitos de la industria nuclear.<\/p>\n<p>&nbsp;<\/p>\n<p>Dispositivos m\u00e9dicos: Debido a la buena biocompatibilidad del t\u00e1ntalo, la l\u00e1mina de tantalio se puede utilizar en la fabricaci\u00f3n de articulaciones artificiales, implantes y otros dispositivos m\u00e9dicos, que no causar\u00e1n reacciones al\u00e9rgicas en el cuerpo.<\/p>\n<p>&nbsp;<\/p>\n","protected":false},"excerpt":{"rendered":"<p>La l\u00e1mina de tantalio es una l\u00e1mina delgada de material de tantalio.<\/p>\n<p>Industria electr\u00f3nica: El tantalio met\u00e1lico se puede utilizar para fabricar electrodos met\u00e1licos en dispositivos semiconductores, cables met\u00e1licos y m\u00e1scaras en el proceso de fabricaci\u00f3n.<\/p>\n<p>Industria aeroespacial: Metal de tantalio utilizado en la fabricaci\u00f3n de c\u00e1maras de combusti\u00f3n, conductos, gargantas y boquillas y otros componentes de motores de aviones, as\u00ed como c\u00e1maras de combusti\u00f3n y boquillas en motores de cohetes, etc., que pueden funcionar de manera confiable en el entorno hostil de alta temperatura y alta presi\u00f3n.<\/p>\n<p>&nbsp;<\/p>\n","protected":false},"featured_media":1033032,"comment_status":"open","ping_status":"closed","template":"","meta":{"_acf_changed":false},"product_brand":[],"product_cat":[188],"product_tag":[],"class_list":{"0":"post-1023263","1":"product","2":"type-product","3":"status-publish","4":"has-post-thumbnail","6":"product_cat-perfil","8":"first","9":"instock","10":"shipping-taxable","11":"purchasable","12":"product-type-variable"},"acf":[],"_links":{"self":[{"href":"https:\/\/vimaterial.de\/es\/wp-json\/wp\/v2\/product\/1023263","targetHints":{"allow":["GET"]}}],"collection":[{"href":"https:\/\/vimaterial.de\/es\/wp-json\/wp\/v2\/product"}],"about":[{"href":"https:\/\/vimaterial.de\/es\/wp-json\/wp\/v2\/types\/product"}],"replies":[{"embeddable":true,"href":"https:\/\/vimaterial.de\/es\/wp-json\/wp\/v2\/comments?post=1023263"}],"wp:featuredmedia":[{"embeddable":true,"href":"https:\/\/vimaterial.de\/es\/wp-json\/wp\/v2\/media\/1033032"}],"wp:attachment":[{"href":"https:\/\/vimaterial.de\/es\/wp-json\/wp\/v2\/media?parent=1023263"}],"wp:term":[{"taxonomy":"product_brand","embeddable":true,"href":"https:\/\/vimaterial.de\/es\/wp-json\/wp\/v2\/product_brand?post=1023263"},{"taxonomy":"product_cat","embeddable":true,"href":"https:\/\/vimaterial.de\/es\/wp-json\/wp\/v2\/product_cat?post=1023263"},{"taxonomy":"product_tag","embeddable":true,"href":"https:\/\/vimaterial.de\/es\/wp-json\/wp\/v2\/product_tag?post=1023263"}],"curies":[{"name":"wp","href":"https:\/\/api.w.org\/{rel}","templated":true}]}}