{"id":1023237,"date":"2024-06-17T15:47:28","date_gmt":"2024-06-17T07:47:28","guid":{"rendered":"https:\/\/vimaterial.de\/product\/tantalio-metalico\/"},"modified":"2024-10-14T14:55:36","modified_gmt":"2024-10-14T06:55:36","slug":"metal-de-tantalio-2","status":"publish","type":"product","link":"https:\/\/vimaterial.de\/es\/product\/metal-de-tantalio-2\/","title":{"rendered":"Metal de tantalio"},"content":{"rendered":"<p>El polvo Metal de tantalio es la forma en polvo del tantalio met\u00e1lico, con propiedades multifac\u00e9ticas y una amplia gama de aplicaciones.<\/p>\n<p>&nbsp;<\/p>\n<p>Informaci\u00f3n b\u00e1sica:<\/p>\n<p>&nbsp;<\/p>\n<p>Apariencia: generalmente un polvo gris o negro, el color y el tama\u00f1o de part\u00edcula variar\u00e1n seg\u00fan el proceso de producci\u00f3n y la pureza.<br \/>\nDensidad: generalmente por encima de 10 g\/cm3.<br \/>\nPunto de fusi\u00f3n: 2996\u00b0C.<br \/>\nConductividad: Tiene buena conductividad el\u00e9ctrica y es un material conductor importante en la industria electr\u00f3nica.<\/p>\n<p>&nbsp;<\/p>\n<p>Proceso de producci\u00f3n:<\/p>\n<p>&nbsp;<\/p>\n<p>M\u00e9todo de reducci\u00f3n t\u00e9rmica de sodio: este es un m\u00e9todo com\u00fan de producci\u00f3n de polvo Metal de tantalio, el uso de fluorotantalato de potasio bajo la protecci\u00f3n del hidr\u00f3geno, con reducci\u00f3n de sodio met\u00e1lico, la temperatura de reacci\u00f3n es generalmente de 577 a 627 \u00b0C, el m\u00e9todo se puede obtener con polvo de tantalio de alta pureza.<\/p>\n<p>&nbsp;<\/p>\n<p>M\u00e9todo de fragilizaci\u00f3n por hidr\u00f3geno: El polvo Metal de tantalio se obtiene hidrogenando el metal de tantalio para hacerlo quebradizo, seguido de procesos como la trituraci\u00f3n y la molienda.<\/p>\n<p>&nbsp;<\/p>\n<p>M\u00e9todo de electr\u00f3lisis de sales fundidas: El polvo met\u00e1lico de tantalio se puede obtener del c\u00e1todo utilizando una cierta proporci\u00f3n de cloruro de potasio, fluoruro de potasio y fluorotantalato de potasio para formar un electrolito de sal fundida, que se electroliza en un tanque electrol\u00edtico.<\/p>\n<p>&nbsp;<\/p>\n<p>\u00c1reas de aplicaci\u00f3n:<\/p>\n<p>&nbsp;<\/p>\n<p>Industria electr\u00f3nica: es el material clave para la fabricaci\u00f3n de condensadores electrol\u00edticos, la pel\u00edcula de \u00e1nodo hecha de polvo de tantalio es qu\u00edmicamente estable, alta resistividad, alta constante diel\u00e9ctrica, peque\u00f1a corriente de fuga, que puede cumplir con los requisitos de los condensadores de alto rendimiento.<\/p>\n<p>&nbsp;<\/p>\n<p>Aeroespacial: Debido a su resistencia a altas temperaturas, resistencia a la corrosi\u00f3n y buenas propiedades mec\u00e1nicas, se puede utilizar para fabricar piezas en el campo aeroespacial, como ciertas partes de motores de aviones y partes estructurales de sat\u00e9lites.<\/p>\n<p>&nbsp;<\/p>\n<p>Industria qu\u00edmica: El polvo Metal de tantalio se puede utilizar para fabricar piezas resistentes a la corrosi\u00f3n en equipos qu\u00edmicos, como tuber\u00edas, v\u00e1lvulas y recipientes de evaporaci\u00f3n.<\/p>\n<p>&nbsp;<\/p>\n<p>Pulvimetalurgia: En el campo de la pulvimetalurgia, el polvo Metal de tantalio se puede utilizar como material aditivo para mejorar la dureza, la resistencia y la resistencia a la abrasi\u00f3n y otras propiedades del material.<\/p>\n<p>&nbsp;<\/p>\n","protected":false},"excerpt":{"rendered":"<p>El polvo Metal de tantalio es la forma en polvo del tantalio met\u00e1lico, con propiedades multifac\u00e9ticas y una amplia gama de aplicaciones.<\/p>\n<p>&nbsp;<\/p>\n<p>Industria electr\u00f3nica: es el material clave para la fabricaci\u00f3n de condensadores electrol\u00edticos, la pel\u00edcula de \u00e1nodo hecha de polvo de tantalio es qu\u00edmicamente estable, alta resistividad, alta constante diel\u00e9ctrica, peque\u00f1a corriente de fuga, que puede cumplir con los requisitos de los condensadores de alto rendimiento.<\/p>\n<p>&nbsp;<\/p>\n<p>Aeroespacial: Debido a su resistencia a altas temperaturas, resistencia a la corrosi\u00f3n y buenas propiedades mec\u00e1nicas, se puede utilizar para fabricar piezas en el campo aeroespacial, como ciertas partes de motores de aviones y partes estructurales de sat\u00e9lites.<\/p>\n","protected":false},"featured_media":1049368,"comment_status":"open","ping_status":"closed","template":"","meta":{"_acf_changed":false},"product_brand":[],"product_cat":[193],"product_tag":[],"class_list":{"0":"post-1023237","1":"product","2":"type-product","3":"status-publish","4":"has-post-thumbnail","6":"product_cat-polvo-de-aleaciones-y-metales-puros","8":"first","9":"instock","10":"shipping-taxable","11":"product-type-variable"},"acf":[],"_links":{"self":[{"href":"https:\/\/vimaterial.de\/es\/wp-json\/wp\/v2\/product\/1023237","targetHints":{"allow":["GET"]}}],"collection":[{"href":"https:\/\/vimaterial.de\/es\/wp-json\/wp\/v2\/product"}],"about":[{"href":"https:\/\/vimaterial.de\/es\/wp-json\/wp\/v2\/types\/product"}],"replies":[{"embeddable":true,"href":"https:\/\/vimaterial.de\/es\/wp-json\/wp\/v2\/comments?post=1023237"}],"wp:featuredmedia":[{"embeddable":true,"href":"https:\/\/vimaterial.de\/es\/wp-json\/wp\/v2\/media\/1049368"}],"wp:attachment":[{"href":"https:\/\/vimaterial.de\/es\/wp-json\/wp\/v2\/media?parent=1023237"}],"wp:term":[{"taxonomy":"product_brand","embeddable":true,"href":"https:\/\/vimaterial.de\/es\/wp-json\/wp\/v2\/product_brand?post=1023237"},{"taxonomy":"product_cat","embeddable":true,"href":"https:\/\/vimaterial.de\/es\/wp-json\/wp\/v2\/product_cat?post=1023237"},{"taxonomy":"product_tag","embeddable":true,"href":"https:\/\/vimaterial.de\/es\/wp-json\/wp\/v2\/product_tag?post=1023237"}],"curies":[{"name":"wp","href":"https:\/\/api.w.org\/{rel}","templated":true}]}}