{"id":1023126,"date":"2024-06-17T15:36:42","date_gmt":"2024-06-17T07:36:42","guid":{"rendered":"https:\/\/vimaterial.de\/product\/oxido-de-estanoii\/"},"modified":"2024-10-30T17:05:41","modified_gmt":"2024-10-30T09:05:41","slug":"oxido-de-estanoii","status":"publish","type":"product","link":"https:\/\/vimaterial.de\/es\/product\/oxido-de-estanoii\/","title":{"rendered":"\u00d3xido de esta\u00f1o (II)"},"content":{"rendered":"<p>Los objetivos de SnO (objetivos de \u00f3xido de esta\u00f1o) son un material funcional importante con una amplia gama de aplicaciones en muchos campos.<\/p>\n<h3>Informaci\u00f3n b\u00e1sica<\/h3>\n<p>F\u00f3rmula qu\u00edmica y composici\u00f3n qu\u00edmica: La f\u00f3rmula qu\u00edmica del SnO indica que est\u00e1 compuesto por esta\u00f1o (Sn) y ox\u00edgeno (O), con una valencia de esta\u00f1o de +2.<\/p>\n<p>Peso molecular: 134,71.<\/p>\n<p>Aspecto y color: Los objetivos de SnO suelen aparecer de color negro azulado o negro.<\/p>\n<p>Estructura cristalina: El SnO tiene un sistema de cristal c\u00fabico.<\/p>\n<p>Densidad y dureza: La densidad es de unos 6,45 g\/cm\u00b3.<\/p>\n<p>Punto de fusi\u00f3n: El punto de fusi\u00f3n del SnO es de aproximadamente 1080 \u00b0C.<\/p>\n<p>Conductividad t\u00e9rmica: La conductividad t\u00e9rmica refleja la capacidad de un material para conducir el calor. La conductividad t\u00e9rmica del SnO se ve afectada por su estructura y composici\u00f3n cristalina.<\/p>\n<h3>Campos de aplicaci\u00f3n<\/h3>\n<p>Pel\u00edculas conductoras transparentes: Basadas en las propiedades semiconductoras y \u00f3pticas del \u00f3xido de esta\u00f1o, las pel\u00edculas conductoras transparentes se forman depositando SnO sobre sustratos transparentes (por ejemplo, vidrio, pl\u00e1stico, etc.) a trav\u00e9s de procesos de recubrimiento como la pulverizaci\u00f3n cat\u00f3dica o la evaporaci\u00f3n.<\/p>\n<p>Campo sensor sensible al gas: la naturaleza semiconductora del \u00f3xido de esta\u00f1o lo hace sensible a ciertos gases.<\/p>\n<p>Campo del dispositivo optoelectr\u00f3nico: en el dispositivo optoelectr\u00f3nico, el efecto fotoel\u00e9ctrico del \u00f3xido de esta\u00f1o permite convertir las se\u00f1ales de luz en se\u00f1ales el\u00e9ctricas, el objetivo de SnO a trav\u00e9s del proceso de recubrimiento hecho de una pel\u00edcula delgada en la luz, se absorbe la energ\u00eda del fot\u00f3n, lo que da como resultado pares electr\u00f3n-cavidad, estos portadores en el campo el\u00e9ctrico bajo la acci\u00f3n del movimiento direccional, la formaci\u00f3n de corriente el\u00e9ctrica.<\/p>\n","protected":false},"excerpt":{"rendered":"<p>Los objetivos de SnO (objetivos de \u00f3xido de esta\u00f1o) son un material funcional importante con una amplia gama de aplicaciones en muchos campos.<\/p>\n<p>Pel\u00edculas conductoras transparentes: Basadas en las propiedades semiconductoras y \u00f3pticas del \u00f3xido de esta\u00f1o, las pel\u00edculas conductoras transparentes se forman depositando SnO sobre sustratos transparentes (por ejemplo, vidrio, pl\u00e1stico, etc.) a trav\u00e9s de procesos de recubrimiento como la pulverizaci\u00f3n cat\u00f3dica o la evaporaci\u00f3n.<\/p>\n<p>Campo sensor sensible al gas: la naturaleza semiconductora del SnO lo hace sensible a ciertos gases.<\/p>\n","protected":false},"featured_media":1032457,"comment_status":"open","ping_status":"closed","template":"","meta":{"_acf_changed":false},"product_brand":[],"product_cat":[178],"product_tag":[],"class_list":{"0":"post-1023126","1":"product","2":"type-product","3":"status-publish","4":"has-post-thumbnail","6":"product_cat-catodos-para-sputtering-planar","8":"first","9":"instock","10":"shipping-taxable","11":"product-type-variable"},"acf":[],"_links":{"self":[{"href":"https:\/\/vimaterial.de\/es\/wp-json\/wp\/v2\/product\/1023126","targetHints":{"allow":["GET"]}}],"collection":[{"href":"https:\/\/vimaterial.de\/es\/wp-json\/wp\/v2\/product"}],"about":[{"href":"https:\/\/vimaterial.de\/es\/wp-json\/wp\/v2\/types\/product"}],"replies":[{"embeddable":true,"href":"https:\/\/vimaterial.de\/es\/wp-json\/wp\/v2\/comments?post=1023126"}],"wp:featuredmedia":[{"embeddable":true,"href":"https:\/\/vimaterial.de\/es\/wp-json\/wp\/v2\/media\/1032457"}],"wp:attachment":[{"href":"https:\/\/vimaterial.de\/es\/wp-json\/wp\/v2\/media?parent=1023126"}],"wp:term":[{"taxonomy":"product_brand","embeddable":true,"href":"https:\/\/vimaterial.de\/es\/wp-json\/wp\/v2\/product_brand?post=1023126"},{"taxonomy":"product_cat","embeddable":true,"href":"https:\/\/vimaterial.de\/es\/wp-json\/wp\/v2\/product_cat?post=1023126"},{"taxonomy":"product_tag","embeddable":true,"href":"https:\/\/vimaterial.de\/es\/wp-json\/wp\/v2\/product_tag?post=1023126"}],"curies":[{"name":"wp","href":"https:\/\/api.w.org\/{rel}","templated":true}]}}