{"id":1023038,"date":"2024-06-17T15:40:35","date_gmt":"2024-06-17T07:40:35","guid":{"rendered":"https:\/\/vimaterial.de\/product\/oxido-de-estano-dopado-con-fluor-fto-2\/"},"modified":"2025-09-24T11:37:20","modified_gmt":"2025-09-24T03:37:20","slug":"oxido-de-estano-dopado-con-fluor","status":"publish","type":"product","link":"https:\/\/vimaterial.de\/es\/product\/oxido-de-estano-dopado-con-fluor\/","title":{"rendered":"\u00d3xido de esta\u00f1o dopado con fl\u00faor (FTO)"},"content":{"rendered":"<h2><span style=\"font-size: 14pt;\">Descripci\u00f3n del producto: Blanco de pulverizaci\u00f3n cat\u00f3dica de \u00f3xido de esta\u00f1o dopado con fl\u00faor (FTO)<\/span><\/h2>\n<p>Los blancos de pulverizaci\u00f3n cat\u00f3dica de<span style=\"color: #0000ff;\"><a style=\"color: #0000ff;\" href=\"https:\/\/vimaterial.de\/es\/search\/?type=name&#038;keyword=FTO\"> \u00f3xido de esta\u00f1o dopado con fl\u00faor<\/a> <\/span>(FTO) son materiales esenciales para la producci\u00f3n de pel\u00edculas delgadas de \u00f3xido conductor transparente (TCO). Al dopar el \u00f3xido de esta\u00f1o (SnO\u2082) con fl\u00faor, se mejora significativamente la conductividad el\u00e9ctrica, manteniendo al mismo tiempo una alta transparencia \u00f3ptica. Esto hace que los blancos de pulverizaci\u00f3n cat\u00f3dica de FTO se utilicen ampliamente en c\u00e9lulas solares de pel\u00edcula delgada, paneles t\u00e1ctiles, pantallas, ventanas inteligentes y otros dispositivos optoelectr\u00f3nicos.<\/p>\n<p>En <span style=\"color: #0000ff;\"><a style=\"color: #0000ff;\" href=\"https:\/\/vimaterial.de\/es\/contacto\/\">VIMATERIAL,<\/a><\/span> suministramos blancos de pulverizaci\u00f3n cat\u00f3dica de FTO de alta pureza con excelente estabilidad, deposici\u00f3n uniforme de pel\u00edcula delgada y dimensiones personalizables para satisfacer las demandas de investigaci\u00f3n y a escala industrial.<\/p>\n<h2><span style=\"font-size: 14pt;\">Especificaciones t\u00e9cnicas<\/span><\/h2>\n<table style=\"border-collapse: collapse; width: 52.2584%;\">\n<tbody>\n<tr>\n<td style=\"width: 22.9979%; text-align: center;\">Art\u00edculo<\/td>\n<td style=\"width: 29.2608%; text-align: center;\">Especificaci\u00f3n<\/td>\n<\/tr>\n<tr>\n<td style=\"width: 22.9979%; text-align: center;\">F\u00f3rmula qu\u00edmica<\/td>\n<td style=\"width: 29.2608%; text-align: center;\">SnO\u2082:F<\/td>\n<\/tr>\n<tr>\n<td style=\"width: 22.9979%; text-align: center;\">Pureza<\/td>\n<td style=\"width: 29.2608%; text-align: center;\">99,99 % (4N)<\/td>\n<\/tr>\n<tr>\n<td style=\"width: 22.9979%; text-align: center;\">Densidad<\/td>\n<td style=\"width: 29.2608%; text-align: center;\">6,95 g\/cm\u00b3 (te\u00f3rica)<\/td>\n<\/tr>\n<tr>\n<td style=\"width: 22.9979%; text-align: center;\"><span style=\"color: #0000ff;\"><a style=\"color: #0000ff;\" href=\"https:\/\/en.wikipedia.org\/wiki\/Crystal_structure\" rel=\"nofollow noopener\" target=\"_blank\">Estructura cristalina<\/a><\/span><\/td>\n<td style=\"width: 29.2608%; text-align: center;\">Tetragonal de tipo rutilo (similar al SnO\u2082)<\/td>\n<\/tr>\n<tr>\n<td style=\"width: 22.9979%; text-align: center;\">Forma<\/td>\n<td style=\"width: 29.2608%; text-align: center;\">Blancos de pulverizaci\u00f3n cat\u00f3dica planos o rotatorios<\/td>\n<\/tr>\n<tr>\n<td style=\"width: 22.9979%; text-align: center;\">Dimensiones<\/td>\n<td style=\"width: 29.2608%; text-align: center;\">Tama\u00f1os y formas personalizados disponibles<\/td>\n<\/tr>\n<tr>\n<td style=\"width: 22.9979%; text-align: center;\">Placa de soporte<\/td>\n<td style=\"width: 29.2608%; text-align: center;\">Adherida o no adherida a petici\u00f3n<\/td>\n<\/tr>\n<tr>\n<td style=\"width: 22.9979%; text-align: center;\">M\u00e9todo de pulverizaci\u00f3n cat\u00f3dica<\/td>\n<td style=\"width: 29.2608%; text-align: center;\">Pulverizaci\u00f3n cat\u00f3dica con magnetr\u00f3n de CC \/ Pulverizaci\u00f3n cat\u00f3dica con magnetr\u00f3n de RF<\/td>\n<\/tr>\n<\/tbody>\n<\/table>\n<h2><span style=\"font-size: 14pt;\">Aplicaciones de los blancos de pulverizaci\u00f3n cat\u00f3dica de FTO<\/span><\/h2>\n<p><strong>C\u00e9lulas solares:<\/strong> Capas conductoras transparentes en pel\u00edculas delgadas y sistemas fotovoltaicos de perovskita<\/p>\n<p><strong>Pantallas:<\/strong> Pantallas planas, LCD, OLED y pantallas t\u00e1ctiles<\/p>\n<p><strong>Ventanas inteligentes:<\/strong> Recubrimientos de baja emisividad y vidrio electrocr\u00f3mico<\/p>\n<p><strong>Optoelectr\u00f3nica:<\/strong> Electrodos transparentes en sensores y dispositivos<\/p>\n<h2><span style=\"font-size: 14pt;\">Ventajas Nuestros blancos de FTO<\/span><\/h2>\n<p>Alta conductividad el\u00e9ctrica con excelente transparencia \u00f3ptica<\/p>\n<p>Velocidad de pulverizaci\u00f3n cat\u00f3dica estable y deposici\u00f3n uniforme de pel\u00edcula delgada<\/p>\n<p>Disponible en grados 4N con estricto control de impurezas<\/p>\n<p>Dimensiones, servicio de uni\u00f3n y formas personalizables<\/p>\n<p>Documentaci\u00f3n completa y soporte t\u00e9cnico global<\/p>\n<h2><span style=\"font-size: 14pt;\">\u00bfPor qu\u00e9 elegir VIMATERIAL?<\/span><\/h2>\n<p>Fabricante profesional de blancos de pulverizaci\u00f3n cat\u00f3dica para materiales TCO<\/p>\n<p>Estricto control de calidad con COA, TDS y MSDS (certificado de an\u00e1lisis)<\/p>\n<p>Excelente I+D y soporte de aplicaciones para la deposici\u00f3n de pel\u00edcula delgada<\/p>\n<p>Plazos de entrega cortos y personalizaci\u00f3n flexible<\/p>\n<p>Con la confianza de institutos de investigaci\u00f3n e industrias de todo el mundo<\/p>\n<h2><span style=\"font-size: 14pt;\">Preguntas frecuentes<\/span><\/h2>\n<h3><span style=\"font-size: 12pt;\">P1: \u00bfQu\u00e9 grados de pureza est\u00e1n disponibles para los blancos de pulverizaci\u00f3n cat\u00f3dica de FTO?<\/span><\/h3>\n<p>Ofrecemos grados de pureza controlada de impurezas del 99,99 % (4N) para aplicaciones de alta gama. La pureza tambi\u00e9n se puede personalizar.<\/p>\n<h3><span style=\"font-size: 12pt;\">P2: \u00bfOfrecen blancos de FTO tanto planos como rotatorios?<\/span><\/h3>\n<p>S\u00ed, fabricamos objetivos planos y rotatorios con o sin placas de soporte, totalmente personalizables.<\/p>\n<h3><span style=\"font-size: 12pt;\">P3: \u00bfQu\u00e9 m\u00e9todos de pulverizaci\u00f3n cat\u00f3dica son adecuados para objetivos FTO?<\/span><\/h3>\n<p>Nuestros objetivos de pulverizaci\u00f3n cat\u00f3dica FTO se pueden utilizar en sistemas de pulverizaci\u00f3n cat\u00f3dica con magnetr\u00f3n de CC y RF.<\/p>\n<h2><span style=\"font-size: 14pt;\">Productos relacionados<\/span><\/h2>\n<p><span style=\"color: #0000ff;\"><a style=\"color: #0000ff;\" href=\"https:\/\/vimaterial.de\/es\/product\/oxido-de-indio-y-estano-ito-2\/\">Objetivo de pulverizaci\u00f3n cat\u00f3dica de ITO (\u00f3xido de indio y esta\u00f1o)<\/a><\/span><\/p>\n<p><span style=\"color: #0000ff;\"><a style=\"color: #0000ff;\" href=\"https:\/\/vimaterial.de\/es\/product\/oxido-de-zinc-dopado-con-alumina\/\">Objetivo de pulverizaci\u00f3n cat\u00f3dica de AZO (\u00f3xido de zinc dopado con aluminio)<\/a><\/span><\/p>\n<p><span style=\"color: #0000ff;\"><a style=\"color: #0000ff;\" href=\"https:\/\/vimaterial.de\/es\/product\/oxido-de-estano-iv-2\/\">Objetivo de pulverizaci\u00f3n cat\u00f3dica de SnO\u2082<\/a><\/span><\/p>\n","protected":false},"excerpt":{"rendered":"<p>Los blancos de pulverizaci\u00f3n cat\u00f3dica de<span style=\"color: #0000ff;\"><a style=\"color: #0000ff;\" href=\"https:\/\/vimaterial.de\/es\/search\/?type=name&#038;keyword=FTO\"> \u00f3xido de esta\u00f1o dopado con fl\u00faor<\/a> <\/span>(FTO) son materiales esenciales para la producci\u00f3n de pel\u00edculas delgadas de \u00f3xido conductor transparente (TCO). Al dopar el \u00f3xido de esta\u00f1o (SnO\u2082) con fl\u00faor, se mejora significativamente la conductividad el\u00e9ctrica, manteniendo al mismo tiempo una alta transparencia \u00f3ptica. Esto hace que los blancos de pulverizaci\u00f3n cat\u00f3dica de FTO se utilicen ampliamente en c\u00e9lulas solares de pel\u00edcula delgada, paneles t\u00e1ctiles, pantallas, ventanas inteligentes y otros dispositivos optoelectr\u00f3nicos.<\/p>\n<p>En <span style=\"color: #0000ff;\"><a style=\"color: #0000ff;\" href=\"https:\/\/vimaterial.de\/es\/contacto\/\">VIMATERIAL,<\/a><\/span> suministramos blancos de pulverizaci\u00f3n cat\u00f3dica de FTO de alta pureza con excelente estabilidad, deposici\u00f3n uniforme de pel\u00edcula delgada y dimensiones personalizables para satisfacer las demandas de investigaci\u00f3n y a escala industrial.<\/p>\n","protected":false},"featured_media":1032487,"comment_status":"open","ping_status":"closed","template":"","meta":{"_acf_changed":false},"product_brand":[],"product_cat":[178],"product_tag":[],"class_list":{"0":"post-1023038","1":"product","2":"type-product","3":"status-publish","4":"has-post-thumbnail","6":"product_cat-catodos-para-sputtering-planar","8":"first","9":"instock","10":"shipping-taxable","11":"product-type-variable"},"acf":[],"_links":{"self":[{"href":"https:\/\/vimaterial.de\/es\/wp-json\/wp\/v2\/product\/1023038","targetHints":{"allow":["GET"]}}],"collection":[{"href":"https:\/\/vimaterial.de\/es\/wp-json\/wp\/v2\/product"}],"about":[{"href":"https:\/\/vimaterial.de\/es\/wp-json\/wp\/v2\/types\/product"}],"replies":[{"embeddable":true,"href":"https:\/\/vimaterial.de\/es\/wp-json\/wp\/v2\/comments?post=1023038"}],"wp:featuredmedia":[{"embeddable":true,"href":"https:\/\/vimaterial.de\/es\/wp-json\/wp\/v2\/media\/1032487"}],"wp:attachment":[{"href":"https:\/\/vimaterial.de\/es\/wp-json\/wp\/v2\/media?parent=1023038"}],"wp:term":[{"taxonomy":"product_brand","embeddable":true,"href":"https:\/\/vimaterial.de\/es\/wp-json\/wp\/v2\/product_brand?post=1023038"},{"taxonomy":"product_cat","embeddable":true,"href":"https:\/\/vimaterial.de\/es\/wp-json\/wp\/v2\/product_cat?post=1023038"},{"taxonomy":"product_tag","embeddable":true,"href":"https:\/\/vimaterial.de\/es\/wp-json\/wp\/v2\/product_tag?post=1023038"}],"curies":[{"name":"wp","href":"https:\/\/api.w.org\/{rel}","templated":true}]}}