{"id":1023034,"date":"2024-06-17T15:40:35","date_gmt":"2024-06-17T07:40:35","guid":{"rendered":"https:\/\/vimaterial.de\/product\/oxido-de-estano-dopado-con-fluor-fto\/"},"modified":"2024-10-30T16:06:52","modified_gmt":"2024-10-30T08:06:52","slug":"oxido-de-estano-dopado-con-fluor-fto","status":"publish","type":"product","link":"https:\/\/vimaterial.de\/es\/product\/oxido-de-estano-dopado-con-fluor-fto\/","title":{"rendered":"\u00d3xido de esta\u00f1o dopado con fl\u00faor (FTO)"},"content":{"rendered":"<p>SnO\u2082 &#8211; El polvo de SnF\u2082 es un material en polvo h\u00edbrido que contiene dos compuestos de di\u00f3xido de esta\u00f1o (SnO\u2082) y fluoruro de esta\u00f1o (SnF\u2082).<\/p>\n<h3>Informaci\u00f3n b\u00e1sica<\/h3>\n<p>Aspecto y color: Diferentes tonalidades desde el blanco hasta el blanco roto.<\/p>\n<p>Morfolog\u00eda y tama\u00f1o de part\u00edcula: Los polvos tienen una variedad de morfolog\u00edas de part\u00edculas, que pueden ser de forma irregular, esf\u00e9ricas o esferoidales.<\/p>\n<p>Densidad: La densidad de SnO\u2082 es de aproximadamente 6,95 g\/cm\u00b3 y la densidad de SnF\u2082 es de aproximadamente 4,57 g\/cm\u00b3, por lo que la densidad de los polvos de SnO\u2082 &#8211; SnF\u2082 var\u00eda entre estos dos valores en funci\u00f3n de la proporci\u00f3n de mezcla de ambos.<\/p>\n<p>Dureza: El SnO\u2082 es duro y el SnF\u2082 es relativamente blando, por lo que la dureza de la mezcla de polvo tambi\u00e9n depende de la proporci\u00f3n de los dos.<\/p>\n<h3>\u00c1mbitos de aplicaci\u00f3n<\/h3>\n<p>Bater\u00edas de iones de litio: Los polvos de \u00d3xido de esta\u00f1o dopado con fl\u00faor se utilizan como materiales an\u00f3dicos en las bater\u00edas de iones de litio, donde los elementos de esta\u00f1o en SnO\u2082 y SnF\u2082 pueden reaccionar con los iones de litio en una reacci\u00f3n qu\u00edmica reversible.<\/p>\n<p>Sensores de gas: Basados en las propiedades semiconductoras y de quimisorci\u00f3n de los polvos de \u00d3xido de esta\u00f1o dopado con fl\u00faor, se pueden utilizar para preparar sensores de gas.<\/p>\n<p>Cat\u00e1lisis: Los polvos de \u00f3xido de esta\u00f1o dopados con fl\u00faor tienen un efecto catal\u00edtico en algunas reacciones qu\u00edmicas. la estructura cristalina y las propiedades superficiales del SnO\u2082 le permiten adsorber mol\u00e9culas reactivas y promover la reacci\u00f3n.<\/p>\n","protected":false},"excerpt":{"rendered":"<p>SnO\u2082 &#8211; El polvo de SnF\u2082 es un material en polvo h\u00edbrido que contiene dos compuestos de di\u00f3xido de esta\u00f1o (SnO\u2082) y fluoruro de esta\u00f1o (SnF\u2082).<\/p>\n<p>Bater\u00edas de iones de litio: Los polvos de \u00d3xido de esta\u00f1o dopado con fl\u00faor se utilizan como materiales an\u00f3dicos en las bater\u00edas de iones de litio, donde los elementos de esta\u00f1o en SnO\u2082 y SnF\u2082 pueden reaccionar con los iones de litio en una reacci\u00f3n qu\u00edmica reversible.<\/p>\n<p>Sensores de gas: Basados en las propiedades semiconductoras y de quimisorci\u00f3n de los polvos de SnO\u2082 &#8211; SnF\u2082, se pueden utilizar para preparar sensores de gas.<\/p>\n","protected":false},"featured_media":1032482,"comment_status":"open","ping_status":"closed","template":"","meta":{"_acf_changed":false},"product_brand":[],"product_cat":[186],"product_tag":[],"class_list":{"0":"post-1023034","1":"product","2":"type-product","3":"status-publish","4":"has-post-thumbnail","6":"product_cat-materiales-de-oxido-hidroxido","8":"first","9":"instock","10":"shipping-taxable","11":"product-type-variable"},"acf":[],"_links":{"self":[{"href":"https:\/\/vimaterial.de\/es\/wp-json\/wp\/v2\/product\/1023034","targetHints":{"allow":["GET"]}}],"collection":[{"href":"https:\/\/vimaterial.de\/es\/wp-json\/wp\/v2\/product"}],"about":[{"href":"https:\/\/vimaterial.de\/es\/wp-json\/wp\/v2\/types\/product"}],"replies":[{"embeddable":true,"href":"https:\/\/vimaterial.de\/es\/wp-json\/wp\/v2\/comments?post=1023034"}],"wp:featuredmedia":[{"embeddable":true,"href":"https:\/\/vimaterial.de\/es\/wp-json\/wp\/v2\/media\/1032482"}],"wp:attachment":[{"href":"https:\/\/vimaterial.de\/es\/wp-json\/wp\/v2\/media?parent=1023034"}],"wp:term":[{"taxonomy":"product_brand","embeddable":true,"href":"https:\/\/vimaterial.de\/es\/wp-json\/wp\/v2\/product_brand?post=1023034"},{"taxonomy":"product_cat","embeddable":true,"href":"https:\/\/vimaterial.de\/es\/wp-json\/wp\/v2\/product_cat?post=1023034"},{"taxonomy":"product_tag","embeddable":true,"href":"https:\/\/vimaterial.de\/es\/wp-json\/wp\/v2\/product_tag?post=1023034"}],"curies":[{"name":"wp","href":"https:\/\/api.w.org\/{rel}","templated":true}]}}