{"id":1023019,"date":"2024-06-17T15:40:35","date_gmt":"2024-06-17T07:40:35","guid":{"rendered":"https:\/\/vimaterial.de\/product\/sulfuro-de-estano-6\/"},"modified":"2024-10-30T16:28:53","modified_gmt":"2024-10-30T08:28:53","slug":"sulfuro-de-estano-6","status":"publish","type":"product","link":"https:\/\/vimaterial.de\/es\/product\/sulfuro-de-estano-6\/","title":{"rendered":"Sulfuro de esta\u00f1o"},"content":{"rendered":"<h3>Informaci\u00f3n b\u00e1sica:<\/h3>\n<p>F\u00f3rmula qu\u00edmica: SnS.<\/p>\n<p>Peso molecular: 150.75.<\/p>\n<p>N\u00ba CAS: 1314-95-0.<\/p>\n<p>Aspecto: Sistema de cristal c\u00fabico gris.<\/p>\n<p>Densidad: 5,08 g\/ml (25\u00b0C).<\/p>\n<p>Estructura cristalina: Su estructura cristalina pertenece al sistema cristalino c\u00fabico.<\/p>\n<p>Estabilidad: es relativamente estable a temperatura ambiente, pero en condiciones espec\u00edficas, como alta temperatura, \u00e1cido fuerte, \u00e1lcali fuerte y otros ambientes, pueden ocurrir reacciones qu\u00edmicas.<\/p>\n<h3>\u00c1reas de aplicaci\u00f3n:<\/h3>\n<p>Materiales semiconductores: El sulfuro de esta\u00f1o es un material semiconductor importante con aplicaciones potenciales en dispositivos optoelectr\u00f3nicos como c\u00e9lulas solares y fotodetectores. Sus propiedades semiconductoras le permiten absorber y convertir la energ\u00eda luminosa, que puede utilizarse para preparar dispositivos optoelectr\u00f3nicos de alta eficiencia.<\/p>\n<p>Recubrimientos y pigmentos: Debido a su color \u00fanico y estabilidad qu\u00edmica, el sulfuro de esta\u00f1o se puede utilizar como componente de pigmentos o recubrimientos para la preparaci\u00f3n de recubrimientos con colores y propiedades especiales.<\/p>\n<p>Aditivos lubricantes: Los polvos de SnS se pueden utilizar como aditivos en sistemas de lubricantes especiales para mejorar el rendimiento del lubricante y reducir el coeficiente de fricci\u00f3n y desgaste.<\/p>\n","protected":false},"excerpt":{"rendered":"<p>Materiales semiconductores: El sulfuro de esta\u00f1o es un material semiconductor importante con aplicaciones potenciales en dispositivos optoelectr\u00f3nicos como c\u00e9lulas solares y fotodetectores. Sus propiedades semiconductoras le permiten absorber y convertir la energ\u00eda luminosa, que puede utilizarse para preparar dispositivos optoelectr\u00f3nicos de alta eficiencia.<\/p>\n<p>Recubrimientos y pigmentos: Debido a su color \u00fanico y estabilidad qu\u00edmica, el sulfuro de esta\u00f1o se puede utilizar como componente de pigmentos o recubrimientos para la preparaci\u00f3n de recubrimientos con colores y propiedades especiales.<\/p>\n","protected":false},"featured_media":1032497,"comment_status":"open","ping_status":"closed","template":"","meta":{"_acf_changed":false},"product_brand":[],"product_cat":[181],"product_tag":[],"class_list":{"0":"post-1023019","1":"product","2":"type-product","3":"status-publish","4":"has-post-thumbnail","6":"product_cat-materiales-calcogenuros","8":"first","9":"instock","10":"shipping-taxable","11":"product-type-variable"},"acf":[],"_links":{"self":[{"href":"https:\/\/vimaterial.de\/es\/wp-json\/wp\/v2\/product\/1023019","targetHints":{"allow":["GET"]}}],"collection":[{"href":"https:\/\/vimaterial.de\/es\/wp-json\/wp\/v2\/product"}],"about":[{"href":"https:\/\/vimaterial.de\/es\/wp-json\/wp\/v2\/types\/product"}],"replies":[{"embeddable":true,"href":"https:\/\/vimaterial.de\/es\/wp-json\/wp\/v2\/comments?post=1023019"}],"wp:featuredmedia":[{"embeddable":true,"href":"https:\/\/vimaterial.de\/es\/wp-json\/wp\/v2\/media\/1032497"}],"wp:attachment":[{"href":"https:\/\/vimaterial.de\/es\/wp-json\/wp\/v2\/media?parent=1023019"}],"wp:term":[{"taxonomy":"product_brand","embeddable":true,"href":"https:\/\/vimaterial.de\/es\/wp-json\/wp\/v2\/product_brand?post=1023019"},{"taxonomy":"product_cat","embeddable":true,"href":"https:\/\/vimaterial.de\/es\/wp-json\/wp\/v2\/product_cat?post=1023019"},{"taxonomy":"product_tag","embeddable":true,"href":"https:\/\/vimaterial.de\/es\/wp-json\/wp\/v2\/product_tag?post=1023019"}],"curies":[{"name":"wp","href":"https:\/\/api.w.org\/{rel}","templated":true}]}}