{"id":1023008,"date":"2024-06-17T15:40:35","date_gmt":"2024-06-17T07:40:35","guid":{"rendered":"https:\/\/vimaterial.de\/product\/sulfuro-de-estano-5\/"},"modified":"2024-10-30T15:41:17","modified_gmt":"2024-10-30T07:41:17","slug":"sulfuro-de-estano-5","status":"publish","type":"product","link":"https:\/\/vimaterial.de\/es\/product\/sulfuro-de-estano-5\/","title":{"rendered":"Sulfuro de esta\u00f1o"},"content":{"rendered":"<p>Las part\u00edculas de SnS son part\u00edculas de compuestos inorg\u00e1nicos compuestas de esta\u00f1o (Sn) y azufre (S).<\/p>\n<h3>Informaci\u00f3n b\u00e1sica<\/h3>\n<p>F\u00f3rmula y composici\u00f3n qu\u00edmica: La f\u00f3rmula qu\u00edmica del SnS indica claramente su composici\u00f3n qu\u00edmica, es decir, los \u00e1tomos de esta\u00f1o y azufre forman el compuesto en una proporci\u00f3n de 1:1.<\/p>\n<p>Peso molecular: 150,77.<\/p>\n<p>Aspecto: Las part\u00edculas de SnS son generalmente de color marr\u00f3n oscuro o negro.<\/p>\n<p>Estructura cristalina: SnS tiene una estructura cristalina ortorr\u00f3mbica.<\/p>\n<p>Densidad: La densidad de SnS es de unos 5,22 g\/cm\u00b3.<\/p>\n<h3>\u00c1reas de aplicaci\u00f3n<\/h3>\n<p>Materiales termoel\u00e9ctricos: Basados en la baja conductividad el\u00e9ctrica, la baja conductividad t\u00e9rmica y la estructura cristalina \u00fanica de las part\u00edculas de SnS, se pueden convertir en materiales termoel\u00e9ctricos, que pueden lograr la conversi\u00f3n mutua de calor y electricidad en presencia de diferencia de temperatura.<\/p>\n<p>Dispositivos optoelectr\u00f3nicos: Las part\u00edculas de sulfuro de esta\u00f1o tienen propiedades de absorci\u00f3n de luz y conversi\u00f3n fotoel\u00e9ctrica en las regiones visible e infrarroja cercana, que est\u00e1n relacionadas con sus estructuras electr\u00f3nicas y cristalinas.<\/p>\n<p>Bater\u00edas de iones de litio: Las part\u00edculas de sulfuro de esta\u00f1o contienen elementos de esta\u00f1o y azufre que reaccionan con los iones de litio de forma reversible. Durante el proceso de carga y descarga, los iones de litio pueden insertarse y separarse de la estructura reticular del SnS, lo que permite el almacenamiento y la liberaci\u00f3n de energ\u00eda el\u00e9ctrica.<\/p>\n","protected":false},"excerpt":{"rendered":"<p>Las part\u00edculas de sulfuro de esta\u00f1o son part\u00edculas de compuestos inorg\u00e1nicos compuestas de esta\u00f1o (Sn) y azufre (S).<\/p>\n<p>Materiales termoel\u00e9ctricos: Basados en la baja conductividad el\u00e9ctrica, la baja conductividad t\u00e9rmica y la estructura cristalina \u00fanica de las part\u00edculas de SnS, se pueden convertir en materiales termoel\u00e9ctricos, que pueden lograr la conversi\u00f3n mutua de calor y electricidad en presencia de diferencia de temperatura.<\/p>\n<p>Dispositivos optoelectr\u00f3nicos: Las part\u00edculas de SnS tienen propiedades de absorci\u00f3n de luz y conversi\u00f3n fotoel\u00e9ctrica en las regiones visible e infrarroja cercana, que est\u00e1n relacionadas con sus estructuras electr\u00f3nicas y cristalinas.<\/p>\n","protected":false},"featured_media":1032492,"comment_status":"open","ping_status":"closed","template":"","meta":{"_acf_changed":false},"product_brand":[],"product_cat":[179],"product_tag":[],"class_list":{"0":"post-1023008","1":"product","2":"type-product","3":"status-publish","4":"has-post-thumbnail","6":"product_cat-materiales-de-evaporacion","8":"first","9":"instock","10":"shipping-taxable","11":"product-type-variable"},"acf":[],"_links":{"self":[{"href":"https:\/\/vimaterial.de\/es\/wp-json\/wp\/v2\/product\/1023008","targetHints":{"allow":["GET"]}}],"collection":[{"href":"https:\/\/vimaterial.de\/es\/wp-json\/wp\/v2\/product"}],"about":[{"href":"https:\/\/vimaterial.de\/es\/wp-json\/wp\/v2\/types\/product"}],"replies":[{"embeddable":true,"href":"https:\/\/vimaterial.de\/es\/wp-json\/wp\/v2\/comments?post=1023008"}],"wp:featuredmedia":[{"embeddable":true,"href":"https:\/\/vimaterial.de\/es\/wp-json\/wp\/v2\/media\/1032492"}],"wp:attachment":[{"href":"https:\/\/vimaterial.de\/es\/wp-json\/wp\/v2\/media?parent=1023008"}],"wp:term":[{"taxonomy":"product_brand","embeddable":true,"href":"https:\/\/vimaterial.de\/es\/wp-json\/wp\/v2\/product_brand?post=1023008"},{"taxonomy":"product_cat","embeddable":true,"href":"https:\/\/vimaterial.de\/es\/wp-json\/wp\/v2\/product_cat?post=1023008"},{"taxonomy":"product_tag","embeddable":true,"href":"https:\/\/vimaterial.de\/es\/wp-json\/wp\/v2\/product_tag?post=1023008"}],"curies":[{"name":"wp","href":"https:\/\/api.w.org\/{rel}","templated":true}]}}