{"id":1022985,"date":"2024-06-17T15:40:36","date_gmt":"2024-06-17T07:40:36","guid":{"rendered":"https:\/\/vimaterial.de\/product\/sulfuro-de-estano-4\/"},"modified":"2024-10-30T14:37:14","modified_gmt":"2024-10-30T06:37:14","slug":"sulfuro-de-estano-4","status":"publish","type":"product","link":"https:\/\/vimaterial.de\/es\/product\/sulfuro-de-estano-4\/","title":{"rendered":"Sulfuro de esta\u00f1o"},"content":{"rendered":"<p>Los objetivos SnS son un material importante con una amplia gama de aplicaciones en varios campos.<\/p>\n<h3>Informaci\u00f3n b\u00e1sica<\/h3>\n<p>F\u00f3rmula y composici\u00f3n qu\u00edmica: La f\u00f3rmula qu\u00edmica del SnS indica que se compone de esta\u00f1o (Sn) y azufre (S) en una proporci\u00f3n at\u00f3mica de 1:1.<\/p>\n<p>Peso molecular: 150,77.<\/p>\n<p>Aspecto: Los objetivos SnS suelen aparecer de color marr\u00f3n oscuro o negro.<\/p>\n<p>Estructura cristalina: SnS tiene una estructura cristalina ortorr\u00f3mbica en la que los \u00e1tomos de Sn y S est\u00e1n dispuestos en un patr\u00f3n espec\u00edfico para formar una red cristalina.<\/p>\n<p>Densidad: El SnS tiene una densidad aproximada de 5,22 g\/cm\u00b3.<\/p>\n<p>Dureza y fragilidad: Los objetivos de SnS son duros, pero tambi\u00e9n quebradizos.<\/p>\n<h3>\u00c1mbitos de aplicaci\u00f3n<\/h3>\n<p>Dispositivos optoelectr\u00f3nicos: El sulfuro de esta\u00f1o tiene buenas propiedades de absorci\u00f3n de luz y conversi\u00f3n fotoel\u00e9ctrica en las regiones visible e infrarroja cercana, que est\u00e1n relacionadas con su estructura electr\u00f3nica y estructura cristalina.<\/p>\n<p>Semiconductor: El sulfuro de esta\u00f1o es un material semiconductor cuyas propiedades el\u00e9ctricas se pueden ajustar mediante dopaje. En los dispositivos semiconductores, los objetivos SnS se utilizan para preparar pel\u00edculas semiconductoras, como capas de canal para transistores de efecto de campo (FET).<\/p>\n","protected":false},"excerpt":{"rendered":"<p>La investigaci\u00f3n sobre la aplicaci\u00f3n del sulfuro de esta\u00f1o en semiconductores est\u00e1 progresando, especialmente en el desarrollo de nuevos dispositivos semiconductores, como transistores de efecto de campo de alto rendimiento y bajo costo, que utilizan las propiedades el\u00e9ctricas \u00fanicas y la estructura cristalina del SnS para satisfacer la demanda de miniaturizaci\u00f3n, alto rendimiento y bajo consumo de energ\u00eda en dispositivos electr\u00f3nicos.<\/p>\n","protected":false},"featured_media":1032502,"comment_status":"open","ping_status":"closed","template":"","meta":{"_acf_changed":false},"product_brand":[],"product_cat":[178],"product_tag":[],"class_list":{"0":"post-1022985","1":"product","2":"type-product","3":"status-publish","4":"has-post-thumbnail","6":"product_cat-catodos-para-sputtering-planar","8":"first","9":"instock","10":"shipping-taxable","11":"product-type-variable"},"acf":[],"_links":{"self":[{"href":"https:\/\/vimaterial.de\/es\/wp-json\/wp\/v2\/product\/1022985","targetHints":{"allow":["GET"]}}],"collection":[{"href":"https:\/\/vimaterial.de\/es\/wp-json\/wp\/v2\/product"}],"about":[{"href":"https:\/\/vimaterial.de\/es\/wp-json\/wp\/v2\/types\/product"}],"replies":[{"embeddable":true,"href":"https:\/\/vimaterial.de\/es\/wp-json\/wp\/v2\/comments?post=1022985"}],"wp:featuredmedia":[{"embeddable":true,"href":"https:\/\/vimaterial.de\/es\/wp-json\/wp\/v2\/media\/1032502"}],"wp:attachment":[{"href":"https:\/\/vimaterial.de\/es\/wp-json\/wp\/v2\/media?parent=1022985"}],"wp:term":[{"taxonomy":"product_brand","embeddable":true,"href":"https:\/\/vimaterial.de\/es\/wp-json\/wp\/v2\/product_brand?post=1022985"},{"taxonomy":"product_cat","embeddable":true,"href":"https:\/\/vimaterial.de\/es\/wp-json\/wp\/v2\/product_cat?post=1022985"},{"taxonomy":"product_tag","embeddable":true,"href":"https:\/\/vimaterial.de\/es\/wp-json\/wp\/v2\/product_tag?post=1022985"}],"curies":[{"name":"wp","href":"https:\/\/api.w.org\/{rel}","templated":true}]}}