{"id":1022968,"date":"2024-06-17T15:40:36","date_gmt":"2024-06-17T07:40:36","guid":{"rendered":"https:\/\/vimaterial.de\/product\/sulfuro-de-estano-3\/"},"modified":"2024-10-30T15:17:36","modified_gmt":"2024-10-30T07:17:36","slug":"sulfuro-de-estano-3","status":"publish","type":"product","link":"https:\/\/vimaterial.de\/es\/product\/sulfuro-de-estano-3\/","title":{"rendered":"Sulfuro de esta\u00f1o"},"content":{"rendered":"<p>El polvo de SnS\u2082 es un importante material compuesto inorg\u00e1nico.<\/p>\n<h3>Informaci\u00f3n b\u00e1sica:<\/h3>\n<p>F\u00f3rmula y composici\u00f3n qu\u00edmica: la f\u00f3rmula qu\u00edmica es SnS\u2082, compuesta por dos elementos, esta\u00f1o (Sn) y azufre (S), la proporci\u00f3n at\u00f3mica de esta\u00f1o y azufre es de 1:2.<\/p>\n<p>Peso molecular: El peso molecular es de aproximadamente 182.83<br \/>\nN\u00famero CAS: 1314-95-0.<\/p>\n<p>Aspecto y color: Suele aparecer de color amarillo dorado o amarillo, con un color y brillo \u00fanicos.<\/p>\n<p>Estructura cristalina: Estructura cristalina estratificada con sistema cristalino tripartito.<\/p>\n<p>Densidad: La densidad es de unos 4,5 g\/cm\u00b3.<\/p>\n<h3>\u00c1reas de aplicaci\u00f3n:<\/h3>\n<p>Dispositivos optoelectr\u00f3nicos: debido a sus propiedades \u00f3pticas y el\u00e9ctricas \u00fanicas, el sulfuro de esta\u00f1o se puede utilizar para preparar fotodetectores, diodos emisores de luz, c\u00e9lulas solares y otros dispositivos optoelectr\u00f3nicos.<\/p>\n<p>Bater\u00edas de iones de litio: como material de \u00e1nodo para bater\u00edas de iones de litio, el sulfuro de esta\u00f1o tiene una alta capacidad espec\u00edfica te\u00f3rica y puede mejorar el rendimiento de almacenamiento de energ\u00eda de la bater\u00eda.<\/p>\n<p>Campo catal\u00edtico: se puede utilizar como catalizador o fotocatalizador, aplicado a la descomposici\u00f3n fotocatal\u00edtica del agua, la s\u00edntesis org\u00e1nica y otras reacciones. Pinturas y pigmentos: Su color amarillo dorado permite su uso para elaborar pinturas y pigmentos dorados.<\/p>\n","protected":false},"excerpt":{"rendered":"<p>El polvo de SnS\u2082 es un importante material compuesto inorg\u00e1nico.<\/p>\n<p>Dispositivos optoelectr\u00f3nicos: debido a sus propiedades \u00f3pticas y el\u00e9ctricas \u00fanicas, el sulfuro de esta\u00f1o se puede utilizar para preparar fotodetectores, diodos emisores de luz, c\u00e9lulas solares y otros dispositivos optoelectr\u00f3nicos.<\/p>\n<p>Bater\u00edas de iones de litio: como material de \u00e1nodo para bater\u00edas de iones de litio, el sulfuro de esta\u00f1o tiene una alta capacidad espec\u00edfica te\u00f3rica y puede mejorar el rendimiento de almacenamiento de energ\u00eda de la bater\u00eda.<\/p>\n","protected":false},"featured_media":1032512,"comment_status":"open","ping_status":"closed","template":"","meta":{"_acf_changed":false},"product_brand":[],"product_cat":[181],"product_tag":[],"class_list":{"0":"post-1022968","1":"product","2":"type-product","3":"status-publish","4":"has-post-thumbnail","6":"product_cat-materiales-calcogenuros","8":"first","9":"instock","10":"shipping-taxable","11":"purchasable","12":"product-type-variable"},"acf":[],"_links":{"self":[{"href":"https:\/\/vimaterial.de\/es\/wp-json\/wp\/v2\/product\/1022968","targetHints":{"allow":["GET"]}}],"collection":[{"href":"https:\/\/vimaterial.de\/es\/wp-json\/wp\/v2\/product"}],"about":[{"href":"https:\/\/vimaterial.de\/es\/wp-json\/wp\/v2\/types\/product"}],"replies":[{"embeddable":true,"href":"https:\/\/vimaterial.de\/es\/wp-json\/wp\/v2\/comments?post=1022968"}],"wp:featuredmedia":[{"embeddable":true,"href":"https:\/\/vimaterial.de\/es\/wp-json\/wp\/v2\/media\/1032512"}],"wp:attachment":[{"href":"https:\/\/vimaterial.de\/es\/wp-json\/wp\/v2\/media?parent=1022968"}],"wp:term":[{"taxonomy":"product_brand","embeddable":true,"href":"https:\/\/vimaterial.de\/es\/wp-json\/wp\/v2\/product_brand?post=1022968"},{"taxonomy":"product_cat","embeddable":true,"href":"https:\/\/vimaterial.de\/es\/wp-json\/wp\/v2\/product_cat?post=1022968"},{"taxonomy":"product_tag","embeddable":true,"href":"https:\/\/vimaterial.de\/es\/wp-json\/wp\/v2\/product_tag?post=1022968"}],"curies":[{"name":"wp","href":"https:\/\/api.w.org\/{rel}","templated":true}]}}