{"id":1022932,"date":"2024-06-17T15:40:36","date_gmt":"2024-06-17T07:40:36","guid":{"rendered":"https:\/\/vimaterial.de\/product\/sulfuro-de-estano\/"},"modified":"2024-10-30T15:28:56","modified_gmt":"2024-10-30T07:28:56","slug":"sulfuro-de-estano","status":"publish","type":"product","link":"https:\/\/vimaterial.de\/es\/product\/sulfuro-de-estano\/","title":{"rendered":"Sulfuro de esta\u00f1o"},"content":{"rendered":"<p>El objetivo SnS\u2082 es un material importante que se usa com\u00fanmente en \u00e1reas como la preparaci\u00f3n de pel\u00edculas delgadas.<\/p>\n<h3>Informaci\u00f3n b\u00e1sica:<\/h3>\n<p>Composici\u00f3n qu\u00edmica: compuesto principalmente por dos elementos, esta\u00f1o (Sn) y azufre (S), la f\u00f3rmula qu\u00edmica es SnS\u2082.<\/p>\n<p>N\u00ba CAS: 1315-01-1.<\/p>\n<p>Aspecto: Suele mostrar un color amarillo dorado o amarillo con un color y brillo \u00fanicos.<\/p>\n<p>Estructura cristalina: Estructura cristalina estratificada con sistema cristalino tripartito, similar a la estructura del CdI\u2082.<\/p>\n<p>Densidad: Densidad alrededor de 4,5 g\/cm\u00b3.<\/p>\n<p>Punto de fusi\u00f3n: El punto de fusi\u00f3n es de aproximadamente 600 \u00b0C.<\/p>\n<h3>Campos de aplicaci\u00f3n:<\/h3>\n<p>Campo semiconductor: El sulfuro de esta\u00f1o se puede utilizar para preparar dispositivos semiconductores, como transistores de pel\u00edcula delgada (TFT), c\u00e9lulas solares, etc. En las c\u00e9lulas solares, el SnS\u2082 se utiliza como material de capa absorbente de luz que absorbe la luz solar y la convierte en electricidad.<\/p>\n<p>Campo \u00f3ptico: Debido a sus propiedades \u00f3pticas \u00fanicas, el sulfuro de esta\u00f1o se puede utilizar para preparar pel\u00edculas \u00f3pticas, como pel\u00edculas antirreflectantes, pel\u00edculas de mejora de la transmitancia, etc., que se utilizan en dispositivos \u00f3pticos, paneles de visualizaci\u00f3n y otros campos.<\/p>\n<p>Recubrimiento de pulverizaci\u00f3n cat\u00f3dica de magnetr\u00f3n: Como material objetivo para la pulverizaci\u00f3n cat\u00f3dica de magnetr\u00f3n, la pel\u00edcula delgada de SnS \u2082 se deposita en el sustrato mediante el proceso de pulverizaci\u00f3n cat\u00f3dica, que se utiliza para la preparaci\u00f3n de varias pel\u00edculas funcionales, como pel\u00edculas conductoras y pel\u00edculas aislantes.<\/p>\n<p>Campo catal\u00edtico: Se puede utilizar como catalizador o portador de catalizador, aplicado en reacciones qu\u00edmicas, como la descomposici\u00f3n fotocatal\u00edtica del agua, la s\u00edntesis org\u00e1nica y otras reacciones.<\/p>\n","protected":false},"excerpt":{"rendered":"<p>El objetivo SnS\u2082 es un material importante que se usa com\u00fanmente en \u00e1reas como la preparaci\u00f3n de pel\u00edculas delgadas.<\/p>\n<p>Campo semiconductor: El sulfuro de esta\u00f1o se puede utilizar para preparar dispositivos semiconductores, como transistores de pel\u00edcula delgada (TFT), c\u00e9lulas solares, etc. En las c\u00e9lulas solares, el SnS\u2082 se utiliza como material de capa absorbente de luz que absorbe la luz solar y la convierte en electricidad.<\/p>\n<p>Campo \u00f3ptico: Debido a sus propiedades \u00f3pticas \u00fanicas, el sulfuro de esta\u00f1o se puede utilizar para preparar pel\u00edculas \u00f3pticas, como pel\u00edculas antirreflectantes, pel\u00edculas de mejora de la transmitancia, etc., que se utilizan en dispositivos \u00f3pticos, paneles de visualizaci\u00f3n y otros campos.<\/p>\n<p>&nbsp;<\/p>\n","protected":false},"featured_media":1032517,"comment_status":"open","ping_status":"closed","template":"","meta":{"_acf_changed":false},"product_brand":[],"product_cat":[178],"product_tag":[],"class_list":{"0":"post-1022932","1":"product","2":"type-product","3":"status-publish","4":"has-post-thumbnail","6":"product_cat-catodos-para-sputtering-planar","8":"first","9":"instock","10":"shipping-taxable","11":"product-type-variable"},"acf":[],"_links":{"self":[{"href":"https:\/\/vimaterial.de\/es\/wp-json\/wp\/v2\/product\/1022932","targetHints":{"allow":["GET"]}}],"collection":[{"href":"https:\/\/vimaterial.de\/es\/wp-json\/wp\/v2\/product"}],"about":[{"href":"https:\/\/vimaterial.de\/es\/wp-json\/wp\/v2\/types\/product"}],"replies":[{"embeddable":true,"href":"https:\/\/vimaterial.de\/es\/wp-json\/wp\/v2\/comments?post=1022932"}],"wp:featuredmedia":[{"embeddable":true,"href":"https:\/\/vimaterial.de\/es\/wp-json\/wp\/v2\/media\/1032517"}],"wp:attachment":[{"href":"https:\/\/vimaterial.de\/es\/wp-json\/wp\/v2\/media?parent=1022932"}],"wp:term":[{"taxonomy":"product_brand","embeddable":true,"href":"https:\/\/vimaterial.de\/es\/wp-json\/wp\/v2\/product_brand?post=1022932"},{"taxonomy":"product_cat","embeddable":true,"href":"https:\/\/vimaterial.de\/es\/wp-json\/wp\/v2\/product_cat?post=1022932"},{"taxonomy":"product_tag","embeddable":true,"href":"https:\/\/vimaterial.de\/es\/wp-json\/wp\/v2\/product_tag?post=1022932"}],"curies":[{"name":"wp","href":"https:\/\/api.w.org\/{rel}","templated":true}]}}