{"id":1022882,"date":"2024-06-17T15:40:37","date_gmt":"2024-06-17T07:40:37","guid":{"rendered":"https:\/\/vimaterial.de\/product\/seleniuro-de-estano-5\/"},"modified":"2024-10-30T14:23:44","modified_gmt":"2024-10-30T06:23:44","slug":"seleniuro-de-estano-5","status":"publish","type":"product","link":"https:\/\/vimaterial.de\/es\/product\/seleniuro-de-estano-5\/","title":{"rendered":"Selenide de hojalata"},"content":{"rendered":"<p>Los objetivos de SnSe son un material importante para procesos como la deposici\u00f3n de pel\u00edculas delgadas.<\/p>\n<p>Informaci\u00f3n b\u00e1sica<\/p>\n<p>F\u00f3rmula qu\u00edmica y composici\u00f3n: La f\u00f3rmula qu\u00edmica del SnSe indica que se compone de esta\u00f1o (Sn) y selenio (Se) en una proporci\u00f3n at\u00f3mica de 1:1.<br \/>\nPeso molecular: 197,67.<br \/>\nAspecto: Generalmente gris-negro o negro.<br \/>\nEstructura cristalina: Tiene una estructura cristalina ortorr\u00f3mbica.<br \/>\nDensidad: La densidad es de aproximadamente 6,14 g\/cm\u00b3.<br \/>\nPunto de fusi\u00f3n: El punto de fusi\u00f3n es de aproximadamente 861 \u00b0C. Cerca del punto de fusi\u00f3n, la estructura cristalina y las propiedades f\u00edsicas del SnSe cambian significativamente.<br \/>\nConductividad t\u00e9rmica: La baja conductividad t\u00e9rmica de los polvos de SnSe es una ventaja clave para las aplicaciones termoel\u00e9ctricas.<\/p>\n<p>\u00c1reas de aplicaci\u00f3n<\/p>\n<p>Campo semiconductor: Selenide de hojalata Se puede utilizar para preparar dispositivos semiconductores, como transistores de efecto de campo, fotodetectores, etc.<\/p>\n<p>C\u00e9lulas solares: Como capa absorbente de las c\u00e9lulas solares, el Selenide de hojalata tiene un alto coeficiente de absorci\u00f3n de luz y una banda prohibida adecuada, que puede absorber eficazmente la luz solar y convertirla en electricidad.<\/p>\n<p>Campo de almacenamiento de cambio de fase: SnSe puede sufrir cambios de fase bajo ciertas condiciones de temperatura y presi\u00f3n, y sus caracter\u00edsticas de cambio de fase lo hacen potencialmente valioso en el campo de almacenamiento de cambio de fase. La estructura de pel\u00edcula delgada de superred preparada por pulverizaci\u00f3n cat\u00f3dica de objetivos SnSe se puede utilizar para la preparaci\u00f3n de la memoria de cambio de fase.<\/p>\n","protected":false},"excerpt":{"rendered":"<p>Los objetivos de SnSe son un material importante para procesos como la deposici\u00f3n de pel\u00edculas delgadas.<\/p>\n<p>Campo semiconductor: Selenide de hojalata Se puede utilizar para preparar dispositivos semiconductores, como transistores de efecto de campo, fotodetectores, etc.<\/p>\n<p>C\u00e9lulas solares: Como capa absorbente de las c\u00e9lulas solares, el Selenide de hojalata tiene un alto coeficiente de absorci\u00f3n de luz y una banda prohibida adecuada, que puede absorber eficazmente la luz solar y convertirla en electricidad.<\/p>\n","protected":false},"featured_media":1032547,"comment_status":"open","ping_status":"closed","template":"","meta":{"_acf_changed":false},"product_brand":[],"product_cat":[178],"product_tag":[],"class_list":{"0":"post-1022882","1":"product","2":"type-product","3":"status-publish","4":"has-post-thumbnail","6":"product_cat-catodos-para-sputtering-planar","8":"first","9":"instock","10":"shipping-taxable","11":"product-type-variable"},"acf":[],"_links":{"self":[{"href":"https:\/\/vimaterial.de\/es\/wp-json\/wp\/v2\/product\/1022882","targetHints":{"allow":["GET"]}}],"collection":[{"href":"https:\/\/vimaterial.de\/es\/wp-json\/wp\/v2\/product"}],"about":[{"href":"https:\/\/vimaterial.de\/es\/wp-json\/wp\/v2\/types\/product"}],"replies":[{"embeddable":true,"href":"https:\/\/vimaterial.de\/es\/wp-json\/wp\/v2\/comments?post=1022882"}],"wp:featuredmedia":[{"embeddable":true,"href":"https:\/\/vimaterial.de\/es\/wp-json\/wp\/v2\/media\/1032547"}],"wp:attachment":[{"href":"https:\/\/vimaterial.de\/es\/wp-json\/wp\/v2\/media?parent=1022882"}],"wp:term":[{"taxonomy":"product_brand","embeddable":true,"href":"https:\/\/vimaterial.de\/es\/wp-json\/wp\/v2\/product_brand?post=1022882"},{"taxonomy":"product_cat","embeddable":true,"href":"https:\/\/vimaterial.de\/es\/wp-json\/wp\/v2\/product_cat?post=1022882"},{"taxonomy":"product_tag","embeddable":true,"href":"https:\/\/vimaterial.de\/es\/wp-json\/wp\/v2\/product_tag?post=1022882"}],"curies":[{"name":"wp","href":"https:\/\/api.w.org\/{rel}","templated":true}]}}