{"id":1022826,"date":"2024-06-17T15:40:38","date_gmt":"2024-06-17T07:40:38","guid":{"rendered":"https:\/\/vimaterial.de\/product\/seleniuro-de-estano-2\/"},"modified":"2024-10-30T11:03:07","modified_gmt":"2024-10-30T03:03:07","slug":"seleniuro-de-estano-2","status":"publish","type":"product","link":"https:\/\/vimaterial.de\/es\/product\/seleniuro-de-estano-2\/","title":{"rendered":"Selenide de hojalata"},"content":{"rendered":"<p>El objetivo SnSe\u2082 es un material importante utilizado en procesos como la preparaci\u00f3n de pel\u00edculas delgadas.<\/p>\n<h3>Informaci\u00f3n b\u00e1sica:<\/h3>\n<p>Composici\u00f3n qu\u00edmica: compuesto principalmente por dos elementos, esta\u00f1o (Sn) y selenio (Se), la f\u00f3rmula qu\u00edmica es SnSe\u2082.<\/p>\n<p>N\u00ba CAS: 20770 &#8211; 09 &#8211; 6.<\/p>\n<p>Aspecto: generalmente s\u00f3lido grumoso gris o negro, con formas y tama\u00f1os espec\u00edficos despu\u00e9s de ser procesado en materiales objetivo, com\u00fanmente redondos, cuadrados, etc.<\/p>\n<p>Estructura cristalina: Tiene una estructura cristalina en capas, lo que hace que sus propiedades f\u00edsicas sean diferentes en diferentes direcciones.<\/p>\n<p>Punto de fusi\u00f3n: El punto de fusi\u00f3n es alto, alrededor de 650 \u00b0C.<\/p>\n<h3>Campos de aplicaci\u00f3n:<\/h3>\n<p>Campo semiconductor: El Selenide de hojalata se puede utilizar para preparar pel\u00edculas delgadas de semiconductores, como en la fabricaci\u00f3n de c\u00e9lulas solares, transistores de efecto de campo y otros dispositivos, mediante la pulverizaci\u00f3n cat\u00f3dica, los objetivos de SnSe\u2082 se pueden depositar en el sustrato con pel\u00edculas de SnSe\u2082 de alta calidad.<\/p>\n<p>Campo \u00f3ptico: Dado que el Selenide de hojalata tiene ciertas propiedades de absorci\u00f3n y transmisi\u00f3n \u00f3pticas en las regiones de luz visible e infrarroja cercana, se puede utilizar para preparar pel\u00edculas \u00f3pticas, como pel\u00edculas antirreflectantes y pel\u00edculas de mejora de permeaci\u00f3n, etc., que se aplican en dispositivos \u00f3pticos y recubrimientos \u00f3pticos.<\/p>\n<p>Campo electr\u00f3nico: En la fabricaci\u00f3n de dispositivos electr\u00f3nicos, los objetivos SnSe\u2082 se pueden utilizar para preparar electrodos, capas conductoras y otros componentes, proporcionando una buena conductividad y una estructura estable para dispositivos electr\u00f3nicos.<\/p>\n","protected":false},"excerpt":{"rendered":"<p>El objetivo SnSe\u2082 es un material importante utilizado en procesos como la preparaci\u00f3n de pel\u00edculas delgadas.<\/p>\n<p>Campo semiconductor: el Selenide de hojalata se puede utilizar para preparar pel\u00edculas delgadas de semiconductores, como en la fabricaci\u00f3n de c\u00e9lulas solares, transistores de efecto de campo y otros dispositivos, mediante pulverizaci\u00f3n cat\u00f3dica, los objetivos de SnSe\u2082 se pueden depositar en el sustrato con pel\u00edculas de SnSe\u2082 de alta calidad.<\/p>\n<p>Campo \u00f3ptico: Dado que el Selenide de hojalata tiene ciertas propiedades de absorci\u00f3n y transmisi\u00f3n \u00f3pticas en las regiones de luz visible e infrarroja cercana, se puede utilizar para preparar pel\u00edculas \u00f3pticas, como pel\u00edculas antirreflectantes y pel\u00edculas de mejora de permeaci\u00f3n, etc., que se aplican en dispositivos \u00f3pticos y recubrimientos \u00f3pticos.<\/p>\n","protected":false},"featured_media":1032552,"comment_status":"open","ping_status":"closed","template":"","meta":{"_acf_changed":false},"product_brand":[],"product_cat":[178],"product_tag":[],"class_list":{"0":"post-1022826","1":"product","2":"type-product","3":"status-publish","4":"has-post-thumbnail","6":"product_cat-catodos-para-sputtering-planar","8":"first","9":"instock","10":"shipping-taxable","11":"product-type-variable"},"acf":[],"_links":{"self":[{"href":"https:\/\/vimaterial.de\/es\/wp-json\/wp\/v2\/product\/1022826","targetHints":{"allow":["GET"]}}],"collection":[{"href":"https:\/\/vimaterial.de\/es\/wp-json\/wp\/v2\/product"}],"about":[{"href":"https:\/\/vimaterial.de\/es\/wp-json\/wp\/v2\/types\/product"}],"replies":[{"embeddable":true,"href":"https:\/\/vimaterial.de\/es\/wp-json\/wp\/v2\/comments?post=1022826"}],"wp:featuredmedia":[{"embeddable":true,"href":"https:\/\/vimaterial.de\/es\/wp-json\/wp\/v2\/media\/1032552"}],"wp:attachment":[{"href":"https:\/\/vimaterial.de\/es\/wp-json\/wp\/v2\/media?parent=1022826"}],"wp:term":[{"taxonomy":"product_brand","embeddable":true,"href":"https:\/\/vimaterial.de\/es\/wp-json\/wp\/v2\/product_brand?post=1022826"},{"taxonomy":"product_cat","embeddable":true,"href":"https:\/\/vimaterial.de\/es\/wp-json\/wp\/v2\/product_cat?post=1022826"},{"taxonomy":"product_tag","embeddable":true,"href":"https:\/\/vimaterial.de\/es\/wp-json\/wp\/v2\/product_tag?post=1022826"}],"curies":[{"name":"wp","href":"https:\/\/api.w.org\/{rel}","templated":true}]}}