{"id":1022203,"date":"2024-06-17T15:33:35","date_gmt":"2024-06-17T07:33:35","guid":{"rendered":"https:\/\/vimaterial.de\/product\/sulfuro-de-cadmio-3\/"},"modified":"2024-10-12T16:56:35","modified_gmt":"2024-10-12T08:56:35","slug":"sulfuro-de-cadmio-3","status":"publish","type":"product","link":"https:\/\/vimaterial.de\/es\/product\/sulfuro-de-cadmio-3\/","title":{"rendered":"Sulfuro de cadmio"},"content":{"rendered":"<p>Las part\u00edculas de sulfuro de cadmio son un importante material compuesto inorg\u00e1nico.<\/p>\n<p>&nbsp;<\/p>\n<p>Informaci\u00f3n b\u00e1sica:<\/p>\n<p>&nbsp;<\/p>\n<p>F\u00f3rmula qu\u00edmica: CdS.<\/p>\n<p>Peso molecular: 144.46.<\/p>\n<p>CAS: 1306-23-6.<\/p>\n<p>Aspecto: Por lo general, polvo de color naranja a marr\u00f3n oscuro, inodoro.<\/p>\n<p>Densidad: La densidad relativa es de unos 4,82 g\/cm\u00b3.<\/p>\n<p>Punto de fusi\u00f3n: alto, alrededor de 1750 \u00b0 C.<\/p>\n<p>Solubilidad: Insoluble en agua, pero soluble en \u00e1cido concentrado.<\/p>\n<p>Dioptr\u00edas: 2.529.<\/p>\n<p>&nbsp;<\/p>\n<p>M\u00e9todo de preparaci\u00f3n:<\/p>\n<p>&nbsp;<\/p>\n<p>M\u00e9todo de fase s\u00f3lida a alta temperatura: la fuente de cadmio (como polvo de cadmio o compuestos de cadmio) y la fuente de azufre (como polvo de azufre o gas sulfuro de hidr\u00f3geno) se mezclan en una cierta proporci\u00f3n, y la reacci\u00f3n se realiza a alta temperatura para producir part\u00edculas de CdS.<\/p>\n<p>&nbsp;<\/p>\n<p>M\u00e9todo de precipitaci\u00f3n qu\u00edmica: la soluci\u00f3n de sal de cadmio y la soluci\u00f3n de sulfuro se mezclan para producir precipitaci\u00f3n de CdS a trav\u00e9s de una reacci\u00f3n qu\u00edmica. Luego, a trav\u00e9s de la filtraci\u00f3n, el lavado, el secado y otros pasos, se obtienen part\u00edculas de sulfuro de cadmio.<\/p>\n<p>&nbsp;<\/p>\n<p>M\u00e9todo hidrotermal: Bajo la condici\u00f3n hidrotermal de alta temperatura y alta presi\u00f3n, la fuente de cadmio y la fuente de azufre reaccionan en soluci\u00f3n acuosa para formar part\u00edculas de CdS.<\/p>\n<p>&nbsp;<\/p>\n<p>Aplicaciones:<\/p>\n<p>&nbsp;<\/p>\n<p>Campo pigmentario: Las part\u00edculas de sulfuro de cadmio son un pigmento amarillo de uso com\u00fan, ampliamente utilizado en esmalte, vidrio, cer\u00e1mica, pl\u00e1sticos, pinturas y otros colorantes.<\/p>\n<p>&nbsp;<\/p>\n<p>Campo semiconductor: Como material semiconductor, las part\u00edculas de CdS tienen aplicaciones en dispositivos fotovoltaicos como c\u00e9lulas solares, fotorresistencias y fotodetectores.<\/p>\n<p>&nbsp;<\/p>\n<p>Campo biom\u00e9dico: Las part\u00edculas de CdS tienen buenas caracter\u00edsticas de fluorescencia y biocompatibilidad, que se pueden utilizar para la bioimagen, el etiquetado celular y la administraci\u00f3n de f\u00e1rmacos.<\/p>\n<p>&nbsp;<\/p>\n<p>En el campo de la fotocat\u00e1lisis: las part\u00edculas de CdS tienen cierta actividad en la reacci\u00f3n fotocatal\u00edtica, y pueden utilizarse para degradar contaminantes org\u00e1nicos, descomponer agua y producir hidr\u00f3geno.<\/p>\n","protected":false},"excerpt":{"rendered":"<p>Las part\u00edculas de sulfuro de cadmio son un importante material compuesto inorg\u00e1nico.<\/p>\n<p>Campo pigmentario: Las part\u00edculas de CdS son un pigmento amarillo de uso com\u00fan, ampliamente utilizado en esmalte, vidrio, cer\u00e1mica, pl\u00e1sticos, pinturas y otros colorantes.<\/p>\n<p>Campo semiconductor: Como material semiconductor, las part\u00edculas de CdS tienen aplicaciones en dispositivos fotovoltaicos como c\u00e9lulas solares, fotorresistencias y fotodetectores.<\/p>\n","protected":false},"featured_media":1032097,"comment_status":"open","ping_status":"closed","template":"","meta":{"_acf_changed":false},"product_brand":[],"product_cat":[179],"product_tag":[],"class_list":{"0":"post-1022203","1":"product","2":"type-product","3":"status-publish","4":"has-post-thumbnail","6":"product_cat-materiales-de-evaporacion","8":"first","9":"instock","10":"shipping-taxable","11":"product-type-variable"},"acf":[],"_links":{"self":[{"href":"https:\/\/vimaterial.de\/es\/wp-json\/wp\/v2\/product\/1022203","targetHints":{"allow":["GET"]}}],"collection":[{"href":"https:\/\/vimaterial.de\/es\/wp-json\/wp\/v2\/product"}],"about":[{"href":"https:\/\/vimaterial.de\/es\/wp-json\/wp\/v2\/types\/product"}],"replies":[{"embeddable":true,"href":"https:\/\/vimaterial.de\/es\/wp-json\/wp\/v2\/comments?post=1022203"}],"wp:featuredmedia":[{"embeddable":true,"href":"https:\/\/vimaterial.de\/es\/wp-json\/wp\/v2\/media\/1032097"}],"wp:attachment":[{"href":"https:\/\/vimaterial.de\/es\/wp-json\/wp\/v2\/media?parent=1022203"}],"wp:term":[{"taxonomy":"product_brand","embeddable":true,"href":"https:\/\/vimaterial.de\/es\/wp-json\/wp\/v2\/product_brand?post=1022203"},{"taxonomy":"product_cat","embeddable":true,"href":"https:\/\/vimaterial.de\/es\/wp-json\/wp\/v2\/product_cat?post=1022203"},{"taxonomy":"product_tag","embeddable":true,"href":"https:\/\/vimaterial.de\/es\/wp-json\/wp\/v2\/product_tag?post=1022203"}],"curies":[{"name":"wp","href":"https:\/\/api.w.org\/{rel}","templated":true}]}}