{"id":1022180,"date":"2024-06-17T15:33:35","date_gmt":"2024-06-17T07:33:35","guid":{"rendered":"https:\/\/vimaterial.de\/product\/sulfuro-de-cadmio-2\/"},"modified":"2024-10-12T17:08:52","modified_gmt":"2024-10-12T09:08:52","slug":"sulfuro-de-cadmio-2","status":"publish","type":"product","link":"https:\/\/vimaterial.de\/es\/product\/sulfuro-de-cadmio-2\/","title":{"rendered":"Sulfuro de cadmio"},"content":{"rendered":"<p>El polvo de sulfuro de cadmio es un compuesto inorg\u00e1nico importante.<\/p>\n<p>&nbsp;<\/p>\n<p>Informaci\u00f3n b\u00e1sica:<\/p>\n<p>&nbsp;<\/p>\n<p>F\u00f3rmula qu\u00edmica: CdS.<\/p>\n<p>Peso molecular: 144,48 g\/mol.<\/p>\n<p>N\u00famero CAS: 1306-23-6.<\/p>\n<p>Aspecto: Por lo general, polvo de color naranja a marr\u00f3n oscuro.<\/p>\n<p>Densidad: La densidad relativa es de unos 4.826 g\/cm\u00b3.<\/p>\n<p>Punto de fusi\u00f3n: alto, alrededor de 1750 \u00b0 C.<\/p>\n<p>Solubilidad: ligeramente soluble en agua, soluble en \u00e1cido, ligeramente soluble en amon\u00edaco.<\/p>\n<p>Dioptr\u00edas: 2.529.<\/p>\n<p>&nbsp;<\/p>\n<p>M\u00e9todo de preparaci\u00f3n:<\/p>\n<p>&nbsp;<\/p>\n<p>Forma com\u00fan de preparaci\u00f3n: Por lo general, mediante la reacci\u00f3n de una soluci\u00f3n \u00e1cida de sal de cadmio con sulfuro de hidr\u00f3geno.<\/p>\n<p>&nbsp;<\/p>\n<p>Otros m\u00e9todos: Tambi\u00e9n se puede preparar mediante el m\u00e9todo de fase s\u00f3lida a alta temperatura, el m\u00e9todo hidrotermal y otros m\u00e9todos, pero estos m\u00e9todos tienen requisitos m\u00e1s altos para las condiciones de reacci\u00f3n y el equipo.<\/p>\n<p>&nbsp;<\/p>\n<p>Campo de aplicaci\u00f3n:<\/p>\n<p>&nbsp;<\/p>\n<p>Campo semiconductor: el sulfuro de cadmio de alta pureza es un buen semiconductor, tiene un fuerte efecto fotoel\u00e9ctrico en la luz visible, se puede usar para hacer fotoc\u00e9lulas, c\u00e9lulas solares, etc.<\/p>\n<p>&nbsp;<\/p>\n<p>Campo biom\u00e9dico: Se puede utilizar para im\u00e1genes biol\u00f3gicas, marcaje celular, etc., pero debido a que el cadmio tiene cierta toxicidad, su aplicaci\u00f3n en el campo biom\u00e9dico requiere un estricto control de dosis y seguridad.<\/p>\n","protected":false},"excerpt":{"rendered":"<p>El polvo de sulfuro de cadmio es un compuesto inorg\u00e1nico importante.<\/p>\n<p>Campo semiconductor: el sulfuro de cadmio de alta pureza es un buen semiconductor, tiene un fuerte efecto fotoel\u00e9ctrico en la luz visible, se puede usar para hacer fotoc\u00e9lulas, c\u00e9lulas solares, etc.<\/p>\n<p>Campo biom\u00e9dico: Se puede utilizar para im\u00e1genes biol\u00f3gicas, marcaje celular, etc., pero debido a que el cadmio tiene cierta toxicidad, su aplicaci\u00f3n en el campo biom\u00e9dico requiere un estricto control de dosis y seguridad.<\/p>\n","protected":false},"featured_media":1032102,"comment_status":"open","ping_status":"closed","template":"","meta":{"_acf_changed":false},"product_brand":[],"product_cat":[181],"product_tag":[],"class_list":{"0":"post-1022180","1":"product","2":"type-product","3":"status-publish","4":"has-post-thumbnail","6":"product_cat-materiales-calcogenuros","8":"first","9":"instock","10":"shipping-taxable","11":"product-type-variable"},"acf":[],"_links":{"self":[{"href":"https:\/\/vimaterial.de\/es\/wp-json\/wp\/v2\/product\/1022180","targetHints":{"allow":["GET"]}}],"collection":[{"href":"https:\/\/vimaterial.de\/es\/wp-json\/wp\/v2\/product"}],"about":[{"href":"https:\/\/vimaterial.de\/es\/wp-json\/wp\/v2\/types\/product"}],"replies":[{"embeddable":true,"href":"https:\/\/vimaterial.de\/es\/wp-json\/wp\/v2\/comments?post=1022180"}],"wp:featuredmedia":[{"embeddable":true,"href":"https:\/\/vimaterial.de\/es\/wp-json\/wp\/v2\/media\/1032102"}],"wp:attachment":[{"href":"https:\/\/vimaterial.de\/es\/wp-json\/wp\/v2\/media?parent=1022180"}],"wp:term":[{"taxonomy":"product_brand","embeddable":true,"href":"https:\/\/vimaterial.de\/es\/wp-json\/wp\/v2\/product_brand?post=1022180"},{"taxonomy":"product_cat","embeddable":true,"href":"https:\/\/vimaterial.de\/es\/wp-json\/wp\/v2\/product_cat?post=1022180"},{"taxonomy":"product_tag","embeddable":true,"href":"https:\/\/vimaterial.de\/es\/wp-json\/wp\/v2\/product_tag?post=1022180"}],"curies":[{"name":"wp","href":"https:\/\/api.w.org\/{rel}","templated":true}]}}