{"id":1022136,"date":"2024-06-17T15:33:35","date_gmt":"2024-06-17T07:33:35","guid":{"rendered":"https:\/\/vimaterial.de\/product\/sulfuro-de-cadmio\/"},"modified":"2024-10-12T16:42:10","modified_gmt":"2024-10-12T08:42:10","slug":"sulfuro-de-cadmio","status":"publish","type":"product","link":"https:\/\/vimaterial.de\/es\/product\/sulfuro-de-cadmio\/","title":{"rendered":"Sulfuro de cadmio"},"content":{"rendered":"<p>El objetivo de sulfuro de cadmio es un material importante.<\/p>\n<p>&nbsp;<\/p>\n<p>Informaci\u00f3n b\u00e1sica:<\/p>\n<p>&nbsp;<\/p>\n<p>F\u00f3rmula qu\u00edmica: CdS.<\/p>\n<p>Estructura cristalina: hay dos estructuras cristalinas del sistema de cristal c\u00fabico y el sistema de cristal hexagonal, y la estructura de esfalerita com\u00fan del sistema de cristal c\u00fabico es.<\/p>\n<p>Aspecto: Por lo general, s\u00f3lido amarillo o naranja, el estado del polvo puede ser ligeramente m\u00e1s claro.<\/p>\n<p>Densidad: La densidad relativa es de unos 4,82 g\/cm\u00b3.<\/p>\n<p>Punto de fusi\u00f3n: alto punto de fusi\u00f3n, alrededor de 1750 \u00b0C.<\/p>\n<p>Dureza: Tiene cierta dureza y puede mantener una buena estabilidad de forma en la aplicaci\u00f3n de materiales objetivo.<\/p>\n<p>&nbsp;<\/p>\n<p>M\u00e9todo de preparaci\u00f3n:<\/p>\n<p>&nbsp;<\/p>\n<p>M\u00e9todo de pulvimetalurgia: En primer lugar, el polvo de cadmio de alta pureza y el polvo de azufre se mezclan en una cierta proporci\u00f3n y luego se sinterizan a alta temperatura y alta presi\u00f3n, de modo que las part\u00edculas de polvo se combinan entre s\u00ed para formar un objetivo denso.<\/p>\n<p>&nbsp;<\/p>\n<p>M\u00e9todo de fusi\u00f3n al vac\u00edo: en un entorno de vac\u00edo, el cadmio y el azufre se calientan a altas temperaturas para derretirse y reaccionar completamente, y luego se enfr\u00edan y solidifican para obtener materiales de sulfuro de cadmio, y luego se procesan en objetivos.<\/p>\n<p>&nbsp;<\/p>\n<p>Campo de aplicaci\u00f3n:<\/p>\n<p>&nbsp;<\/p>\n<p>C\u00e9lulas solares: En las c\u00e9lulas solares de pel\u00edcula delgada, el sulfuro de cadmio se puede utilizar como material de capa amortiguadora, lo que puede mejorar la eficiencia de conversi\u00f3n fotoel\u00e9ctrica y la estabilidad de la bater\u00eda. Sus buenas propiedades \u00f3pticas y el\u00e9ctricas ayudan a promover la separaci\u00f3n y el transporte de los portadores fotogenerados.<\/p>\n<p>&nbsp;<\/p>\n<p>Dispositivos fotoel\u00e9ctricos: se pueden utilizar para preparar diodos emisores de luz (LED), diodos l\u00e1ser, fotodetectores y otros dispositivos fotoel\u00e9ctricos.<\/p>\n<p>&nbsp;<\/p>\n<p>Recubrimiento \u00f3ptico: Debido a que el sulfuro de cadmio tiene un alto \u00edndice de refracci\u00f3n y buenas propiedades \u00f3pticas, se puede utilizar en el campo del recubrimiento \u00f3ptico, como la preparaci\u00f3n de pel\u00edcula antirreflectante, pel\u00edcula de reflexi\u00f3n, etc., para mejorar el rendimiento de los componentes \u00f3pticos.<\/p>\n<p>&nbsp;<\/p>\n<p>Industria de semiconductores: Como material semiconductor, el sulfuro de cadmio tambi\u00e9n tiene ciertas aplicaciones en la fabricaci\u00f3n de dispositivos semiconductores, como la preparaci\u00f3n de transistores de efecto de campo.<\/p>\n","protected":false},"excerpt":{"rendered":"<p>El objetivo de sulfuro de cadmio es un material importante.<\/p>\n<p>C\u00e9lulas solares: En las c\u00e9lulas solares de pel\u00edcula delgada, el sulfuro de cadmio se puede utilizar como material de capa amortiguadora, lo que puede mejorar la eficiencia de conversi\u00f3n fotoel\u00e9ctrica y la estabilidad de la bater\u00eda. Sus buenas propiedades \u00f3pticas y el\u00e9ctricas ayudan a promover la separaci\u00f3n y el transporte de los portadores fotogenerados.<\/p>\n<p>Dispositivos fotoel\u00e9ctricos: se pueden utilizar para preparar diodos emisores de luz (LED), diodos l\u00e1ser, fotodetectores y otros dispositivos fotoel\u00e9ctricos.<\/p>\n<p>&nbsp;<\/p>\n","protected":false},"featured_media":1032107,"comment_status":"open","ping_status":"closed","template":"","meta":{"_acf_changed":false},"product_brand":[],"product_cat":[178],"product_tag":[],"class_list":{"0":"post-1022136","1":"product","2":"type-product","3":"status-publish","4":"has-post-thumbnail","6":"product_cat-catodos-para-sputtering-planar","8":"first","9":"instock","10":"shipping-taxable","11":"product-type-variable"},"acf":[],"_links":{"self":[{"href":"https:\/\/vimaterial.de\/es\/wp-json\/wp\/v2\/product\/1022136","targetHints":{"allow":["GET"]}}],"collection":[{"href":"https:\/\/vimaterial.de\/es\/wp-json\/wp\/v2\/product"}],"about":[{"href":"https:\/\/vimaterial.de\/es\/wp-json\/wp\/v2\/types\/product"}],"replies":[{"embeddable":true,"href":"https:\/\/vimaterial.de\/es\/wp-json\/wp\/v2\/comments?post=1022136"}],"wp:featuredmedia":[{"embeddable":true,"href":"https:\/\/vimaterial.de\/es\/wp-json\/wp\/v2\/media\/1032107"}],"wp:attachment":[{"href":"https:\/\/vimaterial.de\/es\/wp-json\/wp\/v2\/media?parent=1022136"}],"wp:term":[{"taxonomy":"product_brand","embeddable":true,"href":"https:\/\/vimaterial.de\/es\/wp-json\/wp\/v2\/product_brand?post=1022136"},{"taxonomy":"product_cat","embeddable":true,"href":"https:\/\/vimaterial.de\/es\/wp-json\/wp\/v2\/product_cat?post=1022136"},{"taxonomy":"product_tag","embeddable":true,"href":"https:\/\/vimaterial.de\/es\/wp-json\/wp\/v2\/product_tag?post=1022136"}],"curies":[{"name":"wp","href":"https:\/\/api.w.org\/{rel}","templated":true}]}}