{"id":1021585,"date":"2024-06-17T15:36:32","date_gmt":"2024-06-17T07:36:32","guid":{"rendered":"https:\/\/vimaterial.de\/product\/oxido-de-indio-y-zinc-izo-2\/"},"modified":"2024-10-31T13:46:04","modified_gmt":"2024-10-31T05:46:04","slug":"oxido-de-indio-y-zinc-izo-2","status":"publish","type":"product","link":"https:\/\/vimaterial.de\/es\/product\/oxido-de-indio-y-zinc-izo-2\/","title":{"rendered":"\u00d3xido de indio y zinc (IZO)"},"content":{"rendered":"<p>El objetivo IZO es un objetivo de pulverizaci\u00f3n cat\u00f3dica importante.<\/p>\n<h3>Informaci\u00f3n b\u00e1sica:<\/h3>\n<p>Composici\u00f3n: Los objetivos IZO est\u00e1n compuestos principalmente por \u00f3xido de indio (In\u2082O\u2083) y \u00f3xido de zinc (ZnO).<\/p>\n<p>Estructura cristalina: Basado en la estructura c\u00fabica de ferromanganeso del \u00f3xido de indio, la adici\u00f3n de \u00f3xido de zinc producir\u00e1 un cierto grado de distorsi\u00f3n en la estructura cristalina, y este cambio estructural tiene un efecto importante en sus propiedades f\u00edsicas y qu\u00edmicas.<\/p>\n<p>Propiedades el\u00e9ctricas: Es un material semiconductor con alta movilidad de portadores, y su concentraci\u00f3n y movilidad de portadores se pueden regular mediante dopaje y otros medios, cambiando as\u00ed la conductividad.<\/p>\n<p>Propiedades \u00f3pticas: alta transparencia en el rango visible y comportamiento \u00f3ptico espec\u00edfico en la banda de longitud de onda infrarroja, lo que le da potencial para aplicaciones en materiales conductores transparentes y dispositivos \u00f3pticos infrarrojos.<\/p>\n<p>Propiedades t\u00e9rmicas: una buena estabilidad t\u00e9rmica, capaz de mantener la estabilidad de las propiedades f\u00edsicas y qu\u00edmicas dentro de un cierto rango de temperatura, se puede adaptar a algunos de los procesos de fabricaci\u00f3n que requieren un proceso de alta temperatura.<\/p>\n<h3>\u00c1reas de aplicaci\u00f3n:<\/h3>\n<p>Campo de visualizaci\u00f3n de pantalla plana: se puede utilizar para la preparaci\u00f3n de pantallas de cristal l\u00edquido (LCD), pantallas de diodos emisores de luz org\u00e1nicos (OLED) y otros electrodos conductores transparentes, no solo para garantizar una buena conductividad, sino tambi\u00e9n para mantener la alta transparencia de la pantalla, para lograr una visualizaci\u00f3n de imagen clara.<\/p>\n<p>Campo de semiconductores: se puede utilizar en la fabricaci\u00f3n de dispositivos semiconductores en los componentes activos, como transistores, etc., para ayudar a mejorar el rendimiento y la integraci\u00f3n del dispositivo. Campo de c\u00e9lulas solares: como electrodo conductor transparente o material de capa amortiguadora, puede mejorar la eficiencia de conversi\u00f3n fotoel\u00e9ctrica de las c\u00e9lulas solares.<\/p>\n","protected":false},"excerpt":{"rendered":"<p>El objetivo de \u00f3xido de indio y zinc es un objetivo de pulverizaci\u00f3n cat\u00f3dica importante.<\/p>\n<p>Campo de visualizaci\u00f3n de pantalla plana: IZO se puede utilizar para la preparaci\u00f3n de pantallas de cristal l\u00edquido (LCD), pantallas de diodos emisores de luz org\u00e1nicos (OLED) y otros electrodos conductores transparentes, no solo para garantizar una buena conductividad, sino tambi\u00e9n para mantener la alta transparencia de la pantalla, para lograr una visualizaci\u00f3n de imagen clara.<\/p>\n<p>Campo de semiconductores: IZO se puede utilizar en la fabricaci\u00f3n de dispositivos semiconductores en los componentes activos, como transistores, etc., para ayudar a mejorar el rendimiento y la integraci\u00f3n del dispositivo.<\/p>\n<p>&nbsp;<\/p>\n","protected":false},"featured_media":1041844,"comment_status":"open","ping_status":"closed","template":"","meta":{"_acf_changed":false},"product_brand":[],"product_cat":[178],"product_tag":[],"class_list":{"0":"post-1021585","1":"product","2":"type-product","3":"status-publish","4":"has-post-thumbnail","6":"product_cat-catodos-para-sputtering-planar","8":"first","9":"instock","10":"shipping-taxable","11":"purchasable","12":"product-type-variable"},"acf":[],"_links":{"self":[{"href":"https:\/\/vimaterial.de\/es\/wp-json\/wp\/v2\/product\/1021585","targetHints":{"allow":["GET"]}}],"collection":[{"href":"https:\/\/vimaterial.de\/es\/wp-json\/wp\/v2\/product"}],"about":[{"href":"https:\/\/vimaterial.de\/es\/wp-json\/wp\/v2\/types\/product"}],"replies":[{"embeddable":true,"href":"https:\/\/vimaterial.de\/es\/wp-json\/wp\/v2\/comments?post=1021585"}],"wp:featuredmedia":[{"embeddable":true,"href":"https:\/\/vimaterial.de\/es\/wp-json\/wp\/v2\/media\/1041844"}],"wp:attachment":[{"href":"https:\/\/vimaterial.de\/es\/wp-json\/wp\/v2\/media?parent=1021585"}],"wp:term":[{"taxonomy":"product_brand","embeddable":true,"href":"https:\/\/vimaterial.de\/es\/wp-json\/wp\/v2\/product_brand?post=1021585"},{"taxonomy":"product_cat","embeddable":true,"href":"https:\/\/vimaterial.de\/es\/wp-json\/wp\/v2\/product_cat?post=1021585"},{"taxonomy":"product_tag","embeddable":true,"href":"https:\/\/vimaterial.de\/es\/wp-json\/wp\/v2\/product_tag?post=1021585"}],"curies":[{"name":"wp","href":"https:\/\/api.w.org\/{rel}","templated":true}]}}