{"id":1021533,"date":"2024-06-17T15:36:33","date_gmt":"2024-06-17T07:36:33","guid":{"rendered":"https:\/\/vimaterial.de\/product\/oxido-de-indio-zinc-y-estano-izto\/"},"modified":"2024-10-31T10:44:08","modified_gmt":"2024-10-31T02:44:08","slug":"oxido-de-indio-zinc-y-estano-izto","status":"publish","type":"product","link":"https:\/\/vimaterial.de\/es\/product\/oxido-de-indio-zinc-y-estano-izto\/","title":{"rendered":"\u00d3xido de indio y zinc y esta\u00f1o (IZTO)"},"content":{"rendered":"<p>Los objetivos de \u00f3xido de indio y zinc y esta\u00f1o son un material funcional importante.<\/p>\n<h3>Informaci\u00f3n b\u00e1sica:<\/h3>\n<p>Composici\u00f3n: Los objetivos de \u00f3xido de indio y zinc y esta\u00f1o se componen principalmente de \u00f3xido de indio (In\u2082O\u2083), \u00f3xido de zinc (ZnO) y \u00f3xido de esta\u00f1o (SnO\u2082), que se mezclan en una cierta proporci\u00f3n de estos tres \u00f3xidos met\u00e1licos.<\/p>\n<p>Estructura: Por lo general, con una estructura policristalina, las caracter\u00edsticas de la estructura cristalina afectan las propiedades f\u00edsicas y qu\u00edmicas del objetivo, as\u00ed como la calidad de las pel\u00edculas preparadas posteriormente.<\/p>\n<p>Propiedades el\u00e9ctricas: La alta movilidad del portador, que permite que las pel\u00edculas IZTO logren un transporte de carga r\u00e1pido en dispositivos electr\u00f3nicos, es importante para la fabricaci\u00f3n de dispositivos electr\u00f3nicos de alto rendimiento, como los transistores de pel\u00edcula delgada (TFT).<\/p>\n<p>Propiedades \u00f3pticas: Alta transmitancia en el rango visible, pero tambi\u00e9n en la regi\u00f3n infrarroja. Estas propiedades \u00f3pticas hacen que los objetivos IZTO sean potencialmente valiosos para aplicaciones en dispositivos \u00f3pticos y c\u00e9lulas solares.<\/p>\n<h3>\u00c1reas de aplicaci\u00f3n:<\/h3>\n<p>Pantalla plana: en la pantalla de cristal l\u00edquido (LCD), la pantalla de diodo emisor de luz org\u00e1nica activa (AMOLED) y la pantalla flexible y otra tecnolog\u00eda de pantalla plana, los objetivos IZTO se pueden usar para preparar la capa semiconductora del TFT, pueden mejorar el rendimiento y la resoluci\u00f3n de la pantalla.<\/p>\n<p>C\u00e9lulas solares: La pel\u00edcula de \u00f3xido de indio y zinc y esta\u00f1o tiene buena conductividad y propiedades \u00f3pticas, se puede utilizar como material de electrodo transparente para c\u00e9lulas solares, mejora la eficiencia de conversi\u00f3n fotoel\u00e9ctrica de las c\u00e9lulas solares.<\/p>\n<p>Sensores: Las propiedades el\u00e9ctricas de los materiales de \u00f3xido de indio y zinc y esta\u00f1o son sensibles al gas, la temperatura, la humedad y otros factores del medio ambiente, y se pueden utilizar para preparar una variedad de sensores, como sensores de gas, sensores de temperatura, etc.<\/p>\n","protected":false},"excerpt":{"rendered":"<p>Los objetivos de \u00f3xido de indio y zinc y esta\u00f1o son un material funcional importante.<\/p>\n<p>Pantalla plana: en la pantalla de cristal l\u00edquido (LCD), la pantalla de diodo emisor de luz org\u00e1nica activa (AMOLED) y la pantalla flexible y otra tecnolog\u00eda de pantalla plana, los objetivos IZTO se pueden usar para preparar la capa semiconductora del TFT, pueden mejorar el rendimiento y la resoluci\u00f3n de la pantalla.<\/p>\n<p>C\u00e9lulas solares: la pel\u00edcula IZTO tiene buena conductividad y propiedades \u00f3pticas, se puede utilizar como materiales de electrodo transparente para c\u00e9lulas solares, mejora la eficiencia de conversi\u00f3n fotoel\u00e9ctrica de las c\u00e9lulas solares.<\/p>\n","protected":false},"featured_media":1032262,"comment_status":"open","ping_status":"closed","template":"","meta":{"_acf_changed":false},"product_brand":[],"product_cat":[178],"product_tag":[],"class_list":{"0":"post-1021533","1":"product","2":"type-product","3":"status-publish","4":"has-post-thumbnail","6":"product_cat-catodos-para-sputtering-planar","8":"first","9":"instock","10":"shipping-taxable","11":"product-type-variable"},"acf":[],"_links":{"self":[{"href":"https:\/\/vimaterial.de\/es\/wp-json\/wp\/v2\/product\/1021533","targetHints":{"allow":["GET"]}}],"collection":[{"href":"https:\/\/vimaterial.de\/es\/wp-json\/wp\/v2\/product"}],"about":[{"href":"https:\/\/vimaterial.de\/es\/wp-json\/wp\/v2\/types\/product"}],"replies":[{"embeddable":true,"href":"https:\/\/vimaterial.de\/es\/wp-json\/wp\/v2\/comments?post=1021533"}],"wp:featuredmedia":[{"embeddable":true,"href":"https:\/\/vimaterial.de\/es\/wp-json\/wp\/v2\/media\/1032262"}],"wp:attachment":[{"href":"https:\/\/vimaterial.de\/es\/wp-json\/wp\/v2\/media?parent=1021533"}],"wp:term":[{"taxonomy":"product_brand","embeddable":true,"href":"https:\/\/vimaterial.de\/es\/wp-json\/wp\/v2\/product_brand?post=1021533"},{"taxonomy":"product_cat","embeddable":true,"href":"https:\/\/vimaterial.de\/es\/wp-json\/wp\/v2\/product_cat?post=1021533"},{"taxonomy":"product_tag","embeddable":true,"href":"https:\/\/vimaterial.de\/es\/wp-json\/wp\/v2\/product_tag?post=1021533"}],"curies":[{"name":"wp","href":"https:\/\/api.w.org\/{rel}","templated":true}]}}