{"id":1021516,"date":"2024-06-17T15:36:33","date_gmt":"2024-06-17T07:36:33","guid":{"rendered":"https:\/\/vimaterial.de\/product\/sulfuro-de-indio-3\/"},"modified":"2024-10-31T11:09:08","modified_gmt":"2024-10-31T03:09:08","slug":"sulfuro-de-indio-3","status":"publish","type":"product","link":"https:\/\/vimaterial.de\/es\/product\/sulfuro-de-indio-3\/","title":{"rendered":"Sulfuro de indio"},"content":{"rendered":"<p>El polvo de sulfuro de indio es un importante material compuesto inorg\u00e1nico.<\/p>\n<h3>Propiedades b\u00e1sicas:<\/h3>\n<p>Composici\u00f3n qu\u00edmica: compuesto por dos elementos, indio (In) y azufre (S), con la f\u00f3rmula qu\u00edmica In\u2082S\u2083. Aspecto y color: Generalmente amarillo o amarillo anaranjado. Densidad y dureza: La densidad es de aproximadamente 4,9 &#8211; 5,0 g\/cm\u00b3.<\/p>\n<p>Estructura cristalina: In\u2082S\u2083 tiene tres estructuras cristalinas, que son c\u00fabica, tetragonal y tripartita. Ancho de banda: Con un ancho de banda de 2.0 &#8211; 2.3 eV, \u2083No\u2083 pertenece a los materiales semiconductores de ancho de banda estrecho, lo que le da cierta capacidad de absorci\u00f3n y respuesta en el rango de luz visible.<\/p>\n<p>Propiedades el\u00e9ctricas: Como material semiconductor conductor n, tiene una alta movilidad de electrones, que es importante para el transporte de electrones y las aplicaciones relacionadas con dispositivos electr\u00f3nicos.<\/p>\n<h3>Campos de aplicaci\u00f3n:<\/h3>\n<p>C\u00e9lulas solares: Los polvos de sulfuro de indio se pueden utilizar para preparar materiales para capas tamp\u00f3n o absorbentes en c\u00e9lulas solares. Debido a su ancho de banda prohibido adecuado y buenas propiedades \u00f3pticas, puede mejorar la eficiencia de absorci\u00f3n de la luz solar de la c\u00e9lula solar, aumentando as\u00ed la eficiencia de conversi\u00f3n fotoel\u00e9ctrica.<\/p>\n<p>Diodo emisor de luz (LED): En la fabricaci\u00f3n de LED, el polvo de sulfuro de indio se puede utilizar como material emisor de luz o material de capa de transporte de electrones. En funci\u00f3n de sus propiedades \u00f3pticas y el\u00e9ctricas, la longitud de onda emisora de luz, la intensidad y la eficiencia de los LED se pueden ajustar mediante dopaje y optimizaci\u00f3n del proceso.<\/p>\n<p>Principio de reacci\u00f3n fotocatal\u00edtica: La aplicaci\u00f3n del polvo de In\u2082S\u2083 en el campo de la fotocat\u00e1lisis se basa en su capacidad para generar pares electr\u00f3n-cavidad bajo luz.<\/p>\n<p>Sensores de gas: El polvo de In\u2082S\u2083 tiene propiedades de respuesta el\u00e9ctrica y \u00f3ptica sensibles a ciertos gases, y se puede utilizar para preparar sensores de gas.<\/p>\n","protected":false},"excerpt":{"rendered":"<p>El polvo de sulfuro de indio es un importante material compuesto inorg\u00e1nico.<\/p>\n<p>C\u00e9lulas solares: Los polvos de sulfuro de indio se pueden utilizar para preparar materiales para capas tamp\u00f3n o absorbentes en c\u00e9lulas solares. Debido a su ancho de banda prohibido adecuado y buenas propiedades \u00f3pticas, puede mejorar la eficiencia de absorci\u00f3n de la luz solar de la c\u00e9lula solar, aumentando as\u00ed la eficiencia de conversi\u00f3n fotoel\u00e9ctrica.<\/p>\n<p>Diodo emisor de luz (LED): En la fabricaci\u00f3n de LED, el polvo de sulfuro de indio se puede utilizar como material emisor de luz o material de capa de transporte de electrones. En funci\u00f3n de sus propiedades \u00f3pticas y el\u00e9ctricas, la longitud de onda emisora de luz, la intensidad y la eficiencia de los LED se pueden ajustar mediante dopaje y optimizaci\u00f3n del proceso.<\/p>\n","protected":false},"featured_media":1032272,"comment_status":"open","ping_status":"closed","template":"","meta":{"_acf_changed":false},"product_brand":[],"product_cat":[181],"product_tag":[],"class_list":{"0":"post-1021516","1":"product","2":"type-product","3":"status-publish","4":"has-post-thumbnail","6":"product_cat-materiales-calcogenuros","8":"first","9":"instock","10":"shipping-taxable","11":"purchasable","12":"product-type-variable"},"acf":[],"_links":{"self":[{"href":"https:\/\/vimaterial.de\/es\/wp-json\/wp\/v2\/product\/1021516","targetHints":{"allow":["GET"]}}],"collection":[{"href":"https:\/\/vimaterial.de\/es\/wp-json\/wp\/v2\/product"}],"about":[{"href":"https:\/\/vimaterial.de\/es\/wp-json\/wp\/v2\/types\/product"}],"replies":[{"embeddable":true,"href":"https:\/\/vimaterial.de\/es\/wp-json\/wp\/v2\/comments?post=1021516"}],"wp:featuredmedia":[{"embeddable":true,"href":"https:\/\/vimaterial.de\/es\/wp-json\/wp\/v2\/media\/1032272"}],"wp:attachment":[{"href":"https:\/\/vimaterial.de\/es\/wp-json\/wp\/v2\/media?parent=1021516"}],"wp:term":[{"taxonomy":"product_brand","embeddable":true,"href":"https:\/\/vimaterial.de\/es\/wp-json\/wp\/v2\/product_brand?post=1021516"},{"taxonomy":"product_cat","embeddable":true,"href":"https:\/\/vimaterial.de\/es\/wp-json\/wp\/v2\/product_cat?post=1021516"},{"taxonomy":"product_tag","embeddable":true,"href":"https:\/\/vimaterial.de\/es\/wp-json\/wp\/v2\/product_tag?post=1021516"}],"curies":[{"name":"wp","href":"https:\/\/api.w.org\/{rel}","templated":true}]}}