{"id":1021505,"date":"2024-06-17T15:36:33","date_gmt":"2024-06-17T07:36:33","guid":{"rendered":"https:\/\/vimaterial.de\/product\/sulfuro-de-indio-2\/"},"modified":"2024-10-31T10:54:16","modified_gmt":"2024-10-31T02:54:16","slug":"sulfuro-de-indio-2","status":"publish","type":"product","link":"https:\/\/vimaterial.de\/es\/product\/sulfuro-de-indio-2\/","title":{"rendered":"Sulfuro de indio"},"content":{"rendered":"<p>Las part\u00edculas In\u2082S\u2083 son un material semiconductor importante con una variedad de propiedades \u00fanicas y una amplia gama de aplicaciones.<\/p>\n<h3>Propiedades b\u00e1sicas:<\/h3>\n<p>Composici\u00f3n qu\u00edmica: compuesto por dos elementos, indio (In) y azufre (S), con la f\u00f3rmula qu\u00edmica In\u2082S\u2083.<\/p>\n<p>Estructura cristalina: In\u2082S\u2083 tiene tres estructuras cristalinas, que son c\u00fabica, tetragonal y tripartita.<\/p>\n<p>Ancho de banda: Con un ancho de banda de 2.0 &#8211; 2.3 eV, \u2083No\u2083 pertenece a los materiales semiconductores de ancho de banda estrecho, lo que le da cierta capacidad de absorci\u00f3n y respuesta en el rango de luz visible.<\/p>\n<p>Propiedades el\u00e9ctricas: Como material semiconductor conductor n, tiene una alta movilidad de electrones, que es importante para el transporte de electrones y las aplicaciones relacionadas con dispositivos electr\u00f3nicos.<\/p>\n<h3>Campos de aplicaci\u00f3n:<\/h3>\n<p>Fotocat\u00e1lisis: las part\u00edculas de sulfuro de indio tienen una cierta capacidad de absorci\u00f3n de luz bajo luz visible y son capaces de generar pares electr\u00f3n-cavidad, que se pueden utilizar para la degradaci\u00f3n fotocatal\u00edtica de contaminantes org\u00e1nicos, la descomposici\u00f3n del agua para producir hidr\u00f3geno, etc.<\/p>\n<p>Campo de c\u00e9lulas solares: debido a su ancho de banda prohibido adecuado y mejores propiedades el\u00e9ctricas, las part\u00edculas de sulfuro de indio se pueden utilizar como capa absorbente o material de capa amortiguadora de las c\u00e9lulas solares para mejorar la eficiencia de conversi\u00f3n fotoel\u00e9ctrica de las c\u00e9lulas solares.<\/p>\n<p>Campo del sensor: Las part\u00edculas en \u2082S \u2083 tienen sensibilidad al gas, la humedad y otros factores en el medio ambiente, y se pueden usar para preparar sensores de gas, sensores de humedad, etc.<\/p>\n<p>Campo de dispositivos electr\u00f3nicos: por ejemplo, en diodos emisores de luz de puntos cu\u00e1nticos, las part\u00edculas de In\u2082S\u2083 se pueden utilizar como materiales de la capa de transporte de electrones para mejorar el rendimiento del transporte de electrones y la eficiencia luminosa del dispositivo.<\/p>\n","protected":false},"excerpt":{"rendered":"<p>Las part\u00edculas de sulfuro de indio son un material semiconductor importante con una variedad de propiedades \u00fanicas y una amplia gama de aplicaciones.<\/p>\n<p>Fotocat\u00e1lisis: las part\u00edculas de sulfuro de indio tienen una cierta capacidad de absorci\u00f3n de luz bajo luz visible y son capaces de generar pares electr\u00f3n-cavidad, que se pueden utilizar para la degradaci\u00f3n fotocatal\u00edtica de contaminantes org\u00e1nicos, la descomposici\u00f3n del agua para producir hidr\u00f3geno, etc.<\/p>\n<p>Campo de c\u00e9lulas solares: Debido a su ancho de banda prohibido adecuado y mejores propiedades el\u00e9ctricas, las part\u00edculas de In\u2082S\u2083 se pueden utilizar como capa absorbente o material de capa amortiguadora de las c\u00e9lulas solares para mejorar la eficiencia de conversi\u00f3n fotoel\u00e9ctrica de las c\u00e9lulas solares.<\/p>\n","protected":false},"featured_media":1032267,"comment_status":"open","ping_status":"closed","template":"","meta":{"_acf_changed":false},"product_brand":[],"product_cat":[179],"product_tag":[],"class_list":{"0":"post-1021505","1":"product","2":"type-product","3":"status-publish","4":"has-post-thumbnail","6":"product_cat-materiales-de-evaporacion","8":"first","9":"instock","10":"shipping-taxable","11":"purchasable","12":"product-type-variable"},"acf":[],"_links":{"self":[{"href":"https:\/\/vimaterial.de\/es\/wp-json\/wp\/v2\/product\/1021505","targetHints":{"allow":["GET"]}}],"collection":[{"href":"https:\/\/vimaterial.de\/es\/wp-json\/wp\/v2\/product"}],"about":[{"href":"https:\/\/vimaterial.de\/es\/wp-json\/wp\/v2\/types\/product"}],"replies":[{"embeddable":true,"href":"https:\/\/vimaterial.de\/es\/wp-json\/wp\/v2\/comments?post=1021505"}],"wp:featuredmedia":[{"embeddable":true,"href":"https:\/\/vimaterial.de\/es\/wp-json\/wp\/v2\/media\/1032267"}],"wp:attachment":[{"href":"https:\/\/vimaterial.de\/es\/wp-json\/wp\/v2\/media?parent=1021505"}],"wp:term":[{"taxonomy":"product_brand","embeddable":true,"href":"https:\/\/vimaterial.de\/es\/wp-json\/wp\/v2\/product_brand?post=1021505"},{"taxonomy":"product_cat","embeddable":true,"href":"https:\/\/vimaterial.de\/es\/wp-json\/wp\/v2\/product_cat?post=1021505"},{"taxonomy":"product_tag","embeddable":true,"href":"https:\/\/vimaterial.de\/es\/wp-json\/wp\/v2\/product_tag?post=1021505"}],"curies":[{"name":"wp","href":"https:\/\/api.w.org\/{rel}","templated":true}]}}