{"id":1021447,"date":"2024-06-17T15:36:34","date_gmt":"2024-06-17T07:36:34","guid":{"rendered":"https:\/\/vimaterial.de\/product\/telururo-de-indio-2\/"},"modified":"2024-10-31T09:54:04","modified_gmt":"2024-10-31T01:54:04","slug":"telururo-de-indio-2","status":"publish","type":"product","link":"https:\/\/vimaterial.de\/es\/product\/telururo-de-indio-2\/","title":{"rendered":"Telururo de indio"},"content":{"rendered":"<p>Las part\u00edculas de InTe son part\u00edculas compuestas de indio (In) y telurio (Te).<\/p>\n<h3>Propiedades b\u00e1sicas<\/h3>\n<p>Propiedades estructurales: Tiene una estructura cristalina estratificada, una caracter\u00edstica estructural que hace que exhiba una marcada anisotrop\u00eda en algunas propiedades f\u00edsicas y qu\u00edmicas.<\/p>\n<p>Propiedades el\u00e9ctricas: El InTe es un material semiconductor cuyas propiedades el\u00e9ctricas se pueden ajustar cambiando las condiciones externas (por ejemplo, temperatura, presi\u00f3n, dopaje, etc.).<\/p>\n<p>Propiedades \u00f3pticas: En t\u00e9rminos \u00f3pticos, las propiedades de absorci\u00f3n y reflexi\u00f3n de InTe est\u00e1n estrechamente relacionadas con la longitud de onda de la luz. Tiene una cierta capacidad de absorci\u00f3n y emisi\u00f3n en la banda de longitud de onda infrarroja, lo que lo hace potencialmente aplicable en el campo de los dispositivos optoelectr\u00f3nicos infrarrojos.<\/p>\n<p>Propiedades t\u00e9rmicas: La conductividad t\u00e9rmica relativamente baja de InTe significa que puede tener algunas aplicaciones especiales en la gesti\u00f3n t\u00e9rmica.<\/p>\n<h3>\u00c1reas de aplicaci\u00f3n<\/h3>\n<p>Electr\u00f3nica: El teluro de indio se puede utilizar como material semiconductor en dispositivos electr\u00f3nicos, utilizado en la fabricaci\u00f3n de transistores, diodos y otros componentes electr\u00f3nicos b\u00e1sicos.<\/p>\n<p>Dispositivos optoelectr\u00f3nicos: Por sus propiedades \u00f3pticas, el telururo de indio puede utilizarse para fabricar dispositivos optoelectr\u00f3nicos como detectores de infrarrojos, diodos emisores de luz (LED) y diodos l\u00e1ser.<\/p>\n<p>Campo termoel\u00e9ctrico: Las propiedades semiconductoras y t\u00e9rmicas del InTe lo convierten en un material termoel\u00e9ctrico potencial. Los materiales termoel\u00e9ctricos pueden lograr la conversi\u00f3n directa entre calor y electricidad, y tienen aplicaciones importantes en \u00e1reas como la recuperaci\u00f3n de calor residual, la generaci\u00f3n de energ\u00eda por diferencia de temperatura y la refrigeraci\u00f3n.<\/p>\n","protected":false},"excerpt":{"rendered":"<p>Las part\u00edculas de teluro de indio son part\u00edculas compuestas de indio (In) y telurio (Te).<\/p>\n<p>Electr\u00f3nica: El teluro de indio se puede utilizar como material semiconductor en dispositivos electr\u00f3nicos, utilizado en la fabricaci\u00f3n de transistores, diodos y otros componentes electr\u00f3nicos b\u00e1sicos.<\/p>\n<p>Dispositivos optoelectr\u00f3nicos: Por sus propiedades \u00f3pticas, el telururo de indio puede utilizarse para fabricar dispositivos optoelectr\u00f3nicos como detectores de infrarrojos, diodos emisores de luz (LED) y diodos l\u00e1ser.<\/p>\n<p>&nbsp;<\/p>\n","protected":false},"featured_media":1032292,"comment_status":"open","ping_status":"closed","template":"","meta":{"_acf_changed":false},"product_brand":[],"product_cat":[179],"product_tag":[],"class_list":{"0":"post-1021447","1":"product","2":"type-product","3":"status-publish","4":"has-post-thumbnail","6":"product_cat-materiales-de-evaporacion","8":"first","9":"instock","10":"shipping-taxable","11":"product-type-variable"},"acf":[],"_links":{"self":[{"href":"https:\/\/vimaterial.de\/es\/wp-json\/wp\/v2\/product\/1021447","targetHints":{"allow":["GET"]}}],"collection":[{"href":"https:\/\/vimaterial.de\/es\/wp-json\/wp\/v2\/product"}],"about":[{"href":"https:\/\/vimaterial.de\/es\/wp-json\/wp\/v2\/types\/product"}],"replies":[{"embeddable":true,"href":"https:\/\/vimaterial.de\/es\/wp-json\/wp\/v2\/comments?post=1021447"}],"wp:featuredmedia":[{"embeddable":true,"href":"https:\/\/vimaterial.de\/es\/wp-json\/wp\/v2\/media\/1032292"}],"wp:attachment":[{"href":"https:\/\/vimaterial.de\/es\/wp-json\/wp\/v2\/media?parent=1021447"}],"wp:term":[{"taxonomy":"product_brand","embeddable":true,"href":"https:\/\/vimaterial.de\/es\/wp-json\/wp\/v2\/product_brand?post=1021447"},{"taxonomy":"product_cat","embeddable":true,"href":"https:\/\/vimaterial.de\/es\/wp-json\/wp\/v2\/product_cat?post=1021447"},{"taxonomy":"product_tag","embeddable":true,"href":"https:\/\/vimaterial.de\/es\/wp-json\/wp\/v2\/product_tag?post=1021447"}],"curies":[{"name":"wp","href":"https:\/\/api.w.org\/{rel}","templated":true}]}}