{"id":1021440,"date":"2024-06-17T15:36:34","date_gmt":"2024-06-17T07:36:34","guid":{"rendered":"https:\/\/vimaterial.de\/product\/seleniuro-de-indio\/"},"modified":"2024-10-31T09:27:38","modified_gmt":"2024-10-31T01:27:38","slug":"seleniuro-de-indio","status":"publish","type":"product","link":"https:\/\/vimaterial.de\/es\/product\/seleniuro-de-indio\/","title":{"rendered":"Seleniuro de indio"},"content":{"rendered":"<p>El objetivo InSe es un objetivo de pulverizaci\u00f3n cat\u00f3dica importante.<\/p>\n<p>Informaci\u00f3n b\u00e1sica:<\/p>\n<p>F\u00f3rmula qu\u00edmica: In\u2082Se\u2083, un compuesto compuesto por dos elementos, indio (In) y selenio (Se).<br \/>\nAspecto: Suele aparecer como un s\u00f3lido cristalino de color gris plateado.<br \/>\nPunto de fusi\u00f3n: alrededor de 890 \u00b0C.<br \/>\nDensidad te\u00f3rica: 5,67 g\/cm\u00b3.<br \/>\nSolubilidad: insoluble en agua.<br \/>\nAlta pureza: Los objetivos InSe de alta pureza pueden garantizar la calidad y el rendimiento de las pel\u00edculas pulverizadas y reducir el impacto de las impurezas en el rendimiento del dispositivo.<br \/>\nBuena cristalinidad: Los objetivos con buena cristalinidad pueden hacer que la pel\u00edcula pulverizada tenga una mejor estructura cristalina y uniformidad, mejorando la estabilidad y confiabilidad del dispositivo.<\/p>\n<p>Campo de aplicaci\u00f3n:<\/p>\n<p>Campo de semiconductores: El selenuro de indio es un material semiconductor importante, los objetivos de InSe se pueden utilizar para preparar pel\u00edculas delgadas de semiconductores, que tienen una amplia gama de aplicaciones en el campo de los dispositivos electr\u00f3nicos, dispositivos optoelectr\u00f3nicos y otros campos.<\/p>\n<p>Campo \u00f3ptico: El seleniuro de indio se puede utilizar para preparar recubrimientos \u00f3pticos, como recubrimientos antirreflectantes, recubrimientos que mejoran la transmisi\u00f3n, etc., para mejorar el rendimiento de los dispositivos \u00f3pticos.<\/p>\n<p>Campo fotovoltaico: Tiene cierto potencial de aplicaci\u00f3n en el campo de las c\u00e9lulas solares y puede proporcionar una alta eficiencia de conversi\u00f3n fotoel\u00e9ctrica para las c\u00e9lulas solares.<\/p>\n<p>Investigaci\u00f3n cient\u00edfica: com\u00fanmente utilizado en experimentos de investigaci\u00f3n cient\u00edfica como una herramienta importante para estudiar las propiedades de los materiales InSe y los fen\u00f3menos f\u00edsicos relacionados, lo cual es de gran importancia para explorar nuevos tipos de materiales y dispositivos.<\/p>\n","protected":false},"excerpt":{"rendered":"<p>El objetivo de seleniuro de indio es un importante objetivo de pulverizaci\u00f3n cat\u00f3dica.<\/p>\n<p>Campo de semiconductores: El selenuro de indio es un material semiconductor importante, los objetivos de InSe se pueden utilizar para preparar pel\u00edculas delgadas de semiconductores, que tienen una amplia gama de aplicaciones en el campo de los dispositivos electr\u00f3nicos, dispositivos optoelectr\u00f3nicos y otros campos.<\/p>\n<p>Campo \u00f3ptico: se puede utilizar para preparar recubrimientos \u00f3pticos, como recubrimientos antirreflectantes, recubrimientos que mejoran la transmisi\u00f3n, etc., para mejorar el rendimiento de los dispositivos \u00f3pticos.<\/p>\n","protected":false},"featured_media":1032282,"comment_status":"open","ping_status":"closed","template":"","meta":{"_acf_changed":false},"product_brand":[],"product_cat":[178],"product_tag":[],"class_list":{"0":"post-1021440","1":"product","2":"type-product","3":"status-publish","4":"has-post-thumbnail","6":"product_cat-catodos-para-sputtering-planar","8":"first","9":"instock","10":"shipping-taxable","11":"product-type-variable"},"acf":[],"_links":{"self":[{"href":"https:\/\/vimaterial.de\/es\/wp-json\/wp\/v2\/product\/1021440","targetHints":{"allow":["GET"]}}],"collection":[{"href":"https:\/\/vimaterial.de\/es\/wp-json\/wp\/v2\/product"}],"about":[{"href":"https:\/\/vimaterial.de\/es\/wp-json\/wp\/v2\/types\/product"}],"replies":[{"embeddable":true,"href":"https:\/\/vimaterial.de\/es\/wp-json\/wp\/v2\/comments?post=1021440"}],"wp:featuredmedia":[{"embeddable":true,"href":"https:\/\/vimaterial.de\/es\/wp-json\/wp\/v2\/media\/1032282"}],"wp:attachment":[{"href":"https:\/\/vimaterial.de\/es\/wp-json\/wp\/v2\/media?parent=1021440"}],"wp:term":[{"taxonomy":"product_brand","embeddable":true,"href":"https:\/\/vimaterial.de\/es\/wp-json\/wp\/v2\/product_brand?post=1021440"},{"taxonomy":"product_cat","embeddable":true,"href":"https:\/\/vimaterial.de\/es\/wp-json\/wp\/v2\/product_cat?post=1021440"},{"taxonomy":"product_tag","embeddable":true,"href":"https:\/\/vimaterial.de\/es\/wp-json\/wp\/v2\/product_tag?post=1021440"}],"curies":[{"name":"wp","href":"https:\/\/api.w.org\/{rel}","templated":true}]}}