{"id":1021431,"date":"2024-06-17T15:36:34","date_gmt":"2024-06-17T07:36:34","guid":{"rendered":"https:\/\/vimaterial.de\/product\/arseniuro-de-indio-2\/"},"modified":"2024-10-31T10:27:01","modified_gmt":"2024-10-31T02:27:01","slug":"arseniuro-de-indio-2","status":"publish","type":"product","link":"https:\/\/vimaterial.de\/es\/product\/arseniuro-de-indio-2\/","title":{"rendered":"Arseniuro de indio"},"content":{"rendered":"<p>El lingote InAs es un material semiconductor importante.<\/p>\n<h3>Propiedades b\u00e1sicas<\/h3>\n<p>Estructura: El InAs es un compuesto de indio (In) y ars\u00e9nico (As) con una estructura cristalina de esfalerita.<\/p>\n<p>Aspecto: Tiene un brillo met\u00e1lico de color gris plateado y una superficie relativamente plana y lisa.<\/p>\n<p>Densidad: 5,67 g\/cm\u00b3. Dureza: alrededor de 3.5.<\/p>\n<p>Punto de fusi\u00f3n: El punto de fusi\u00f3n del InAs es relativamente bajo, alrededor de 942 \u00b0C.<\/p>\n<p>Propiedades el\u00e9ctricas:<br \/>\nInAs es un material semiconductor de banda prohibida directa con una banda prohibida intr\u00ednseca de aproximadamente 0,36 eV a temperatura ambiente.<\/p>\n<p>La movilidad portadora del InAs es muy alta, con una movilidad de electrones de hasta 33.000 cm\u00b2\/(V\u30fbs), lo que significa que los electrones se transportan de manera eficiente a trav\u00e9s de los materiales de InAs, lo que contribuye al rendimiento de los dispositivos electr\u00f3nicos.<\/p>\n<h3>\u00c1reas de aplicaci\u00f3n<\/h3>\n<p>Electr\u00f3nica de alta velocidad: Debido a su alta movilidad de portadores, el arseniuro de indio se puede utilizar para fabricar transistores de alta velocidad y circuitos integrados.<\/p>\n<p>Dispositivos electr\u00f3nicos de baja potencia: las caracter\u00edsticas de baja banda prohibida del InAs lo convierten en una aplicaci\u00f3n prometedora en el campo de los dispositivos electr\u00f3nicos de baja potencia.<\/p>\n<p>Detectores infrarrojos: Las propiedades \u00f3pticas del InAs en la banda infrarroja lo convierten en un material ideal para los detectores infrarrojos.<\/p>\n<p>Diodos emisores de luz (LED) y diodos l\u00e1ser (LD): El arseniuro de indio se puede utilizar como material de \u00e1rea activa para la fabricaci\u00f3n de diodos emisores de luz infrarroja y diodos l\u00e1ser. Estos dispositivos optoelectr\u00f3nicos tienen importantes aplicaciones en los campos de la comunicaci\u00f3n \u00f3ptica, el almacenamiento \u00f3ptico y la iluminaci\u00f3n infrarroja, etc. Por ejemplo, en el extremo emisor de infrarrojos de la comunicaci\u00f3n \u00f3ptica, InAs &#8211; LD puede proporcionar se\u00f1ales de luz infrarroja estables y eficientes.<\/p>\n","protected":false},"excerpt":{"rendered":"<p>El lingote de arseniuro de indio es un material semiconductor importante.<\/p>\n<p>Electr\u00f3nica de alta velocidad: Debido a su alta movilidad de portadores, el arseniuro de indio se puede utilizar para fabricar transistores de alta velocidad y circuitos integrados.<\/p>\n<p>Dispositivos electr\u00f3nicos de baja potencia: las caracter\u00edsticas de baja banda prohibida del InAs lo convierten en una aplicaci\u00f3n prometedora en el campo de los dispositivos electr\u00f3nicos de baja potencia.<\/p>\n","protected":false},"featured_media":1032302,"comment_status":"open","ping_status":"closed","template":"","meta":{"_acf_changed":false},"product_brand":[],"product_cat":[188],"product_tag":[],"class_list":{"0":"post-1021431","1":"product","2":"type-product","3":"status-publish","4":"has-post-thumbnail","6":"product_cat-perfil","8":"first","9":"instock","10":"shipping-taxable","11":"product-type-variable"},"acf":[],"_links":{"self":[{"href":"https:\/\/vimaterial.de\/es\/wp-json\/wp\/v2\/product\/1021431","targetHints":{"allow":["GET"]}}],"collection":[{"href":"https:\/\/vimaterial.de\/es\/wp-json\/wp\/v2\/product"}],"about":[{"href":"https:\/\/vimaterial.de\/es\/wp-json\/wp\/v2\/types\/product"}],"replies":[{"embeddable":true,"href":"https:\/\/vimaterial.de\/es\/wp-json\/wp\/v2\/comments?post=1021431"}],"wp:featuredmedia":[{"embeddable":true,"href":"https:\/\/vimaterial.de\/es\/wp-json\/wp\/v2\/media\/1032302"}],"wp:attachment":[{"href":"https:\/\/vimaterial.de\/es\/wp-json\/wp\/v2\/media?parent=1021431"}],"wp:term":[{"taxonomy":"product_brand","embeddable":true,"href":"https:\/\/vimaterial.de\/es\/wp-json\/wp\/v2\/product_brand?post=1021431"},{"taxonomy":"product_cat","embeddable":true,"href":"https:\/\/vimaterial.de\/es\/wp-json\/wp\/v2\/product_cat?post=1021431"},{"taxonomy":"product_tag","embeddable":true,"href":"https:\/\/vimaterial.de\/es\/wp-json\/wp\/v2\/product_tag?post=1021431"}],"curies":[{"name":"wp","href":"https:\/\/api.w.org\/{rel}","templated":true}]}}