{"id":1021425,"date":"2024-06-17T15:36:34","date_gmt":"2024-06-17T07:36:34","guid":{"rendered":"https:\/\/vimaterial.de\/product\/telururo-de-indio\/"},"modified":"2024-10-31T10:10:06","modified_gmt":"2024-10-31T02:10:06","slug":"telururo-de-indio","status":"publish","type":"product","link":"https:\/\/vimaterial.de\/es\/product\/telururo-de-indio\/","title":{"rendered":"Telururo de indio"},"content":{"rendered":"<p>El polvo de teluro de indio es un polvo compuesto que consta de indio (In) y telurio (Te).<\/p>\n<h3>Propiedades b\u00e1sicas<\/h3>\n<p>Aspecto: Los polvos InTe suelen ser de color gris o negro.<\/p>\n<p>Densidad: La densidad te\u00f3rica de InTe es de aproximadamente 6,24 g\/cm\u00b3.<\/p>\n<p>Punto de fusi\u00f3n: InTe tiene un punto de fusi\u00f3n de aproximadamente 790 &#8211; 800 \u00b0C.<\/p>\n<p>Conductividad t\u00e9rmica: InTe tiene una conductividad t\u00e9rmica relativamente baja, una propiedad que lo hace potencialmente valioso en aplicaciones donde se requiere aislamiento t\u00e9rmico o flujo de calor controlado.<\/p>\n<p>Propiedades el\u00e9ctricas: El InTe es un material semiconductor y sus propiedades el\u00e9ctricas se ven afectadas por una serie de factores.<\/p>\n<h3>\u00c1reas de aplicaci\u00f3n<\/h3>\n<p>Dispositivos semiconductores: Como material semiconductor, el Telururo de indio se utiliza en la fabricaci\u00f3n de una variedad de dispositivos electr\u00f3nicos como transistores, transistores de efecto de campo (FET) y circuitos integrados.<\/p>\n<p>Optoelectr\u00f3nica: Debido a sus propiedades \u00f3pticas, el Telururo de indio se puede utilizar para fabricar dispositivos optoelectr\u00f3nicos como fotodetectores, diodos emisores de luz (LED) y diodos l\u00e1ser.<\/p>\n<p>Termoel\u00e9ctricos: Las propiedades semiconductoras y t\u00e9rmicas del InTe lo convierten en uno de los candidatos para materiales termoel\u00e9ctricos. Los materiales termoel\u00e9ctricos permiten la conversi\u00f3n directa entre energ\u00eda t\u00e9rmica y el\u00e9ctrica.<\/p>\n<p>Catalizadores: Los polvos de InTe se pueden utilizar como catalizadores o portadores de catalizadores en ciertas reacciones qu\u00edmicas. Recubrimientos funcionales: Los polvos InTe se pueden utilizar para la preparaci\u00f3n de recubrimientos funcionales, como recubrimientos t\u00e9rmicos o antioxidantes en superficies met\u00e1licas.<\/p>\n","protected":false},"excerpt":{"rendered":"<p>El polvo de Telururo de indio es un polvo compuesto que consta de indio (In) y telurio (Te).<\/p>\n<p>Dispositivos semiconductores: Como material semiconductor, el Telururo de indio se utiliza en la fabricaci\u00f3n de una variedad de dispositivos electr\u00f3nicos como transistores, transistores de efecto de campo (FET) y circuitos integrados.<\/p>\n<p>Optoelectr\u00f3nica: En base a sus propiedades \u00f3pticas, InTe se puede utilizar para fabricar dispositivos optoelectr\u00f3nicos como fotodetectores, diodos emisores de luz (LED) y diodos l\u00e1ser.<\/p>\n","protected":false},"featured_media":1032297,"comment_status":"open","ping_status":"closed","template":"","meta":{"_acf_changed":false},"product_brand":[],"product_cat":[181],"product_tag":[],"class_list":{"0":"post-1021425","1":"product","2":"type-product","3":"status-publish","4":"has-post-thumbnail","6":"product_cat-materiales-calcogenuros","8":"first","9":"instock","10":"shipping-taxable","11":"product-type-variable"},"acf":[],"_links":{"self":[{"href":"https:\/\/vimaterial.de\/es\/wp-json\/wp\/v2\/product\/1021425","targetHints":{"allow":["GET"]}}],"collection":[{"href":"https:\/\/vimaterial.de\/es\/wp-json\/wp\/v2\/product"}],"about":[{"href":"https:\/\/vimaterial.de\/es\/wp-json\/wp\/v2\/types\/product"}],"replies":[{"embeddable":true,"href":"https:\/\/vimaterial.de\/es\/wp-json\/wp\/v2\/comments?post=1021425"}],"wp:featuredmedia":[{"embeddable":true,"href":"https:\/\/vimaterial.de\/es\/wp-json\/wp\/v2\/media\/1032297"}],"wp:attachment":[{"href":"https:\/\/vimaterial.de\/es\/wp-json\/wp\/v2\/media?parent=1021425"}],"wp:term":[{"taxonomy":"product_brand","embeddable":true,"href":"https:\/\/vimaterial.de\/es\/wp-json\/wp\/v2\/product_brand?post=1021425"},{"taxonomy":"product_cat","embeddable":true,"href":"https:\/\/vimaterial.de\/es\/wp-json\/wp\/v2\/product_cat?post=1021425"},{"taxonomy":"product_tag","embeddable":true,"href":"https:\/\/vimaterial.de\/es\/wp-json\/wp\/v2\/product_tag?post=1021425"}],"curies":[{"name":"wp","href":"https:\/\/api.w.org\/{rel}","templated":true}]}}