{"id":1021366,"date":"2024-06-17T15:26:12","date_gmt":"2024-06-17T07:26:12","guid":{"rendered":"https:\/\/vimaterial.de\/product\/cloruro-de-niobio\/"},"modified":"2024-09-25T17:44:02","modified_gmt":"2024-09-25T09:44:02","slug":"cloruro-de-niobio","status":"publish","type":"product","link":"https:\/\/vimaterial.de\/es\/product\/cloruro-de-niobio\/","title":{"rendered":"Cloruro de niobio"},"content":{"rendered":"<p>El cloruro de niobio (NbCl\u2085), tambi\u00e9n conocido como pentacloruro de niobio, es un compuesto inorg\u00e1nico compuesto de niobio y cloro. Por lo general, se encuentra en forma de cristal amarillo o polvo y se usa ampliamente en varios procesos qu\u00edmicos, particularmente en los campos de la s\u00edntesis org\u00e1nica y la ciencia de los materiales.<\/p>\n<p>Aplicaciones Cat\u00e1lisis: NbCl\u2085 se usa com\u00fanmente como catalizador de \u00e1cido de Lewis en s\u00edntesis org\u00e1nica. Facilita reacciones como las acilaciones y alquilaciones de Friedel-Crafts, as\u00ed como otros procesos de polimerizaci\u00f3n y condensaci\u00f3n.<br \/>\nCiencia de los materiales: Sirve como precursor para la producci\u00f3n de niobio met\u00e1lico y otros compuestos a base de niobio. Tambi\u00e9n se utiliza en el proceso de deposici\u00f3n qu\u00edmica de vapor (CVD) para crear pel\u00edculas delgadas de \u00f3xido de niobio o nitruro de niobio.<br \/>\nSuperconductores: Los compuestos de niobio, derivados de NbCl\u2085, son cruciales en la producci\u00f3n de materiales superconductores, incluidas las aleaciones de niobio-titanio utilizadas en m\u00e1quinas de resonancia magn\u00e9tica y aceleradores de part\u00edculas Propiedades Reactividad: NbCl\u2085 es altamente reactivo y puede hidrolizarse en presencia de humedad para formar oxicloruros de niobio y \u00e1cido clorh\u00eddrico. Por lo tanto, debe manipularse en una atm\u00f3sfera seca e inerte para evitar la degradaci\u00f3n.<\/p>\n<p>Color y solubilidad: El NbCl\u2085 tiene un aspecto amarillo y es soluble en disolventes polares como el etanol y la acetona.<br \/>\nVolatilidad: Es vol\u00e1til, lo que lo hace \u00fatil en t\u00e9cnicas de deposici\u00f3n en fase de vapor como CVD, donde se puede usar para recubrir superficies con pel\u00edculas que contienen niobio.<br \/>\nDebido a sus propiedades qu\u00edmicas vers\u00e1tiles, el cloruro de niobio es un reactivo importante en la producci\u00f3n de materiales avanzados y la s\u00edntesis org\u00e1nica.<br \/>\nPor lo general, se almacena en condiciones controladas para preservar su reactividad y pureza.<\/p>\n","protected":false},"excerpt":{"rendered":"<p>El cloruro de niobio (NbCl\u2085), tambi\u00e9n conocido como pentacloruro de niobio, es un compuesto inorg\u00e1nico compuesto de niobio y cloro. Por lo general, se encuentra en forma de cristal amarillo o polvo y se usa ampliamente en varios procesos qu\u00edmicos, particularmente en los campos de la s\u00edntesis org\u00e1nica y la ciencia de los materiales.<\/p>\n<p>Debido a sus propiedades qu\u00edmicas vers\u00e1tiles, el cloruro de niobio es un reactivo importante en la producci\u00f3n de materiales avanzados y la s\u00edntesis org\u00e1nica. Por lo general, se almacena en condiciones controladas para preservar su reactividad y pureza.<\/p>\n","protected":false},"featured_media":1031693,"comment_status":"open","ping_status":"closed","template":"","meta":{"_acf_changed":false},"product_brand":[],"product_cat":[182],"product_tag":[],"class_list":{"0":"post-1021366","1":"product","2":"type-product","3":"status-publish","4":"has-post-thumbnail","6":"product_cat-materiales-halogenados","8":"first","9":"instock","10":"shipping-taxable","11":"purchasable","12":"product-type-variable"},"acf":[],"_links":{"self":[{"href":"https:\/\/vimaterial.de\/es\/wp-json\/wp\/v2\/product\/1021366","targetHints":{"allow":["GET"]}}],"collection":[{"href":"https:\/\/vimaterial.de\/es\/wp-json\/wp\/v2\/product"}],"about":[{"href":"https:\/\/vimaterial.de\/es\/wp-json\/wp\/v2\/types\/product"}],"replies":[{"embeddable":true,"href":"https:\/\/vimaterial.de\/es\/wp-json\/wp\/v2\/comments?post=1021366"}],"wp:featuredmedia":[{"embeddable":true,"href":"https:\/\/vimaterial.de\/es\/wp-json\/wp\/v2\/media\/1031693"}],"wp:attachment":[{"href":"https:\/\/vimaterial.de\/es\/wp-json\/wp\/v2\/media?parent=1021366"}],"wp:term":[{"taxonomy":"product_brand","embeddable":true,"href":"https:\/\/vimaterial.de\/es\/wp-json\/wp\/v2\/product_brand?post=1021366"},{"taxonomy":"product_cat","embeddable":true,"href":"https:\/\/vimaterial.de\/es\/wp-json\/wp\/v2\/product_cat?post=1021366"},{"taxonomy":"product_tag","embeddable":true,"href":"https:\/\/vimaterial.de\/es\/wp-json\/wp\/v2\/product_tag?post=1021366"}],"curies":[{"name":"wp","href":"https:\/\/api.w.org\/{rel}","templated":true}]}}