{"id":1021187,"date":"2024-06-17T15:36:36","date_gmt":"2024-06-17T07:36:36","guid":{"rendered":"https:\/\/vimaterial.de\/product\/fosfuro-de-indio\/"},"modified":"2025-01-07T14:02:55","modified_gmt":"2025-01-07T06:02:55","slug":"fosfuro-de-indio","status":"publish","type":"product","link":"https:\/\/vimaterial.de\/es\/product\/fosfuro-de-indio\/","title":{"rendered":"Fosfuro de indio"},"content":{"rendered":"<p>Los objetivos de pulverizaci\u00f3n cat\u00f3dica de fosfuro de indio son materiales de bloque s\u00f3lido de alta pureza hechos de fosfuro de indio, que se utilizan para depositar pel\u00edculas delgadas de alta calidad en el campo de los semiconductores y tienen excelentes propiedades el\u00e9ctricas y \u00f3pticas. VIMATERIAL se especializa en la producci\u00f3n de diversos productos compuestos de indio. Apoya el procesamiento de los materiales entrantes y tiene stock durante todo el a\u00f1o.<\/p>\n<h2><span style=\"font-size: 14pt;\">Propiedades<\/span><\/h2>\n<p>Aspecto: S\u00f3lido gris plateado a temperatura ambiente, el monocristal es cristal c\u00fabico negro. Densidad: 4,81 g\/cm\u00b3 Punto de fusi\u00f3n: 1062 \u00b0C (1944 \u00b0F; 1335K) Constante de red: a = 5,8687 \u00c5 \u00cdndice de refracci\u00f3n: 3,1 en el infrarrojo; 3,55 a 632,8 nm. Dureza: El fosfuro de indio tiene una dureza de aproximadamente 4100 N\/mm\u00b2, medida en la escala de Knoop. Propiedades qu\u00edmicas: Muy ligeramente soluble en \u00e1cidos inorg\u00e1nicos, la hidr\u00f3lisis produce fosfina.<\/p>\n<h2><span style=\"font-size: 14pt;\">\u00bfCu\u00e1l es la aplicaci\u00f3n del objetivo de pulverizaci\u00f3n cat\u00f3dica de fosfuro de indio?<\/span><\/h2>\n<p>El objetivo de pulverizaci\u00f3n de fosfuro de indio tiene una amplia gama de aplicaciones en materiales semiconductores. Se puede utilizar para fabricar dispositivos electr\u00f3nicos de alta velocidad, dispositivos optoelectr\u00f3nicos, dispositivos de microondas, etc. En particular, en la tecnolog\u00eda de comunicaci\u00f3n por fibra \u00f3ptica, el objetivo de pulverizaci\u00f3n cat\u00f3dica de fosfuro de indio es un material importante. La tecnolog\u00eda de comunicaci\u00f3n de fibra \u00f3ptica es una parte importante de la tecnolog\u00eda de comunicaci\u00f3n moderna, y el fosfuro de indio es una parte importante de la tecnolog\u00eda de comunicaci\u00f3n de fibra \u00f3ptica. El objetivo de pulverizaci\u00f3n cat\u00f3dica de fosfuro de indio se puede utilizar para fabricar dispositivos optoelectr\u00f3nicos como moduladores fotoel\u00e9ctricos, l\u00e1seres y detectores, que desempe\u00f1an un papel vital en la tecnolog\u00eda de comunicaci\u00f3n de fibra \u00f3ptica.    <\/p>\n<h2><span style=\"font-size: 14pt;\">\u00bfCu\u00e1les son las ventajas del fosfuro de indio (InP) en comparaci\u00f3n con el arseniuro de galio (GaAs)?<\/span><\/h2>\n<p>(1) El fosfuro de indio tiene las ventajas de una alta velocidad de deriva m\u00e1xima de electrones, un alto ancho de banda prohibida y una alta conductividad t\u00e9rmica. La banda prohibida de transici\u00f3n directa de InP es de 1,34 eV, que corresponde a la banda con la menor p\u00e9rdida de transmisi\u00f3n en la comunicaci\u00f3n \u00f3ptica; la conductividad t\u00e9rmica es m\u00e1s alta que GaAs y el rendimiento de disipaci\u00f3n de calor es mejor; (2) El fosfuro de indio tiene m\u00e1s ventajas que el GaAs en la fabricaci\u00f3n de dispositivos. La alta relaci\u00f3n pico a valle de corriente de los dispositivos InP determina la alta eficiencia de conversi\u00f3n del dispositivo; la constante de tiempo de energ\u00eda inercial de InP es la mitad que la de GaAs, y el l\u00edmite de eficiencia de trabajo es el doble que el de los dispositivos de GaAs; Los dispositivos InP tienen mejores caracter\u00edsticas de ruido; (3) El fosfuro de indio (InP) como material de sustrato tiene las siguientes aplicaciones principales. Los dispositivos optoelectr\u00f3nicos, incluidas las fuentes de luz (LED) y los detectores (fotodetectores de avalanchas APD), se utilizan principalmente en los sistemas de comunicaci\u00f3n de fibra \u00f3ptica; Los l\u00e1seres integrados, detectores y amplificadores \u00f3pticos, etc., son circuitos integrados optoelectr\u00f3nicos y son componentes esenciales de la nueva generaci\u00f3n de sistemas de comunicaci\u00f3n de 40 Gb\/s. <\/p>\n<h2><span style=\"font-size: 14pt;\">Control de calidad<\/span><\/h2>\n<p>Nuestros productos implementan el sistema de gesti\u00f3n de calidad m\u00e1s estricto. Existen estrictos est\u00e1ndares de inspecci\u00f3n para los materiales entrantes, los procesos, las inspecciones finales y las inspecciones de f\u00e1brica. Se adoptar\u00e1n estrictas medidas de aislamiento para el procesamiento no calificado para evitar que los productos no calificados fluyan hacia el siguiente proceso. Las muestras se proporcionar\u00e1n a los clientes de acuerdo con los requisitos del cliente para la reinspecci\u00f3n.   <\/p>\n<h2><span style=\"font-size: 14pt;\">Embalaje y almacenamiento<\/span><\/h2>\n<p>La parte interior se envuelve con materiales blandos y se envasa al vac\u00edo, y la parte exterior se embala en una caja de cart\u00f3n\/madera. El objetivo de pulverizaci\u00f3n cat\u00f3dica de fosfuro de indio debe almacenarse en un ambiente seco y ventilado, evitar la luz solar directa y mantenerse alejado de sustancias corrosivas como \u00e1cidos y \u00e1lcalis. Si la humedad del ambiente de almacenamiento es alta, se puede colocar un desecante en el contenedor de almacenamiento.<\/p>\n","protected":false},"excerpt":{"rendered":"<p>Los objetivos de pulverizaci\u00f3n cat\u00f3dica de fosfuro de indio son materiales de bloque s\u00f3lido de alta pureza hechos de fosfuro de indio, que se utilizan para depositar pel\u00edculas delgadas de alta calidad en el campo de los semiconductores y tienen excelentes propiedades el\u00e9ctricas y \u00f3pticas. VIMATERIAL se especializa en la producci\u00f3n de diversos productos compuestos [&hellip;]<\/p>\n","protected":false},"featured_media":1032347,"comment_status":"open","ping_status":"closed","template":"","meta":{"_acf_changed":false},"product_brand":[],"product_cat":[178],"product_tag":[],"class_list":{"0":"post-1021187","1":"product","2":"type-product","3":"status-publish","4":"has-post-thumbnail","6":"product_cat-catodos-para-sputtering-planar","8":"first","9":"instock","10":"shipping-taxable","11":"product-type-variable"},"acf":[],"_links":{"self":[{"href":"https:\/\/vimaterial.de\/es\/wp-json\/wp\/v2\/product\/1021187","targetHints":{"allow":["GET"]}}],"collection":[{"href":"https:\/\/vimaterial.de\/es\/wp-json\/wp\/v2\/product"}],"about":[{"href":"https:\/\/vimaterial.de\/es\/wp-json\/wp\/v2\/types\/product"}],"replies":[{"embeddable":true,"href":"https:\/\/vimaterial.de\/es\/wp-json\/wp\/v2\/comments?post=1021187"}],"wp:featuredmedia":[{"embeddable":true,"href":"https:\/\/vimaterial.de\/es\/wp-json\/wp\/v2\/media\/1032347"}],"wp:attachment":[{"href":"https:\/\/vimaterial.de\/es\/wp-json\/wp\/v2\/media?parent=1021187"}],"wp:term":[{"taxonomy":"product_brand","embeddable":true,"href":"https:\/\/vimaterial.de\/es\/wp-json\/wp\/v2\/product_brand?post=1021187"},{"taxonomy":"product_cat","embeddable":true,"href":"https:\/\/vimaterial.de\/es\/wp-json\/wp\/v2\/product_cat?post=1021187"},{"taxonomy":"product_tag","embeddable":true,"href":"https:\/\/vimaterial.de\/es\/wp-json\/wp\/v2\/product_tag?post=1021187"}],"curies":[{"name":"wp","href":"https:\/\/api.w.org\/{rel}","templated":true}]}}